{"id":4286,"date":"2022-04-28T15:48:56","date_gmt":"2022-04-28T13:48:56","guid":{"rendered":"https:\/\/antcube.shop\/produkt\/reagenzglas-200x25-mm\/"},"modified":"2026-04-01T12:29:59","modified_gmt":"2026-04-01T10:29:59","slug":"reagenzglas-200x25-mm","status":"publish","type":"product","link":"https:\/\/antcube.shop\/da\/vare\/reagenzglas-200x25-mm\/","title":{"rendered":"Pr\u00f8veglasr\u00f8r 200\u00d725 mm"},"content":{"rendered":"<p><b>St\u00f8rrelse:<\/b><br \/>\nL\u00e6ngde: 200 mm<br \/>\nDiameter: 25 mm (udvendig)<br \/>\nTykkelse 1 mm<\/p>\n<p><b>Beskrivelse:<\/b> Reagensglas af sodakalkglas, tykv\u00e6gget med tykke v\u00e6gge og kant. Kan bruges som redekammer i l\u00e6ngere tid ved at fylde 1\/3 med vand og forsegle det med absorberende bomuld. Ogs\u00e5 velegnet som transportbeholder.<\/p>","protected":false},"excerpt":{"rendered":"<p>St\u00f8rrelse: L\u00e6ngde: 200mm Diameter: 25mm (udvendig) Tykkelse 1mm Beskrivelse: L\u00e6ngde: 200mm Diameter: 25mm (udvendig) Reagensglas af sodakalkglas, tykv\u00e6gget med tykke v\u00e6gge og kant. Kan bruges som redekammer i l\u00e6ngere tid ved at fylde 1\/3 med vand og forsegle med absorberende bomuld. Ogs\u00e5 velegnet som transportbeholder.<\/p>","protected":false},"featured_media":4289,"comment_status":"open","ping_status":"closed","template":"","meta":{"_acf_changed":false,"content-type":"","_monsterinsights_skip_tracking":false,"_monsterinsights_sitenote_active":false,"_monsterinsights_sitenote_note":"","_monsterinsights_sitenote_category":0},"product_brand":[],"product_cat":[237],"product_tag":[],"class_list":{"0":"post-4286","1":"product","2":"type-product","3":"status-publish","4":"has-post-thumbnail","6":"product_cat-tools","8":"first","9":"instock","10":"taxable","11":"shipping-taxable","12":"purchasable","13":"product-type-simple"},"acf":[],"aioseo_notices":[],"jetpack_sharing_enabled":true,"_links":{"self":[{"href":"https:\/\/antcube.shop\/da\/wp-json\/wp\/v2\/product\/4286","targetHints":{"allow":["GET"]}}],"collection":[{"href":"https:\/\/antcube.shop\/da\/wp-json\/wp\/v2\/product"}],"about":[{"href":"https:\/\/antcube.shop\/da\/wp-json\/wp\/v2\/types\/product"}],"replies":[{"embeddable":true,"href":"https:\/\/antcube.shop\/da\/wp-json\/wp\/v2\/comments?post=4286"}],"wp:featuredmedia":[{"embeddable":true,"href":"https:\/\/antcube.shop\/da\/wp-json\/wp\/v2\/media\/4289"}],"wp:attachment":[{"href":"https:\/\/antcube.shop\/da\/wp-json\/wp\/v2\/media?parent=4286"}],"wp:term":[{"taxonomy":"product_brand","embeddable":true,"href":"https:\/\/antcube.shop\/da\/wp-json\/wp\/v2\/product_brand?post=4286"},{"taxonomy":"product_cat","embeddable":true,"href":"https:\/\/antcube.shop\/da\/wp-json\/wp\/v2\/product_cat?post=4286"},{"taxonomy":"product_tag","embeddable":true,"href":"https:\/\/antcube.shop\/da\/wp-json\/wp\/v2\/product_tag?post=4286"}],"curies":[{"name":"wp","href":"https:\/\/api.w.org\/{rel}","templated":true}]}}