{"id":4260,"date":"2022-04-28T14:01:03","date_gmt":"2022-04-28T12:01:03","guid":{"rendered":"https:\/\/antcube.shop\/produkt\/nestrohrchen-rack-18mm\/"},"modified":"2026-03-23T15:57:06","modified_gmt":"2026-03-23T14:57:06","slug":"nestrohrchen-rack-18mm","status":"publish","type":"product","link":"https:\/\/antcube.shop\/da\/vare\/nestrohrchen-rack-18mm\/","title":{"rendered":"R\u00f8rstativ 18mm"},"content":{"rendered":"<p style=\"margin-bottom: 0cm;\"><strong>Dimensioner:<\/strong> 25x12x3 cm<\/p>\n<p><strong>Materialer: <\/strong>PMMA, PVC<\/p>\n<p><strong>Farve: <\/strong>krystalklar, gennemsigtig, gennemsigtig<\/p>\n<p><strong>Indhold:<\/strong><br \/>\n2x boreplade (10x huller)<br \/>\n2x grebsplade<br \/>\n4x elastiske stropper<\/p>\n<p><strong>Bem\u00e6rk: <\/strong>Delene leveres som et s\u00e6t eller som et plug-in-system. Der er ikke behov for limning.<\/p>\n<p><strong>Forbindelse:<\/strong><br \/>\ntil reder\u00f8r med en diameter p\u00e5 18 mm<\/p>\n<p><strong>Beskrivelse:<\/strong> R\u00f8rstativet bruges til omhyggelig opbevaring af r\u00f8r til myreboer. S\u00e6ttet er let at samle.<\/p>\n<p><strong>Anvendelse:<\/strong> Til opbevaring af reder\u00f8r. Velegnet til vores myretue-inkubator<\/p>\n<p><strong>Bem\u00e6rk:<\/strong> For at forbedre stabiliteten ved stabling anbefaler vi brugen af \"T\u00e6tningsring gennemsigtig fleksibel 20-50 mm - 10 stk.\", se artikelanbefaling.<\/p>","protected":false},"excerpt":{"rendered":"<p>til 18mm r\u00f8r til redekasser\u00f8r<\/p>","protected":false},"featured_media":4277,"comment_status":"open","ping_status":"closed","template":"","meta":{"_acf_changed":false,"content-type":"","_monsterinsights_skip_tracking":false,"_monsterinsights_sitenote_active":false,"_monsterinsights_sitenote_note":"","_monsterinsights_sitenote_category":0},"product_brand":[],"product_cat":[237],"product_tag":[],"class_list":{"0":"post-4260","1":"product","2":"type-product","3":"status-publish","4":"has-post-thumbnail","6":"product_cat-tools","8":"first","9":"instock","10":"taxable","11":"shipping-taxable","12":"purchasable","13":"product-type-simple"},"acf":[],"aioseo_notices":[],"jetpack_sharing_enabled":true,"_links":{"self":[{"href":"https:\/\/antcube.shop\/da\/wp-json\/wp\/v2\/product\/4260","targetHints":{"allow":["GET"]}}],"collection":[{"href":"https:\/\/antcube.shop\/da\/wp-json\/wp\/v2\/product"}],"about":[{"href":"https:\/\/antcube.shop\/da\/wp-json\/wp\/v2\/types\/product"}],"replies":[{"embeddable":true,"href":"https:\/\/antcube.shop\/da\/wp-json\/wp\/v2\/comments?post=4260"}],"wp:featuredmedia":[{"embeddable":true,"href":"https:\/\/antcube.shop\/da\/wp-json\/wp\/v2\/media\/4277"}],"wp:attachment":[{"href":"https:\/\/antcube.shop\/da\/wp-json\/wp\/v2\/media?parent=4260"}],"wp:term":[{"taxonomy":"product_brand","embeddable":true,"href":"https:\/\/antcube.shop\/da\/wp-json\/wp\/v2\/product_brand?post=4260"},{"taxonomy":"product_cat","embeddable":true,"href":"https:\/\/antcube.shop\/da\/wp-json\/wp\/v2\/product_cat?post=4260"},{"taxonomy":"product_tag","embeddable":true,"href":"https:\/\/antcube.shop\/da\/wp-json\/wp\/v2\/product_tag?post=4260"}],"curies":[{"name":"wp","href":"https:\/\/api.w.org\/{rel}","templated":true}]}}