{"id":4258,"date":"2022-04-28T14:00:36","date_gmt":"2022-04-28T12:00:36","guid":{"rendered":"https:\/\/antcube.shop\/produkt\/ameisen-inkubator\/"},"modified":"2026-02-09T16:16:28","modified_gmt":"2026-02-09T15:16:28","slug":"ameisen-inkubator","status":"publish","type":"product","link":"https:\/\/antcube.shop\/da\/vare\/ameisen-inkubator\/","title":{"rendered":"Myrenes inkubator"},"content":{"rendered":"<p><strong>St\u00f8rrelse:\u00a0<\/strong>Enhedsst\u00f8rrelse: 40\u00d739,5\u00d748 cm ; Indvendigt: 32\u00d722,5\u00d737 cm<\/p>\n<p><strong>Farve:<\/strong> Sort<\/p>\n<p><strong>Tekniske specifikationer:<\/strong><br \/>\nSp\u00e6nding: 220-240V, 50Hz<br \/>\nEffekt: 70W<br \/>\nKabell\u00e6ngde netkabel: 1.60m<br \/>\nTemperaturomr\u00e5de: 5\u00b0C - 40\u00b0C<\/p>\n<p><strong>Materiale:<\/strong> Metal, glas<\/p>\n<p><strong>Beskrivelse:<\/strong><br \/>\nDenne myreinkubator er ikke kun meget velegnet til opdr\u00e6t af myrekolonier fra tropiske omr\u00e5der, men ogs\u00e5 til myrekolonier i dvale.<br \/>\nDen har en temperaturregulator med digitalt display og en udtagelig mellemhylde for at f\u00e5 mere plads. Temperaturen kan indstilles og \u00e6ndres efter behov. Apparatet kan b\u00e5de k\u00f8le (til ca. 5 \u00b0C) og varme (op til ca. 40 \u00b0C). Det justerbare temperaturomr\u00e5de er ca. 5\u00b0C-40\u00b0C. Det kan derfor ogs\u00e5 bruges til overvintring af indf\u00f8dte myrer.<\/p>\n<p><strong>Fordele:<\/strong><br \/>\nOfte st\u00e5r du over for sp\u00f8rgsm\u00e5let om, hvordan du opbevarer myrer til vinterhi ukompliceret ved den rigtige temperatur. K\u00f8leskabet er alligevel for fyldt, p\u00e5 altanen kan det blive for koldt for dyrene, og i k\u00e6lderen er det ogs\u00e5 trangt, eller man har ikke nok kontrol.<br \/>\n<strong>Her er l\u00f8sningen:<\/strong> Du kan enten lade dyrene overvintre i inkubatoren med vores reder\u00f8rsstativer i reagensglas, i dette tilf\u00e6lde endda op til 100 kolonier p\u00e5 samme tid, eller sammen med hele ANTCUBE Formicarium. For eksempel vores ANTCUBE Arena Combi, der passer helt ind i den. Men ogs\u00e5 et starts\u00e6t med arena 20x20x10 og 2 reder 20\u00d720 ville have plads nok.<br \/>\nOgs\u00e5 opbevaring og transport med bilen, f.eks. under en sv\u00e6rmflugt, flytning eller transport af de s\u00e6rligt f\u00f8lsomme bladsk\u00e6rermyrer, er muligt.<br \/>\nDe praktiske stativer til reagensglas (redekasser) f\u00e5s i tre forskellige st\u00f8rrelser. Her er vores anbefaling:<\/p>\n<p><strong>Anbefaling:<\/strong><br \/>\nPladsen i kuv\u00f8sen er velegnet til:<br \/>\nOp til 24x krikelpr\u00f8ver\u00f8r\/ eller 24x opsamlingsboksen gennemsigtig 115x115x55<br \/>\nTil myrer i reder\u00f8r anbefaler vi reder\u00f8rsstativer til opbevaring<br \/>\nPasser ind i det indre:<br \/>\n- stativ til 16mm = 12 stk. eller 120 r\u00f8r med 16mm diameter<br \/>\n- R\u00f8rstativ til 18 mm = 12 stk. eller 120 r\u00f8r med 18 mm diameter i reoler<br \/>\n- R\u00f8rstativ til 25 mm = 9 stk. eller 54 r\u00f8r med 25 mm diameter i reoler<\/p>\n<p><strong>Bem\u00e6rk:<\/strong><br \/>\n- Opstil den ikke i direkte sollys eller ved siden af en varmekilde, da eksterne temperatursvingninger p\u00e5virker den interne temperatur.<br \/>\n- Opstil apparatet p\u00e5 et t\u00f8rt sted, hvor temperaturen er s\u00e5 konstant som muligt.<br \/>\n- Ventilatorerne skal kunne rotere frit<br \/>\n- Luftoverfladerne skal forblive frie<br \/>\n- Tjek regelm\u00e6ssigt for skader -&gt; hvis de er der, skal du straks stoppe driften<br \/>\n- Inkubatoren kan dobbeltbeskyttes med en ekstra Thermo Control II eller Thermo Control Pro II. En tilsvarende gennemf\u00f8ring er placeret p\u00e5 bagsiden af apparatet.<\/p>\n<p><strong>Bem\u00e6rk: <\/strong>20.01.2025 - Produktopdatering - ny model<\/p>","protected":false},"excerpt":{"rendered":"<p>St\u00f8rrelse: Enhedsst\u00f8rrelse: 40\u00d739,5\u00d748 cm ; Indvendigt: 32\u00d722,5\u00d737 cm Farve: Sort Tekniske specifikationer: Sp\u00e6nding: 220-240V, 50Hz Effekt: 70W Kabell\u00e6ngde netkabel: 1,60 m Temperaturomr\u00e5de: 5\u00b0C - 40\u00b0C Materiale: Metal, glas Beskrivelse: Denne myreinkubator er ikke kun meget velegnet til opdr\u00e6t af myrekolonier fra tropiske omr\u00e5der, men ogs\u00e5 til myrekolonier i dvale. Den har [...]","protected":false},"featured_media":11099,"comment_status":"open","ping_status":"closed","template":"","meta":{"_acf_changed":false,"content-type":"","_monsterinsights_skip_tracking":false,"_monsterinsights_sitenote_active":false,"_monsterinsights_sitenote_note":"","_monsterinsights_sitenote_category":0},"product_brand":[],"product_cat":[237],"product_tag":[],"class_list":{"0":"post-4258","1":"product","2":"type-product","3":"status-publish","4":"has-post-thumbnail","6":"product_cat-tools","8":"first","9":"outofstock","10":"taxable","11":"shipping-taxable","12":"purchasable","13":"product-type-simple"},"acf":[],"aioseo_notices":[],"jetpack_sharing_enabled":true,"_links":{"self":[{"href":"https:\/\/antcube.shop\/da\/wp-json\/wp\/v2\/product\/4258","targetHints":{"allow":["GET"]}}],"collection":[{"href":"https:\/\/antcube.shop\/da\/wp-json\/wp\/v2\/product"}],"about":[{"href":"https:\/\/antcube.shop\/da\/wp-json\/wp\/v2\/types\/product"}],"replies":[{"embeddable":true,"href":"https:\/\/antcube.shop\/da\/wp-json\/wp\/v2\/comments?post=4258"}],"wp:featuredmedia":[{"embeddable":true,"href":"https:\/\/antcube.shop\/da\/wp-json\/wp\/v2\/media\/11099"}],"wp:attachment":[{"href":"https:\/\/antcube.shop\/da\/wp-json\/wp\/v2\/media?parent=4258"}],"wp:term":[{"taxonomy":"product_brand","embeddable":true,"href":"https:\/\/antcube.shop\/da\/wp-json\/wp\/v2\/product_brand?post=4258"},{"taxonomy":"product_cat","embeddable":true,"href":"https:\/\/antcube.shop\/da\/wp-json\/wp\/v2\/product_cat?post=4258"},{"taxonomy":"product_tag","embeddable":true,"href":"https:\/\/antcube.shop\/da\/wp-json\/wp\/v2\/product_tag?post=4258"}],"curies":[{"name":"wp","href":"https:\/\/api.w.org\/{rel}","templated":true}]}}