{"id":4175,"date":"2022-03-14T17:24:15","date_gmt":"2022-03-14T16:24:15","guid":{"rendered":"https:\/\/antcube.shop\/produkt\/candy-ant-snack-20g\/"},"modified":"2026-04-09T13:59:25","modified_gmt":"2026-04-09T11:59:25","slug":"slik-ant-snack-20g","status":"publish","type":"product","link":"https:\/\/antcube.shop\/da\/vare\/slik-ant-snack-20g\/","title":{"rendered":"Candy Ant Snack - 20g"},"content":{"rendered":"<p><strong>Indhold:<\/strong><br \/>\n20g<\/p>\n<p><strong>Beskrivelse:<\/strong><br \/>\nDette er et rent naturprodukt. Vores Candy Ant Snack, lavet af \u00f8kologisk dyrkede Acheta domesticus, overtrukket med \u00f8kologisk honning.<br \/>\nLetford\u00f8jelig. Takket v\u00e6re proteinerne af h\u00f8j kvalitet er det n\u00e6sten en komplet f\u00f8de (erstatter honning\/sukker og proteiner) for de fleste myrearter som Lasius sp., Camponotus sp. eller Messor sp. osv. Myrerne elsker det. Det erstatter ikke det ferskvand, som myrerne har brug for. Det erstatter heller ikke behovet for levende proteiner, som f.eks. sm\u00e5 insekter.<\/p>\n<p>Dette tilskudsfoder er fuld af kraftprotein og indeholder ca. 50% rent naturligt protein.<br \/>\nDesuden er produktet blevet fodret med pesticidfrit organisk planteaffald, hvilket har en h\u00f8j \u00f8kologisk v\u00e6rdi, da der bruges mindre energi og vand i produktionen.<\/p>\n<p>Den ekstra v\u00e6rdi for alle myrerelskere er kombinationen af naturligt protein og overtr\u00e6kket med naturlig honning. Myrerne elsker og har brug for dette for at sikre en god udvikling af yngel og en sund v\u00e6kst i kolonien.<\/p>\n<p><strong>Anvendelse:<\/strong><br \/>\nTil fodring skal Candy Ant Snack deles op i mindre portioner eller opl\u00f8ses i vand.<\/p>\n<p><strong>Indeholder:<\/strong><br \/>\nNaturligt t\u00f8rret Acheta domesticus overtrukket med \u00f8kologisk honning. Ikke beregnet til menneskef\u00f8de. Kun til myrer.<br \/>\nOmtrentligt blandingsforhold 70% Acheta domesticus og 30% honning.<\/p>\n<p><strong>Opbevaring:<\/strong><br \/>\nKan genlukkes. Opbevares p\u00e5 et m\u00f8rkt, k\u00f8ligt og t\u00f8rt sted.<\/p>\n<p><strong>Bem\u00e6rk:<\/strong><br \/>\nSupplerende f\u00f8de til myrer.<br \/>\nSe indl\u00e6gssedlen for at f\u00e5 oplysninger om sammens\u00e6tning, analytiske ingredienser, holdbarhedsdato og partinummer.<\/p>\n<p>Informationshotline +49 30 439703870<\/p>\n<p>Ansvarlig veterin\u00e6r- og f\u00f8devareinspektorat:<br \/>\nSteglitz Veterin\u00e6rkontor<br \/>\nK\u00f6nigin-Luise-Str. 92<br \/>\n14195 Berlin<\/p>","protected":false},"excerpt":{"rendered":"<p>Supplerende f\u00f8devarer<\/p>","protected":false},"featured_media":4182,"comment_status":"open","ping_status":"closed","template":"","meta":{"_acf_changed":false,"content-type":"","_monsterinsights_skip_tracking":false,"_monsterinsights_sitenote_active":false,"_monsterinsights_sitenote_note":"","_monsterinsights_sitenote_category":0},"product_brand":[],"product_cat":[115,116],"product_tag":[],"class_list":{"0":"post-4175","1":"product","2":"type-product","3":"status-publish","4":"has-post-thumbnail","6":"product_cat-food-and-feeding","7":"product_cat-food","9":"first","10":"instock","11":"taxable","12":"shipping-taxable","13":"purchasable","14":"product-type-simple"},"acf":[],"aioseo_notices":[],"jetpack_sharing_enabled":true,"_links":{"self":[{"href":"https:\/\/antcube.shop\/da\/wp-json\/wp\/v2\/product\/4175","targetHints":{"allow":["GET"]}}],"collection":[{"href":"https:\/\/antcube.shop\/da\/wp-json\/wp\/v2\/product"}],"about":[{"href":"https:\/\/antcube.shop\/da\/wp-json\/wp\/v2\/types\/product"}],"replies":[{"embeddable":true,"href":"https:\/\/antcube.shop\/da\/wp-json\/wp\/v2\/comments?post=4175"}],"wp:featuredmedia":[{"embeddable":true,"href":"https:\/\/antcube.shop\/da\/wp-json\/wp\/v2\/media\/4182"}],"wp:attachment":[{"href":"https:\/\/antcube.shop\/da\/wp-json\/wp\/v2\/media?parent=4175"}],"wp:term":[{"taxonomy":"product_brand","embeddable":true,"href":"https:\/\/antcube.shop\/da\/wp-json\/wp\/v2\/product_brand?post=4175"},{"taxonomy":"product_cat","embeddable":true,"href":"https:\/\/antcube.shop\/da\/wp-json\/wp\/v2\/product_cat?post=4175"},{"taxonomy":"product_tag","embeddable":true,"href":"https:\/\/antcube.shop\/da\/wp-json\/wp\/v2\/product_tag?post=4175"}],"curies":[{"name":"wp","href":"https:\/\/api.w.org\/{rel}","templated":true}]}}