{"id":4165,"date":"2022-02-28T11:41:35","date_gmt":"2022-02-28T10:41:35","guid":{"rendered":"https:\/\/antcube.shop\/produkt\/fixier-punkte-8-st\/"},"modified":"2026-04-05T12:30:31","modified_gmt":"2026-04-05T10:30:31","slug":"fixier-punkte-8-st","status":"publish","type":"product","link":"https:\/\/antcube.shop\/da\/vare\/fixier-punkte-8-st\/","title":{"rendered":"Fastg\u00f8relsespunkter - 8 stk."},"content":{"rendered":"<p><strong>M\u00e5l (LxBxH):<\/strong> 12x12x3 mm (gennem trapezform p\u00e5 toppen 10x10 mm).<\/p>\n<p><strong>Materiale:<\/strong> polyurethan uden bl\u00f8dg\u00f8rere med kl\u00e6bende akrylat<\/p>\n<p><strong>Farve:<\/strong> gennemsigtig<\/p>\n<p><strong>Indhold:<\/strong><br \/>\n8x fikseringspunkter<\/p>\n<p><strong>Beskrivelse:<\/strong> Til vores d\u00e6kning af myrearenaen. Fastg\u00f8relsespunkterne er limet fast i bunden af d\u00e6kslet for at forhindre, at det glider af arenaen. Punkterne kan ogs\u00e5 bruges som f\u00f8dder til arenaen og ogs\u00e5 til indvendige endearenaindsatser for at beskytte dem mod at v\u00e6lte.<\/p>","protected":false},"excerpt":{"rendered":"<p>M\u00e5l (LxBxH): 12x12x3 mm (gennem trapezform p\u00e5 toppen 10x10mm). Materiale: polyurethan uden bl\u00f8dg\u00f8rere med kl\u00e6bende akrylat Farve: gennemsigtig Indhold: Beskrivelse: 8x fikseringspunkter: Til vores myre arena cover. Fikseringspunkterne limes fast i bunden af d\u00e6kslet for at forhindre, at det glider af arenaen. Punkterne kan ogs\u00e5 bruges som","protected":false},"featured_media":4178,"comment_status":"open","ping_status":"closed","template":"","meta":{"_acf_changed":false,"content-type":"","_monsterinsights_skip_tracking":false,"_monsterinsights_sitenote_active":false,"_monsterinsights_sitenote_note":"","_monsterinsights_sitenote_category":0},"product_brand":[],"product_cat":[92,237],"product_tag":[],"class_list":{"0":"post-4165","1":"product","2":"type-product","3":"status-publish","4":"has-post-thumbnail","6":"product_cat-arena-cover","7":"product_cat-tools","9":"first","10":"instock","11":"taxable","12":"shipping-taxable","13":"purchasable","14":"product-type-simple"},"acf":[],"aioseo_notices":[],"jetpack_sharing_enabled":true,"_links":{"self":[{"href":"https:\/\/antcube.shop\/da\/wp-json\/wp\/v2\/product\/4165","targetHints":{"allow":["GET"]}}],"collection":[{"href":"https:\/\/antcube.shop\/da\/wp-json\/wp\/v2\/product"}],"about":[{"href":"https:\/\/antcube.shop\/da\/wp-json\/wp\/v2\/types\/product"}],"replies":[{"embeddable":true,"href":"https:\/\/antcube.shop\/da\/wp-json\/wp\/v2\/comments?post=4165"}],"wp:featuredmedia":[{"embeddable":true,"href":"https:\/\/antcube.shop\/da\/wp-json\/wp\/v2\/media\/4178"}],"wp:attachment":[{"href":"https:\/\/antcube.shop\/da\/wp-json\/wp\/v2\/media?parent=4165"}],"wp:term":[{"taxonomy":"product_brand","embeddable":true,"href":"https:\/\/antcube.shop\/da\/wp-json\/wp\/v2\/product_brand?post=4165"},{"taxonomy":"product_cat","embeddable":true,"href":"https:\/\/antcube.shop\/da\/wp-json\/wp\/v2\/product_cat?post=4165"},{"taxonomy":"product_tag","embeddable":true,"href":"https:\/\/antcube.shop\/da\/wp-json\/wp\/v2\/product_tag?post=4165"}],"curies":[{"name":"wp","href":"https:\/\/api.w.org\/{rel}","templated":true}]}}