{"id":4145,"date":"2022-02-14T15:54:25","date_gmt":"2022-02-14T14:54:25","guid":{"rendered":"https:\/\/antcube.shop\/produkt\/ant-nuggets-20g\/"},"modified":"2026-04-14T09:35:31","modified_gmt":"2026-04-14T07:35:31","slug":"myre-nuggets-20g","status":"publish","type":"product","link":"https:\/\/antcube.shop\/da\/vare\/myre-nuggets-20g\/","title":{"rendered":"Myrenuggets - 20g"},"content":{"rendered":"<p><strong>Indhold:<\/strong><br \/>\n20g<\/p>\n<p><strong>Beskrivelse:<\/strong><br \/>\nDette er et rent naturprodukt. Vores myreklumper blev omhyggeligt indsamlet i den vilde natur i Bulgarien af biavlere. Let ford\u00f8jelse p\u00e5 grund af naturlig fermentering. Takket v\u00e6re proteiner af h\u00f8j kvalitet er det n\u00e6sten et komplet foder (erstatter honning\/sukker og proteiner) for de fleste formicoide myrearter som Lasius sp., Camponotus sp. eller Messor sp. og selv bladsk\u00e6rermyrer elsker det. Det erstatter ikke det ferskvand, som myrer har brug for. Det erstatter heller ikke behovet for levende proteiner, f.eks. sm\u00e5 insekter.<\/p>\n<p><strong>Anvendelse:<\/strong><br \/>\nTil fodring skal Ant Nuggets deles i mindre portioner eller opl\u00f8ses i vand.<\/p>\n<p><strong>Indeholder:<\/strong><br \/>\n100% naturligt fermenteret blomsterpollen. Ikke beregnet til menneskef\u00f8de. Kun til myrer.<\/p>\n<p><strong>Opbevaring:<\/strong><br \/>\nKan genlukkes. Opbevares p\u00e5 et m\u00f8rkt, k\u00f8ligt og t\u00f8rt sted.<\/p>\n<p><strong>Bem\u00e6rk:<\/strong><br \/>\nSupplerende f\u00f8de til myrer.<br \/>\nSe indl\u00e6gssedlen for at f\u00e5 oplysninger om sammens\u00e6tning, analytiske ingredienser, holdbarhedsdato og partinummer.<\/p>\n<p>Informationshotline +49 30 439703870<\/p>\n<p>Ansvarlig veterin\u00e6r- og f\u00f8devareinspektorat:<br \/>\nSteglitz Veterin\u00e6rkontor<br \/>\nK\u00f6nigin-Luise-Str. 92<br \/>\n14195 Berlin<\/p>","protected":false},"excerpt":{"rendered":"<p>Supplerende f\u00f8devarer<\/p>","protected":false},"featured_media":4149,"comment_status":"open","ping_status":"closed","template":"","meta":{"_acf_changed":false,"content-type":"","_monsterinsights_skip_tracking":false,"_monsterinsights_sitenote_active":false,"_monsterinsights_sitenote_note":"","_monsterinsights_sitenote_category":0},"product_brand":[],"product_cat":[115,116],"product_tag":[],"class_list":{"0":"post-4145","1":"product","2":"type-product","3":"status-publish","4":"has-post-thumbnail","6":"product_cat-food-and-feeding","7":"product_cat-food","9":"first","10":"instock","11":"taxable","12":"shipping-taxable","13":"purchasable","14":"product-type-simple"},"acf":[],"aioseo_notices":[],"jetpack_sharing_enabled":true,"_links":{"self":[{"href":"https:\/\/antcube.shop\/da\/wp-json\/wp\/v2\/product\/4145","targetHints":{"allow":["GET"]}}],"collection":[{"href":"https:\/\/antcube.shop\/da\/wp-json\/wp\/v2\/product"}],"about":[{"href":"https:\/\/antcube.shop\/da\/wp-json\/wp\/v2\/types\/product"}],"replies":[{"embeddable":true,"href":"https:\/\/antcube.shop\/da\/wp-json\/wp\/v2\/comments?post=4145"}],"wp:featuredmedia":[{"embeddable":true,"href":"https:\/\/antcube.shop\/da\/wp-json\/wp\/v2\/media\/4149"}],"wp:attachment":[{"href":"https:\/\/antcube.shop\/da\/wp-json\/wp\/v2\/media?parent=4145"}],"wp:term":[{"taxonomy":"product_brand","embeddable":true,"href":"https:\/\/antcube.shop\/da\/wp-json\/wp\/v2\/product_brand?post=4145"},{"taxonomy":"product_cat","embeddable":true,"href":"https:\/\/antcube.shop\/da\/wp-json\/wp\/v2\/product_cat?post=4145"},{"taxonomy":"product_tag","embeddable":true,"href":"https:\/\/antcube.shop\/da\/wp-json\/wp\/v2\/product_tag?post=4145"}],"curies":[{"name":"wp","href":"https:\/\/api.w.org\/{rel}","templated":true}]}}