{"id":4143,"date":"2022-02-14T15:34:07","date_gmt":"2022-02-14T14:34:07","guid":{"rendered":"https:\/\/antcube.shop\/produkt\/bodengrund-sand-lehm-weis-200g\/"},"modified":"2026-04-04T03:59:10","modified_gmt":"2026-04-04T01:59:10","slug":"bodengrund-sand-lehm-weis-200g","status":"publish","type":"product","link":"https:\/\/antcube.shop\/da\/vare\/bodengrund-sand-lehm-weis-200g\/","title":{"rendered":"jord - sand lermasse blanding hvid - 200g"},"content":{"rendered":"<p><strong>Indhold:<\/strong> 200g<\/p>\n<p><strong>Materiale:<\/strong> sand, kalk, kalkbinding<\/p>\n<p><strong>Farve:<\/strong> hvid<\/p>\n<p><strong>Blandingsforhold:<\/strong> diggable<\/p>\n<p><strong>Beskrivelse:<\/strong> Denne f\u00e6rdige sand-ler-blanding er et rent naturprodukt. Farven kommer fra hvidt kalksand. Styrken kommer fra en bindende kalkblanding, som er uskadelig for dyrene.<\/p>\n<p><strong>Anvendelse:<\/strong> Gravejord, kan bruges til rede- og arenaomr\u00e5der! Har \u00f8get styrke i forhold til jord-beige, selv i v\u00e5d tilstand.<\/p>\n<p><strong>Bem\u00e6rk:<\/strong> da dette er et rent naturprodukt, kan der forekomme sm\u00e5 forskelle i farve og struktur, som vi ikke kan p\u00e5virke.<\/p>\n<p><strong>Vigtigt:<\/strong> Fugt substratet f\u00f8r brug, s\u00e5 blandingen kan samle sig og f\u00e5 et fast greb i myretuen. Desuden kan for t\u00f8rt og st\u00f8vet substrat f\u00f8re til, at myrernes luftveje blokeres, og i v\u00e6rste fald kan dyrene kv\u00e6les.<\/p>","protected":false},"excerpt":{"rendered":"<p>Naturligt substrat - kan graves<\/p>","protected":false},"featured_media":4386,"comment_status":"open","ping_status":"closed","template":"","meta":{"_acf_changed":false,"content-type":"","_monsterinsights_skip_tracking":false,"_monsterinsights_sitenote_active":false,"_monsterinsights_sitenote_note":"","_monsterinsights_sitenote_category":0},"product_brand":[],"product_cat":[96],"product_tag":[],"class_list":{"0":"post-4143","1":"product","2":"type-product","3":"status-publish","4":"has-post-thumbnail","6":"product_cat-soil","8":"first","9":"instock","10":"taxable","11":"shipping-taxable","12":"purchasable","13":"product-type-simple"},"acf":[],"aioseo_notices":[],"jetpack_sharing_enabled":true,"_links":{"self":[{"href":"https:\/\/antcube.shop\/da\/wp-json\/wp\/v2\/product\/4143","targetHints":{"allow":["GET"]}}],"collection":[{"href":"https:\/\/antcube.shop\/da\/wp-json\/wp\/v2\/product"}],"about":[{"href":"https:\/\/antcube.shop\/da\/wp-json\/wp\/v2\/types\/product"}],"replies":[{"embeddable":true,"href":"https:\/\/antcube.shop\/da\/wp-json\/wp\/v2\/comments?post=4143"}],"wp:featuredmedia":[{"embeddable":true,"href":"https:\/\/antcube.shop\/da\/wp-json\/wp\/v2\/media\/4386"}],"wp:attachment":[{"href":"https:\/\/antcube.shop\/da\/wp-json\/wp\/v2\/media?parent=4143"}],"wp:term":[{"taxonomy":"product_brand","embeddable":true,"href":"https:\/\/antcube.shop\/da\/wp-json\/wp\/v2\/product_brand?post=4143"},{"taxonomy":"product_cat","embeddable":true,"href":"https:\/\/antcube.shop\/da\/wp-json\/wp\/v2\/product_cat?post=4143"},{"taxonomy":"product_tag","embeddable":true,"href":"https:\/\/antcube.shop\/da\/wp-json\/wp\/v2\/product_tag?post=4143"}],"curies":[{"name":"wp","href":"https:\/\/api.w.org\/{rel}","templated":true}]}}