{"id":3957,"date":"2021-11-30T13:32:38","date_gmt":"2021-11-30T12:32:38","guid":{"rendered":"https:\/\/antcube.shop\/produkt\/mens-high-top-canvas-shoes\/"},"modified":"2024-12-12T12:25:45","modified_gmt":"2024-12-12T11:25:45","slug":"herre-high-top-canvas-sko-til-maend","status":"publish","type":"product","link":"https:\/\/antcube.shop\/da\/vare\/herre-high-top-canvas-sko-til-maend\/","title":{"rendered":"M\u00e6nds h\u00f8je sko af l\u00e6rred"},"content":{"rendered":"<p>F\u00e5 mere fart p\u00e5 dine sko med High Top Canvas Shoes. Disse h\u00e5ndlavede, trendy sko vil helt sikkert pifte dit outfit op. F\u00e5 dine nu!<\/p>\n<p>- 100% polyester, overside af l\u00e6rred<br \/>\n- EVA-gummis\u00e5l af ethylen-vinylacetat (EVA)<br \/>\n- \u00c5ndbar foring, bl\u00f8d inders\u00e5l<br \/>\n- T\u00e5kappe af kunstl\u00e6der<br \/>\n- Hvide sn\u00f8reb\u00e5nd<br \/>\n- Polstret krave, sn\u00f8re foran<br \/>\n- Ubeskrevet produkt, der stammer fra Kina<\/p>\n<p><strong>Vigtigt:<\/strong> Dette produkt er tilg\u00e6ngeligt i f\u00f8lgende lande: USA, Canada, Australien, New Zealand og Japan. Hvis din leveringsadresse ligger uden for disse lande, skal du v\u00e6lge et andet produkt.<\/p>\n<p><strong>Ansvarsfraskrivelse:<\/strong> Skoene lugter af lim, n\u00e5r du \u00e5bner \u00e6sken. Lugten forsvinder et par dage efter, at skoene er pakket ud.<\/p>","protected":false},"excerpt":{"rendered":"<p>F\u00e5 mere fart p\u00e5 dine sko med High Top Canvas Shoes. Disse h\u00e5ndlavede, trendy sko vil helt sikkert pifte dit outfit op. F\u00e5 dine nu! - 100% polyester, overside af l\u00e6rred - EVA-gummis\u00e5l af ethylen-vinylacetat (EVA) - \u00c5ndbart for, bl\u00f8d inders\u00e5l - T\u00e5kappe af kunstl\u00e6der - Hvide sn\u00f8reb\u00e5nd - Polstret krave, sn\u00f8reb\u00e5nd foran","protected":false},"featured_media":3975,"comment_status":"open","ping_status":"closed","template":"","meta":{"_acf_changed":false,"content-type":"","_monsterinsights_skip_tracking":false,"_monsterinsights_sitenote_active":false,"_monsterinsights_sitenote_note":"","_monsterinsights_sitenote_category":0},"product_brand":[],"product_cat":[245],"product_tag":[],"class_list":{"0":"post-3957","1":"product","2":"type-product","3":"status-publish","4":"has-post-thumbnail","6":"product_cat-merchandise","8":"first","9":"instock","10":"taxable","11":"shipping-taxable","12":"purchasable","13":"product-type-variable"},"acf":[],"aioseo_notices":[],"jetpack_sharing_enabled":true,"_links":{"self":[{"href":"https:\/\/antcube.shop\/da\/wp-json\/wp\/v2\/product\/3957","targetHints":{"allow":["GET"]}}],"collection":[{"href":"https:\/\/antcube.shop\/da\/wp-json\/wp\/v2\/product"}],"about":[{"href":"https:\/\/antcube.shop\/da\/wp-json\/wp\/v2\/types\/product"}],"replies":[{"embeddable":true,"href":"https:\/\/antcube.shop\/da\/wp-json\/wp\/v2\/comments?post=3957"}],"wp:featuredmedia":[{"embeddable":true,"href":"https:\/\/antcube.shop\/da\/wp-json\/wp\/v2\/media\/3975"}],"wp:attachment":[{"href":"https:\/\/antcube.shop\/da\/wp-json\/wp\/v2\/media?parent=3957"}],"wp:term":[{"taxonomy":"product_brand","embeddable":true,"href":"https:\/\/antcube.shop\/da\/wp-json\/wp\/v2\/product_brand?post=3957"},{"taxonomy":"product_cat","embeddable":true,"href":"https:\/\/antcube.shop\/da\/wp-json\/wp\/v2\/product_cat?post=3957"},{"taxonomy":"product_tag","embeddable":true,"href":"https:\/\/antcube.shop\/da\/wp-json\/wp\/v2\/product_tag?post=3957"}],"curies":[{"name":"wp","href":"https:\/\/api.w.org\/{rel}","templated":true}]}}