{"id":3875,"date":"2021-11-23T18:19:09","date_gmt":"2021-11-23T17:19:09","guid":{"rendered":"https:\/\/antcube.shop\/produkt\/ameisen-spiralturm-s-30\/"},"modified":"2026-03-26T09:29:21","modified_gmt":"2026-03-26T08:29:21","slug":"ameisen-spiralturm-s-30","status":"publish","type":"product","link":"https:\/\/antcube.shop\/da\/vare\/ameisen-spiralturm-s-30\/","title":{"rendered":"Myrespiralt\u00e5rn S - 30"},"content":{"rendered":"<div><strong>M\u00e5l<\/strong>: 19x19x30cm; <strong>S<\/strong> til slange 10\/06 mm<\/div>\n<div><\/div>\n<div><strong>Materiale<\/strong>: PMMA, PVC<\/div>\n<div><\/div>\n<div><strong>Farve<\/strong>: krystalklar, gennemsigtig, gennemskinnelig<\/div>\n<div><\/div>\n<div><strong>Indhold<\/strong>:<\/div>\n<div>2x bund \/ d\u00e6kplade<\/div>\n<div>2x slangeadgang til 10\/06 mm slange<\/div>\n<div>4x slanges\u00f8jle til 10\/06 mm slange<\/div>\n<div>10x sp\u00e6ndestift<\/div>\n<div>7m slange 10\/06mm<\/div>\n<div><strong>Bem\u00e6rk<\/strong>: Delene leveres som et s\u00e6t eller som et plug-in-system. Der er ikke behov for limning.<\/div>\n<div><\/div>\n<div><strong>Forbindelse<\/strong>:<\/div>\n<div>2x slange 10\/06 mm<\/div>\n<div><\/div>\n<div><strong>Beskrivelse<\/strong>: Myrespiralt\u00e5rnet bruges til at bygge bro over h\u00f8jden fra arenaen til myrefarmen og giver desuden dyrene en stor gangafstand p\u00e5 et kompakt areal. Den ekstra g\u00e5afstand simulerer de stier, som myrerne skal tilbagel\u00e6gge i naturen for at komme til deres f\u00f8dekilder, og det kan have en positiv indvirkning p\u00e5 myrekoloniens udvikling og adf\u00e6rd.<\/div>\n<div><\/div>\n<div><strong>Ans\u00f8gning<\/strong>: til myrefarme st\u00f8rrelse <strong>S<\/strong><\/div>","protected":false},"excerpt":{"rendered":"<p>Tilslutning: slange 10\/06 mm<br \/>\nSt\u00f8rrelse <strong>S<\/strong><\/p>","protected":false},"featured_media":3883,"comment_status":"open","ping_status":"closed","template":"","meta":{"_acf_changed":false,"content-type":"","_monsterinsights_skip_tracking":false,"_monsterinsights_sitenote_active":false,"_monsterinsights_sitenote_note":"","_monsterinsights_sitenote_category":0},"product_brand":[],"product_cat":[119,256],"product_tag":[],"class_list":{"0":"post-3875","1":"product","2":"type-product","3":"status-publish","4":"has-post-thumbnail","6":"product_cat-formicarium-components","7":"product_cat-spiral-tower","9":"first","10":"instock","11":"taxable","12":"shipping-taxable","13":"purchasable","14":"product-type-simple"},"acf":[],"aioseo_notices":[],"jetpack_sharing_enabled":true,"_links":{"self":[{"href":"https:\/\/antcube.shop\/da\/wp-json\/wp\/v2\/product\/3875","targetHints":{"allow":["GET"]}}],"collection":[{"href":"https:\/\/antcube.shop\/da\/wp-json\/wp\/v2\/product"}],"about":[{"href":"https:\/\/antcube.shop\/da\/wp-json\/wp\/v2\/types\/product"}],"replies":[{"embeddable":true,"href":"https:\/\/antcube.shop\/da\/wp-json\/wp\/v2\/comments?post=3875"}],"wp:featuredmedia":[{"embeddable":true,"href":"https:\/\/antcube.shop\/da\/wp-json\/wp\/v2\/media\/3883"}],"wp:attachment":[{"href":"https:\/\/antcube.shop\/da\/wp-json\/wp\/v2\/media?parent=3875"}],"wp:term":[{"taxonomy":"product_brand","embeddable":true,"href":"https:\/\/antcube.shop\/da\/wp-json\/wp\/v2\/product_brand?post=3875"},{"taxonomy":"product_cat","embeddable":true,"href":"https:\/\/antcube.shop\/da\/wp-json\/wp\/v2\/product_cat?post=3875"},{"taxonomy":"product_tag","embeddable":true,"href":"https:\/\/antcube.shop\/da\/wp-json\/wp\/v2\/product_tag?post=3875"}],"curies":[{"name":"wp","href":"https:\/\/api.w.org\/{rel}","templated":true}]}}