{"id":3625,"date":"2021-11-19T12:53:34","date_gmt":"2021-11-19T11:53:34","guid":{"rendered":"https:\/\/antcube.shop\/produkt\/snapback-hat\/"},"modified":"2024-12-12T12:26:44","modified_gmt":"2024-12-12T11:26:44","slug":"snapback-hat","status":"publish","type":"product","link":"https:\/\/antcube.shop\/da\/vare\/snapback-hat\/","title":{"rendered":"Snapback hat"},"content":{"rendered":"<p>Denne hat er struktureret med en klassisk pasform, flad skygge og fuld buckram. Den justerbare trykknaplukning g\u00f8r den til en komfortabel hat, der passer til de fleste i \u00e9n st\u00f8rrelse.<\/p>\n<p>- 80% akryl, 20% uld<br \/>\n- Gr\u00f8n camo er 60% bomuld, 40% polyester<br \/>\n- Struktureret, 6-panel, h\u00f8jprofileret<br \/>\n- 6 broderede \u00f8skner<br \/>\n- Plastik snap lukning<br \/>\n- Gr\u00f8n undervagt<br \/>\n- Hovedets omkreds: 21\u215d\u2033-23\u215d\u2033 (54,9 cm-60 cm)<br \/>\n- Ubeskrevet produkt fra Vietnam eller Bangladesh<\/p>\n<p>&nbsp;<\/p>\n<p>Levering og produktion af produkter i kategorien Merchandise h\u00e5ndteres af vores partner PRINTFUL. Ved at bestille et af disse produkter accepterer du PRINTFUL's vilk\u00e5r og betingelser, privatlivspolitik og returpolitik.<\/p>\n<p><a href=\"https:\/\/www.printful.com\/policies\/terms-of-service\">Find PRINTFUL's vilk\u00e5r og betingelser her.<\/a><\/p>\n<p><a href=\"https:\/\/www.printful.com\/policies\/returns\">Find PRINTFUL's returpolitik her.<\/a><\/p>\n<p><a href=\"https:\/\/www.printful.com\/policies\/privacy\">Find PRINTFUL's privatlivspolitik her.<\/a><\/p>","protected":false},"excerpt":{"rendered":"<p>Denne hat er struktureret med en klassisk pasform, flad skygge og fuld buckram. Den justerbare trykknaplukning g\u00f8r den til en komfortabel hat, der passer til de fleste i \u00e9n st\u00f8rrelse. - 80% akryl, 20% uld - Green Camo er 60% bomuld, 40% polyester - Struktureret, 6-panel, h\u00f8j profil - 6 broderede \u00f8jer - Plastik snaplukning - Gr\u00f8n undersk\u00e6rm - Hovedomkreds: 21\u215d\u2033-23\u215d\u2033","protected":false},"featured_media":3627,"comment_status":"open","ping_status":"closed","template":"","meta":{"_acf_changed":false,"content-type":"","_monsterinsights_skip_tracking":false,"_monsterinsights_sitenote_active":false,"_monsterinsights_sitenote_note":"","_monsterinsights_sitenote_category":0},"product_brand":[],"product_cat":[245],"product_tag":[],"class_list":{"0":"post-3625","1":"product","2":"type-product","3":"status-publish","4":"has-post-thumbnail","6":"product_cat-merchandise","8":"first","9":"instock","10":"taxable","11":"shipping-taxable","12":"purchasable","13":"product-type-simple"},"acf":[],"aioseo_notices":[],"jetpack_sharing_enabled":true,"_links":{"self":[{"href":"https:\/\/antcube.shop\/da\/wp-json\/wp\/v2\/product\/3625","targetHints":{"allow":["GET"]}}],"collection":[{"href":"https:\/\/antcube.shop\/da\/wp-json\/wp\/v2\/product"}],"about":[{"href":"https:\/\/antcube.shop\/da\/wp-json\/wp\/v2\/types\/product"}],"replies":[{"embeddable":true,"href":"https:\/\/antcube.shop\/da\/wp-json\/wp\/v2\/comments?post=3625"}],"wp:featuredmedia":[{"embeddable":true,"href":"https:\/\/antcube.shop\/da\/wp-json\/wp\/v2\/media\/3627"}],"wp:attachment":[{"href":"https:\/\/antcube.shop\/da\/wp-json\/wp\/v2\/media?parent=3625"}],"wp:term":[{"taxonomy":"product_brand","embeddable":true,"href":"https:\/\/antcube.shop\/da\/wp-json\/wp\/v2\/product_brand?post=3625"},{"taxonomy":"product_cat","embeddable":true,"href":"https:\/\/antcube.shop\/da\/wp-json\/wp\/v2\/product_cat?post=3625"},{"taxonomy":"product_tag","embeddable":true,"href":"https:\/\/antcube.shop\/da\/wp-json\/wp\/v2\/product_tag?post=3625"}],"curies":[{"name":"wp","href":"https:\/\/api.w.org\/{rel}","templated":true}]}}