{"id":3611,"date":"2021-11-19T12:49:31","date_gmt":"2021-11-19T11:49:31","guid":{"rendered":"https:\/\/antcube.shop\/produkt\/dad-hat\/"},"modified":"2024-12-12T12:26:53","modified_gmt":"2024-12-12T11:26:53","slug":"far-hat","status":"publish","type":"product","link":"https:\/\/antcube.shop\/da\/vare\/far-hat\/","title":{"rendered":"Far hat"},"content":{"rendered":"<p>Farhatte er ikke kun for f\u00e6dre. Denne har en lav profil med en justerbar rem og en buet visir.<\/p>\n<p>- 100% chino bomuldstwill<br \/>- Gr\u00f8n Camo farve er 35% chino bomuldstwill, 65% polyester<br \/>- Ustruktureret, 6-panel, lav profil<br \/>- 6 broderede \u00f8skner<br \/>- 3 \u215b\" (7,6 cm) krone<br \/>- Justerbar rem med antikt sp\u00e6nde<br \/>- Ubeskrevet produkt fra Vietnam eller Bangladesh<\/p>\n<p>\u00a0<\/p>\n<p>Levering og produktion af produkter i kategorien Merchandise h\u00e5ndteres af vores partner PRINTFUL. Ved at bestille et af disse produkter accepterer du PRINTFUL's vilk\u00e5r og betingelser, privatlivspolitik og returpolitik.\u00a0<\/p>\n<p><a href=\"https:\/\/www.printful.com\/policies\/terms-of-service\">Find PRINTFUL's vilk\u00e5r og betingelser her.<\/a><\/p>\n<p><a href=\"https:\/\/www.printful.com\/policies\/returns\">Find PRINTFUL's returpolitik her.<\/a><\/p>\n<p><a href=\"https:\/\/www.printful.com\/policies\/privacy\">Find PRINTFUL's privatlivspolitik her.<\/a><\/p>","protected":false},"excerpt":{"rendered":"<p>Farhatte er ikke kun for f\u00e6dre. Denne har en lav profil med en justerbar rem og en buet visir. - 100% chino bomuldstwill - Gr\u00f8n Camo-farve er 35% chino bomuldstwill, 65% polyester - Ustruktureret, 6-panel, lav profil - 6 broderede \u00f8jer - 7,6 cm (3 \u215b\") krone - Justerbar rem med antikt sp\u00e6nde - Ubearbejdet produkt fra Vietnam","protected":false},"featured_media":3613,"comment_status":"open","ping_status":"closed","template":"","meta":{"_acf_changed":false,"content-type":"","_monsterinsights_skip_tracking":false,"_monsterinsights_sitenote_active":false,"_monsterinsights_sitenote_note":"","_monsterinsights_sitenote_category":0},"product_brand":[],"product_cat":[245],"product_tag":[],"class_list":{"0":"post-3611","1":"product","2":"type-product","3":"status-publish","4":"has-post-thumbnail","6":"product_cat-merchandise","8":"first","9":"instock","10":"taxable","11":"shipping-taxable","12":"purchasable","13":"product-type-simple"},"acf":[],"aioseo_notices":[],"jetpack_sharing_enabled":true,"_links":{"self":[{"href":"https:\/\/antcube.shop\/da\/wp-json\/wp\/v2\/product\/3611","targetHints":{"allow":["GET"]}}],"collection":[{"href":"https:\/\/antcube.shop\/da\/wp-json\/wp\/v2\/product"}],"about":[{"href":"https:\/\/antcube.shop\/da\/wp-json\/wp\/v2\/types\/product"}],"replies":[{"embeddable":true,"href":"https:\/\/antcube.shop\/da\/wp-json\/wp\/v2\/comments?post=3611"}],"wp:featuredmedia":[{"embeddable":true,"href":"https:\/\/antcube.shop\/da\/wp-json\/wp\/v2\/media\/3613"}],"wp:attachment":[{"href":"https:\/\/antcube.shop\/da\/wp-json\/wp\/v2\/media?parent=3611"}],"wp:term":[{"taxonomy":"product_brand","embeddable":true,"href":"https:\/\/antcube.shop\/da\/wp-json\/wp\/v2\/product_brand?post=3611"},{"taxonomy":"product_cat","embeddable":true,"href":"https:\/\/antcube.shop\/da\/wp-json\/wp\/v2\/product_cat?post=3611"},{"taxonomy":"product_tag","embeddable":true,"href":"https:\/\/antcube.shop\/da\/wp-json\/wp\/v2\/product_tag?post=3611"}],"curies":[{"name":"wp","href":"https:\/\/api.w.org\/{rel}","templated":true}]}}