{"id":3599,"date":"2021-11-19T12:47:56","date_gmt":"2021-11-19T11:47:56","guid":{"rendered":"https:\/\/antcube.shop\/produkt\/premium-eco-hoodie\/"},"modified":"2024-12-12T12:27:02","modified_gmt":"2024-12-12T11:27:02","slug":"premium-eco-hoodie","status":"publish","type":"product","link":"https:\/\/antcube.shop\/da\/vare\/premium-eco-hoodie\/","title":{"rendered":"Premium \u00f8ko h\u00e6ttetr\u00f8je"},"content":{"rendered":"<p>M\u00f8d den f\u00f8rsteklasses \u00f8kologiske h\u00e6ttetr\u00f8je lavet af \u00f8kologiske og genbrugte materialer. Med sin behagelige pasform, lomme foran og h\u00e6tte med dobbeltlag er h\u00e6ttetr\u00f8jen et klassisk streetwear-stykke, der kan styles til mange forskellige looks.<\/p>\n<p>- 85% \u00f8kologisk bomuld, 15% genanvendt polyester<br \/>\n- Ribstrik: 97% \u00f8kologisk bomuld, 3% elastan<br \/>\n- B\u00f8rstet fleecestof indvendigt<br \/>\n- Komfortabel unisex pasform<br \/>\n- H\u00e6tte med dobbelt lag<br \/>\n- Flade sn\u00f8reb\u00e5nd med metal\u00f8jer for en f\u00f8rsteklasses fornemmelse<br \/>\n- K\u00e6ngurulomme<br \/>\n- Indvendig\/udvendig label patch til branding<br \/>\n- Oprivningsetiket til pleje<\/p>\n<p>&nbsp;<\/p>\n<p>Levering og produktion af produkter i kategorien Merchandise h\u00e5ndteres af vores partner PRINTFUL. Ved at bestille et af disse produkter accepterer du PRINTFUL's vilk\u00e5r og betingelser, privatlivspolitik og returpolitik.<\/p>\n<p><a href=\"https:\/\/www.printful.com\/policies\/terms-of-service\">Find PRINTFUL's vilk\u00e5r og betingelser her.<\/a><\/p>\n<p><a href=\"https:\/\/www.printful.com\/policies\/returns\">Find PRINTFUL's returpolitik her.<\/a><\/p>\n<p><a href=\"https:\/\/www.printful.com\/policies\/privacy\">Find PRINTFUL's privatlivspolitik her.<\/a><\/p>","protected":false},"excerpt":{"rendered":"<p>M\u00f8d den f\u00f8rsteklasses \u00f8kologiske h\u00e6ttetr\u00f8je lavet af \u00f8kologiske og genbrugte materialer. Med sin behagelige pasform, lomme foran og h\u00e6tte med dobbeltlag er h\u00e6ttetr\u00f8jen et klassisk streetwear-stykke, der kan styles til mange forskellige looks. - 85% \u00f8kologisk bomuld, 15% genbrugspolyester - Ribstrik: 97% \u00f8kologisk bomuld, 3% elastan - B\u00f8rstet fleece stof indvendigt","protected":false},"featured_media":3607,"comment_status":"open","ping_status":"closed","template":"","meta":{"_acf_changed":false,"content-type":"","_monsterinsights_skip_tracking":false,"_monsterinsights_sitenote_active":false,"_monsterinsights_sitenote_note":"","_monsterinsights_sitenote_category":0},"product_brand":[],"product_cat":[245],"product_tag":[],"class_list":{"0":"post-3599","1":"product","2":"type-product","3":"status-publish","4":"has-post-thumbnail","6":"product_cat-merchandise","8":"first","9":"instock","10":"taxable","11":"shipping-taxable","12":"purchasable","13":"product-type-variable"},"acf":[],"aioseo_notices":[],"jetpack_sharing_enabled":true,"_links":{"self":[{"href":"https:\/\/antcube.shop\/da\/wp-json\/wp\/v2\/product\/3599","targetHints":{"allow":["GET"]}}],"collection":[{"href":"https:\/\/antcube.shop\/da\/wp-json\/wp\/v2\/product"}],"about":[{"href":"https:\/\/antcube.shop\/da\/wp-json\/wp\/v2\/types\/product"}],"replies":[{"embeddable":true,"href":"https:\/\/antcube.shop\/da\/wp-json\/wp\/v2\/comments?post=3599"}],"wp:featuredmedia":[{"embeddable":true,"href":"https:\/\/antcube.shop\/da\/wp-json\/wp\/v2\/media\/3607"}],"wp:attachment":[{"href":"https:\/\/antcube.shop\/da\/wp-json\/wp\/v2\/media?parent=3599"}],"wp:term":[{"taxonomy":"product_brand","embeddable":true,"href":"https:\/\/antcube.shop\/da\/wp-json\/wp\/v2\/product_brand?post=3599"},{"taxonomy":"product_cat","embeddable":true,"href":"https:\/\/antcube.shop\/da\/wp-json\/wp\/v2\/product_cat?post=3599"},{"taxonomy":"product_tag","embeddable":true,"href":"https:\/\/antcube.shop\/da\/wp-json\/wp\/v2\/product_tag?post=3599"}],"curies":[{"name":"wp","href":"https:\/\/api.w.org\/{rel}","templated":true}]}}