{"id":3575,"date":"2021-11-19T12:45:26","date_gmt":"2021-11-19T11:45:26","guid":{"rendered":"https:\/\/antcube.shop\/produkt\/unisex-organic-cotton-t-shirt\/"},"modified":"2024-12-12T12:27:10","modified_gmt":"2024-12-12T11:27:10","slug":"unisex-organic-cotton-t-shirt","status":"publish","type":"product","link":"https:\/\/antcube.shop\/da\/vare\/unisex-organic-cotton-t-shirt\/","title":{"rendered":"Unisex t-shirt i \u00f8kologisk bomuld"},"content":{"rendered":"<p>Denne unisex t-shirt er lavet af 100% \u00f8kologisk ringspundet bomuld og er et absolut must-have. Den er af h\u00f8j kvalitet, super behagelig og bedst af alt - milj\u00f8venlig.<\/p>\n<p>- 100% \u00f8kologisk ringspundet bomuld<br \/>\n- Stofv\u00e6gt: 5,3 oz\/yd\u00b2 (180 g\/m\u00b2)<br \/>\n- Enkel tr\u00f8je<br \/>\n- Medium pasform<br \/>\n- Indstillede \u00e6rmer<br \/>\n- 1 \u00d7 1 rib ved krave<br \/>\n- Bred dobbeltsyning p\u00e5 \u00e6rmerne og nederste kant<br \/>\n- Selvstrikkende nakkeb\u00e5nd (indvendigt, bag p\u00e5 nakken)<br \/>\n- Ubeskrevet produkt fra Kina eller Bangladesh<\/p>\n<p>&nbsp;<\/p>\n<p>Levering og produktion af produkter i kategorien Merchandise h\u00e5ndteres af vores partner PRINTFUL. Ved at bestille et af disse produkter accepterer du PRINTFUL's vilk\u00e5r og betingelser, privatlivspolitik og returpolitik.<\/p>\n<p><a href=\"https:\/\/www.printful.com\/policies\/terms-of-service\">Find PRINTFUL's vilk\u00e5r og betingelser her.<\/a><\/p>\n<p><a href=\"https:\/\/www.printful.com\/policies\/returns\">Find PRINTFUL's returpolitik her.<\/a><\/p>\n<p><a href=\"https:\/\/www.printful.com\/policies\/privacy\">Find PRINTFUL's privatlivspolitik her.<\/a><\/p>","protected":false},"excerpt":{"rendered":"<p>Denne unisex t-shirt er lavet af 100% \u00f8kologisk ringspundet bomuld og er et absolut must-have. Den er af h\u00f8j kvalitet, super behagelig og bedst af alt - milj\u00f8venlig. - 100% \u00f8kologisk ringspundet bomuld - Stofv\u00e6gt: 5,3 oz\/yd\u00b2 (180 g\/m\u00b2) - Single jersey - Medium pasform - Indstillede \u00e6rmer - 1 \u00d7 1 rib ved kraven - Bred dobbeltsyet overstingning p\u00e5","protected":false},"featured_media":3582,"comment_status":"open","ping_status":"closed","template":"","meta":{"_acf_changed":false,"content-type":"","_monsterinsights_skip_tracking":false,"_monsterinsights_sitenote_active":false,"_monsterinsights_sitenote_note":"","_monsterinsights_sitenote_category":0},"product_brand":[],"product_cat":[245],"product_tag":[],"class_list":{"0":"post-3575","1":"product","2":"type-product","3":"status-publish","4":"has-post-thumbnail","6":"product_cat-merchandise","8":"first","9":"instock","10":"taxable","11":"shipping-taxable","12":"purchasable","13":"product-type-variable"},"acf":[],"aioseo_notices":[],"jetpack_sharing_enabled":true,"_links":{"self":[{"href":"https:\/\/antcube.shop\/da\/wp-json\/wp\/v2\/product\/3575","targetHints":{"allow":["GET"]}}],"collection":[{"href":"https:\/\/antcube.shop\/da\/wp-json\/wp\/v2\/product"}],"about":[{"href":"https:\/\/antcube.shop\/da\/wp-json\/wp\/v2\/types\/product"}],"replies":[{"embeddable":true,"href":"https:\/\/antcube.shop\/da\/wp-json\/wp\/v2\/comments?post=3575"}],"wp:featuredmedia":[{"embeddable":true,"href":"https:\/\/antcube.shop\/da\/wp-json\/wp\/v2\/media\/3582"}],"wp:attachment":[{"href":"https:\/\/antcube.shop\/da\/wp-json\/wp\/v2\/media?parent=3575"}],"wp:term":[{"taxonomy":"product_brand","embeddable":true,"href":"https:\/\/antcube.shop\/da\/wp-json\/wp\/v2\/product_brand?post=3575"},{"taxonomy":"product_cat","embeddable":true,"href":"https:\/\/antcube.shop\/da\/wp-json\/wp\/v2\/product_cat?post=3575"},{"taxonomy":"product_tag","embeddable":true,"href":"https:\/\/antcube.shop\/da\/wp-json\/wp\/v2\/product_tag?post=3575"}],"curies":[{"name":"wp","href":"https:\/\/api.w.org\/{rel}","templated":true}]}}