{"id":3443,"date":"2021-11-18T15:53:00","date_gmt":"2021-11-18T14:53:00","guid":{"rendered":"https:\/\/antcube.shop\/produkt\/mens-heavyweight-tee\/"},"modified":"2024-12-12T12:27:24","modified_gmt":"2024-12-12T11:27:24","slug":"herre-svaervaegt-tee","status":"publish","type":"product","link":"https:\/\/antcube.shop\/da\/vare\/herre-svaervaegt-tee\/","title":{"rendered":"T-shirt i premium bomuld til m\u00e6nd"},"content":{"rendered":"<p>100% Premium T-shirt i bomuld til m\u00e6nd hj\u00e6lper dig med at f\u00e5 et mere struktureret look. Den sidder godt, har skarpe linjer i kanterne og passer perfekt til streetwear-outfits i flere lag.<br \/>\n- 100% bomuld<br \/>\n- 90% bomuld, 10% polyester<br \/>\n- Stofv\u00e6gt: 5,0-5,3 oz\/yd\u00b2 (170-180 g\/m\u00b2)<br \/>\n- Garn med \u00e5ben ende<br \/>\n- Tubul\u00e6rt stof<br \/>\n- Tapede nakke og skuldre<br \/>\n- Dobbelt s\u00f8m ved \u00e6rmer og nederste kant<br \/>\n- Blank produkt fra Honduras, Nicaragua, Haiti, Den Dominikanske Republik, Bangladesh og Mexico<\/p>\n<p>&nbsp;<\/p>\n<p>Levering og produktion af produkter i kategorien Merchandise h\u00e5ndteres af vores partner PRINTFUL. Ved at bestille et af disse produkter accepterer du PRINTFUL's vilk\u00e5r og betingelser, privatlivspolitik og returpolitik.<\/p>\n<p><a href=\"https:\/\/www.printful.com\/policies\/terms-of-service\">Find PRINTFUL's vilk\u00e5r og betingelser her.<\/a><\/p>\n<p><a href=\"https:\/\/www.printful.com\/policies\/returns\">Find PRINTFUL's returpolitik her.<\/a><\/p>\n<p><a href=\"https:\/\/www.printful.com\/policies\/privacy\">Find PRINTFUL's privatlivspolitik her.<\/a><\/p>","protected":false},"excerpt":{"rendered":"<p>100% Premium T-shirt i bomuld til m\u00e6nd hj\u00e6lper dig med at f\u00e5 et mere struktureret look. Den sidder godt, har skarpe linjer i kanterne og passer perfekt til streetwear-outfits i flere lag. - 100% bomuld - 90% bomuld, 10% polyester - Stofv\u00e6gt: 5,0-5,3 oz\/yd\u00b2 (170-180 g\/m\u00b2) - Open-end garn - Tubular stof - Tapet i hals og","protected":false},"featured_media":3451,"comment_status":"open","ping_status":"closed","template":"","meta":{"_acf_changed":false,"content-type":"","_monsterinsights_skip_tracking":false,"_monsterinsights_sitenote_active":false,"_monsterinsights_sitenote_note":"","_monsterinsights_sitenote_category":0},"product_brand":[],"product_cat":[245],"product_tag":[],"class_list":{"0":"post-3443","1":"product","2":"type-product","3":"status-publish","4":"has-post-thumbnail","6":"product_cat-merchandise","8":"first","9":"instock","10":"taxable","11":"shipping-taxable","12":"purchasable","13":"product-type-variable"},"acf":[],"aioseo_notices":[],"jetpack_sharing_enabled":true,"_links":{"self":[{"href":"https:\/\/antcube.shop\/da\/wp-json\/wp\/v2\/product\/3443","targetHints":{"allow":["GET"]}}],"collection":[{"href":"https:\/\/antcube.shop\/da\/wp-json\/wp\/v2\/product"}],"about":[{"href":"https:\/\/antcube.shop\/da\/wp-json\/wp\/v2\/types\/product"}],"replies":[{"embeddable":true,"href":"https:\/\/antcube.shop\/da\/wp-json\/wp\/v2\/comments?post=3443"}],"wp:featuredmedia":[{"embeddable":true,"href":"https:\/\/antcube.shop\/da\/wp-json\/wp\/v2\/media\/3451"}],"wp:attachment":[{"href":"https:\/\/antcube.shop\/da\/wp-json\/wp\/v2\/media?parent=3443"}],"wp:term":[{"taxonomy":"product_brand","embeddable":true,"href":"https:\/\/antcube.shop\/da\/wp-json\/wp\/v2\/product_brand?post=3443"},{"taxonomy":"product_cat","embeddable":true,"href":"https:\/\/antcube.shop\/da\/wp-json\/wp\/v2\/product_cat?post=3443"},{"taxonomy":"product_tag","embeddable":true,"href":"https:\/\/antcube.shop\/da\/wp-json\/wp\/v2\/product_tag?post=3443"}],"curies":[{"name":"wp","href":"https:\/\/api.w.org\/{rel}","templated":true}]}}