{"id":3280,"date":"2021-11-10T13:27:48","date_gmt":"2021-11-10T12:27:48","guid":{"rendered":"https:\/\/antcube.shop\/produkt\/camponotus-maculatus-subnudus\/"},"modified":"2021-11-24T10:15:12","modified_gmt":"2021-11-24T09:15:12","slug":"camponotus-maculatus-subnudus","status":"publish","type":"product","link":"https:\/\/antcube.shop\/da\/vare\/camponotus-maculatus-subnudus\/","title":{"rendered":"Camponotus maculatus subnudus"},"content":{"rendered":"<p>&nbsp;<\/p>\n<table border=\"1\" cellspacing=\"1\" cellpadding=\"1\">\n<tbody>\n<tr>\n<td><strong>Lat. Navn:<\/strong><\/td>\n<td><strong><img data-recalc-dims=\"1\" loading=\"lazy\" decoding=\"async\" src=\"https:\/\/i0.wp.com\/www.antstore.net\/shop\/images\/icons\/ants\/lateinname.jpg?resize=30%2C30&#038;ssl=1\" alt=\"\" width=\"30\" height=\"30\" \/><\/strong><\/td>\n<td>\u00a0Camponotus maculatus subnudus<\/td>\n<\/tr>\n<tr>\n<td><strong>Almindeligt navn<\/strong>:<\/td>\n<td><strong><img data-recalc-dims=\"1\" loading=\"lazy\" decoding=\"async\" src=\"https:\/\/i0.wp.com\/www.antstore.net\/shop\/images\/icons\/ants\/trivialname.jpg?resize=30%2C30&#038;ssl=1\" alt=\"\" width=\"30\" height=\"30\" \/><\/strong><\/td>\n<td>&#8211;<\/td>\n<\/tr>\n<tr>\n<td><strong>Taxonomi:<\/strong><\/td>\n<td><strong><img data-recalc-dims=\"1\" loading=\"lazy\" decoding=\"async\" src=\"https:\/\/i0.wp.com\/www.antstore.net\/shop\/images\/icons\/ants\/taxonomie.jpg?resize=30%2C30&#038;ssl=1\" alt=\"\" width=\"30\" height=\"30\" \/><\/strong><\/td>\n<td><b>\u00a0Underfamilie: <span style=\"font-weight: 400;\">Formicinae (sk\u00e6lmyrer), <\/span>Tribus: <span style=\"font-weight: 400;\">Camponotini<\/span><\/b><\/td>\n<\/tr>\n<tr>\n<td><strong>Holde niveau:<\/strong><\/td>\n<td><strong><img data-recalc-dims=\"1\" loading=\"lazy\" decoding=\"async\" src=\"https:\/\/i0.wp.com\/www.antstore.net\/shop\/images\/icons\/ants\/haltungsklasse.jpg?resize=30%2C30&#038;ssl=1\" alt=\"\" width=\"30\" height=\"30\" \/><\/strong><\/td>\n<td><b>\u00a0(2) <\/b><span style=\"font-weight: 400;\">stiller st\u00f8rre krav til klima og beskyttelse mod udbrud<\/span><\/td>\n<\/tr>\n<tr>\n<td><strong>Udbredelse:<\/strong><\/td>\n<td><strong><img data-recalc-dims=\"1\" loading=\"lazy\" decoding=\"async\" src=\"https:\/\/i0.wp.com\/www.antstore.net\/shop\/images\/icons\/ants\/verbreitung.jpg?resize=30%2C30&#038;ssl=1\" alt=\"\" width=\"30\" height=\"30\" \/><\/strong><\/td>\n<td>Syd\u00f8stasien (Myanmar, Malaysia, Filippinerne)<\/td>\n<\/tr>\n<tr>\n<td><strong>Levested:<\/strong><\/td>\n<td><strong><img data-recalc-dims=\"1\" loading=\"lazy\" decoding=\"async\" src=\"https:\/\/i0.wp.com\/www.antstore.net\/shop\/images\/icons\/ants\/habitat.jpg?resize=30%2C30&#038;ssl=1\" alt=\"\" width=\"30\" height=\"30\" \/><\/strong><\/td>\n<td>i skove og p\u00e5 enge<\/td>\n<\/tr>\n<tr>\n<td><strong>Koloniform:<\/strong><\/td>\n<td><strong><img data-recalc-dims=\"1\" loading=\"lazy\" decoding=\"async\" src=\"https:\/\/i0.wp.com\/www.antstore.net\/shop\/images\/icons\/ants\/Kolonieform.jpg?resize=30%2C30&#038;ssl=1\" alt=\"\" width=\"30\" height=\"30\" \/><\/strong><\/td>\n<td>monogyne<\/td>\n<\/tr>\n<tr>\n<td><strong>Dronning:<\/strong><\/td>\n<td><strong><img data-recalc-dims=\"1\" loading=\"lazy\" decoding=\"async\" src=\"https:\/\/i0.wp.com\/www.antstore.net\/shop\/images\/icons\/ants\/koenigin.jpg?resize=30%2C30&#038;ssl=1\" alt=\"\" width=\"30\" height=\"30\" \/><\/strong><\/td>\n<td><b> St\u00f8rrelse: <span style=\"font-weight: 400;\">14 mm <\/span>Farve: <span style=\"font-weight: 400;\">thorax r\u00f8dlig, gaster lidt r\u00f8dlig til sort<\/span><\/b><\/td>\n<\/tr>\n<tr>\n<td><strong>Arbejdstager:<\/strong><\/td>\n<td><img data-recalc-dims=\"1\" loading=\"lazy\" decoding=\"async\" src=\"https:\/\/i0.wp.com\/www.antstore.net\/shop\/images\/icons\/ants\/arbeiterin.jpg?resize=30%2C30&#038;ssl=1\" alt=\"\" width=\"30\" height=\"30\" \/><\/td>\n<td><b> St\u00f8rrelse: <span style=\"font-weight: 400;\">5 - 13 mm <\/span>Farve: <span style=\"font-weight: 400;\">thorax r\u00f8dlig, gaster lidt r\u00f8dlig til sort, st\u00e6rkt polymorfe (minor, media og major workers)<\/span><\/b><\/td>\n<\/tr>\n<tr>\n<td><strong>Soldat:<\/strong><\/td>\n<td><img data-recalc-dims=\"1\" loading=\"lazy\" decoding=\"async\" src=\"https:\/\/i0.wp.com\/www.antstore.net\/shop\/images\/icons\/ants\/soldaten.jpg?resize=30%2C30&#038;ssl=1\" alt=\"\" width=\"30\" height=\"30\" \/><\/td>\n<td>ikke til stede<\/td>\n<\/tr>\n<tr>\n<td><strong>Mand:<\/strong><\/td>\n<td><img data-recalc-dims=\"1\" loading=\"lazy\" decoding=\"async\" src=\"https:\/\/i0.wp.com\/www.antstore.net\/shop\/images\/icons\/ants\/maennchen.jpg?resize=30%2C30&#038;ssl=1\" alt=\"\" width=\"30\" height=\"30\" \/><\/td>\n<td><b> St\u00f8rrelse: - Farve: <span style=\"font-weight: 400;\">sort, slank<\/span><\/b><\/td>\n<\/tr>\n<tr>\n<td><strong>Mad:<\/strong><\/td>\n<td><img data-recalc-dims=\"1\" loading=\"lazy\" decoding=\"async\" src=\"https:\/\/i0.wp.com\/www.antstore.net\/shop\/images\/icons\/ants\/nahrung.jpg?resize=30%2C30&#038;ssl=1\" alt=\"\" width=\"30\" height=\"30\" \/><\/td>\n<td>Honningvand, sukkervand, insekter, f.eks. fluer og myg<\/td>\n<\/tr>\n<tr>\n<td><strong>Fugtighed:<\/strong><\/td>\n<td><strong><strong><img data-recalc-dims=\"1\" loading=\"lazy\" decoding=\"async\" src=\"https:\/\/i0.wp.com\/www.antstore.net\/shop\/images\/icons\/ants\/feuchtigkeit.jpg?resize=30%2C30&#038;ssl=1\" alt=\"\" width=\"30\" height=\"30\" \/><\/strong><\/strong><\/td>\n<td><b>Arena: <\/b><span style=\"font-weight: 400;\">30 &#8211; 50% <\/span><b>Redeomr\u00e5de: <\/b><span style=\"font-weight: 400;\">50 &#8211; 60%<\/span><\/td>\n<\/tr>\n<tr>\n<td><strong>Temperatur:<\/strong><\/td>\n<td><strong><img data-recalc-dims=\"1\" loading=\"lazy\" decoding=\"async\" src=\"https:\/\/i0.wp.com\/www.antstore.net\/shop\/images\/icons\/ants\/temperatur.jpg?resize=30%2C30&#038;ssl=1\" alt=\"\" width=\"30\" height=\"30\" \/><\/strong><\/td>\n<td><b> Arena: <span style=\"font-weight: 400;\">20 - 24\u00b0C <\/span>Redeomr\u00e5de: <span style=\"font-weight: 400;\">22- 26\u00b0C<\/span><\/b><\/td>\n<\/tr>\n<tr>\n<td><strong>Dvale:<\/strong><\/td>\n<td><img data-recalc-dims=\"1\" loading=\"lazy\" decoding=\"async\" src=\"https:\/\/i0.wp.com\/www.antstore.net\/shop\/images\/icons\/ants\/winterruhe.jpg?resize=30%2C30&#038;ssl=1\" alt=\"\" width=\"30\" height=\"30\" \/><\/td>\n<td>ingen<\/td>\n<\/tr>\n<tr>\n<td><strong>Ristedype:<\/strong><\/td>\n<td><\/td>\n<td>Bygger deres rede i jorden<\/td>\n<\/tr>\n<tr>\n<td><strong>Formicarium type:<\/strong><\/td>\n<td><img data-recalc-dims=\"1\" loading=\"lazy\" decoding=\"async\" src=\"https:\/\/i0.wp.com\/www.antstore.net\/shop\/images\/icons\/ants\/formicarienart.jpg?resize=30%2C30&#038;ssl=1\" alt=\"\" width=\"30\" height=\"30\" \/><\/td>\n<td>Starts\u00e6t Habitat Rainforest, Starts\u00e6t Habitat Meadow, kork, gips<\/td>\n<\/tr>\n<tr>\n<td><strong>Formicariums st\u00f8rrelse:<\/strong><\/td>\n<td><strong><img data-recalc-dims=\"1\" loading=\"lazy\" decoding=\"async\" src=\"https:\/\/i0.wp.com\/www.antstore.net\/shop\/images\/icons\/ants\/formicariengroesse.jpg?resize=30%2C30&#038;ssl=1\" alt=\"\" width=\"30\" height=\"30\" \/><\/strong><\/td>\n<td><b> <strong>St\u00f8rrelse:<\/strong>\u00a0<strong><span style=\"color: #339966;\">M<\/span><\/strong>\u00a0&#8211;\u00a0<strong>L<\/strong><\/b><\/td>\n<\/tr>\n<tr>\n<td><strong>Underlag:<\/strong><\/td>\n<td><strong><img data-recalc-dims=\"1\" loading=\"lazy\" decoding=\"async\" src=\"https:\/\/i0.wp.com\/www.antstore.net\/shop\/images\/icons\/ants\/substrat.jpg?resize=30%2C30&#038;ssl=1\" alt=\"\" width=\"30\" height=\"30\" \/><\/strong><\/td>\n<td><b> Farm: <span style=\"font-weight: 400;\">Sand-skum, kork, gips <\/span>Arena: <span style=\"font-weight: 400;\">Sand, sand-skum<\/span><\/b><\/td>\n<\/tr>\n<tr>\n<td><strong>Udplantning:<\/strong><\/td>\n<td><img data-recalc-dims=\"1\" loading=\"lazy\" decoding=\"async\" src=\"https:\/\/i0.wp.com\/www.antstore.net\/shop\/images\/icons\/ants\/bepflanzung.jpg?resize=30%2C30&#038;ssl=1\" alt=\"\" width=\"30\" height=\"30\" \/><\/td>\n<td>Enge eller regnskov lignende<\/td>\n<\/tr>\n<tr>\n<td><strong>Udsmykning:<\/strong><\/td>\n<td><img data-recalc-dims=\"1\" loading=\"lazy\" decoding=\"async\" src=\"https:\/\/i0.wp.com\/www.antstore.net\/shop\/images\/icons\/ants\/dekoration.jpg?resize=30%2C30&#038;ssl=1\" alt=\"\" width=\"30\" height=\"30\" \/><\/td>\n<td>Grene, r\u00f8dder, n\u00e5le<\/td>\n<\/tr>\n<tr>\n<td><strong>Beskrivelse:<\/strong><\/td>\n<td><img data-recalc-dims=\"1\" loading=\"lazy\" decoding=\"async\" src=\"https:\/\/i0.wp.com\/www.antstore.net\/shop\/images\/icons\/ants\/beschreibung.jpg?resize=30%2C30&#038;ssl=1\" alt=\"\" width=\"30\" height=\"30\" \/><\/td>\n<td>Camponotus maculatus subnudus er en meget smukt farvet og ret lille Camponotus-art. Den er kun lidt aggressiv og er dagaktiv.<\/td>\n<\/tr>\n<tr>\n<td><strong>Udvikling:<\/strong><\/td>\n<td><strong><img data-recalc-dims=\"1\" loading=\"lazy\" decoding=\"async\" src=\"https:\/\/i0.wp.com\/www.antstore.net\/shop\/images\/icons\/ants\/entwicklung.jpg?resize=30%2C30&#038;ssl=1\" alt=\"\" width=\"30\" height=\"30\" \/><\/strong><\/td>\n<td>\n<p style=\"font-weight: 400;\"><b>Bryllupsrejse: <\/b><span style=\"font-weight: 400;\">Fra juni til august<\/span><\/p>\n<p style=\"font-weight: 400;\"><b>Stiftelse: <\/b><span style=\"font-weight: 400;\">claustral (uden fodring)<\/span><\/p>\n<p><b>Koloniens st\u00f8rrelse: <span style=\"font-weight: 400;\">flere 1000 personer<\/span><\/b><\/td>\n<\/tr>\n<tr>\n<td><strong>Antal:<\/strong><\/td>\n<td><img data-recalc-dims=\"1\" loading=\"lazy\" decoding=\"async\" src=\"https:\/\/i0.wp.com\/www.antstore.net\/shop\/images\/icons\/ants\/menge.jpg?resize=30%2C30&#038;ssl=1\" alt=\"\" width=\"30\" height=\"30\" \/><\/td>\n<td>en parret dronning og arbejdere (se udv\u00e6lgelse); yngel (varierer alt efter \u00e5rstid og udvikling)<\/td>\n<\/tr>\n<tr>\n<td><strong>Weblinks:<\/strong><\/td>\n<td><a href=\"http:\/\/www.antstore.net\/viewforum.php?f=9\"><span style=\"color: #0000ff;\"><img data-recalc-dims=\"1\" loading=\"lazy\" decoding=\"async\" src=\"https:\/\/i0.wp.com\/www.antstore.net\/shop\/images\/icons\/ants\/weblinks.jpg?resize=30%2C30&#038;ssl=1\" alt=\"\" width=\"30\" height=\"30\" \/><\/span><\/a><\/td>\n<td>&nbsp;<\/p>\n<p><span style=\"color: #0000ff;\"><a href=\"http:\/\/www.antweb.org\/description.do?name=mimicus&amp;genus=myrmecocystus&amp;rank=species&amp;project=bajaants\">- Kildehenvisning<\/a><\/span><\/td>\n<\/tr>\n<\/tbody>\n<\/table>\n<p>&nbsp;<\/p>","protected":false},"excerpt":{"rendered":"<p>Opbevaring niveau 2<br \/>\nSt\u00f8rrelse:<span style=\"color: #000000;\"> <strong><span style=\"color: #339966;\">M<\/span><\/strong><\/span> &#8211; <strong>L<\/strong><\/p>","protected":false},"featured_media":3306,"comment_status":"open","ping_status":"closed","template":"","meta":{"_acf_changed":false,"content-type":"","_monsterinsights_skip_tracking":false,"_monsterinsights_sitenote_active":false,"_monsterinsights_sitenote_note":"","_monsterinsights_sitenote_category":0},"product_brand":[],"product_cat":[107,112],"product_tag":[],"class_list":{"0":"post-3280","1":"product","2":"type-product","3":"status-publish","4":"has-post-thumbnail","6":"product_cat-ants","7":"product_cat-asia","9":"first","10":"instock","11":"product-type-external"},"acf":[],"aioseo_notices":[],"jetpack_sharing_enabled":true,"_links":{"self":[{"href":"https:\/\/antcube.shop\/da\/wp-json\/wp\/v2\/product\/3280","targetHints":{"allow":["GET"]}}],"collection":[{"href":"https:\/\/antcube.shop\/da\/wp-json\/wp\/v2\/product"}],"about":[{"href":"https:\/\/antcube.shop\/da\/wp-json\/wp\/v2\/types\/product"}],"replies":[{"embeddable":true,"href":"https:\/\/antcube.shop\/da\/wp-json\/wp\/v2\/comments?post=3280"}],"wp:featuredmedia":[{"embeddable":true,"href":"https:\/\/antcube.shop\/da\/wp-json\/wp\/v2\/media\/3306"}],"wp:attachment":[{"href":"https:\/\/antcube.shop\/da\/wp-json\/wp\/v2\/media?parent=3280"}],"wp:term":[{"taxonomy":"product_brand","embeddable":true,"href":"https:\/\/antcube.shop\/da\/wp-json\/wp\/v2\/product_brand?post=3280"},{"taxonomy":"product_cat","embeddable":true,"href":"https:\/\/antcube.shop\/da\/wp-json\/wp\/v2\/product_cat?post=3280"},{"taxonomy":"product_tag","embeddable":true,"href":"https:\/\/antcube.shop\/da\/wp-json\/wp\/v2\/product_tag?post=3280"}],"curies":[{"name":"wp","href":"https:\/\/api.w.org\/{rel}","templated":true}]}}