{"id":3277,"date":"2021-11-10T13:27:26","date_gmt":"2021-11-10T12:27:26","guid":{"rendered":"https:\/\/antcube.shop\/produkt\/camponotus-piceus-glanzendschwarze-rossameise\/"},"modified":"2021-11-24T11:42:12","modified_gmt":"2021-11-24T10:42:12","slug":"camponotus-piceus","status":"publish","type":"product","link":"https:\/\/antcube.shop\/da\/vare\/camponotus-piceus\/","title":{"rendered":"Camponotus piceus"},"content":{"rendered":"<p>&nbsp;<\/p>\n<table border=\"1\" cellspacing=\"1\" cellpadding=\"1\">\n<tbody>\n<tr>\n<td><strong>Lat. Navn:<\/strong><\/td>\n<td><strong><img data-recalc-dims=\"1\" loading=\"lazy\" decoding=\"async\" src=\"https:\/\/i0.wp.com\/www.antstore.net\/shop\/images\/icons\/ants\/lateinname.jpg?resize=30%2C30&#038;ssl=1\" alt=\"\" width=\"30\" height=\"30\" \/><\/strong><\/td>\n<td><em>Ca<\/em><em>mponotus piceus<\/em><\/td>\n<\/tr>\n<tr>\n<td><strong>Almindeligt navn<\/strong>:<\/td>\n<td><strong><img data-recalc-dims=\"1\" loading=\"lazy\" decoding=\"async\" src=\"https:\/\/i0.wp.com\/www.antstore.net\/shop\/images\/icons\/ants\/trivialname.jpg?resize=30%2C30&#038;ssl=1\" alt=\"\" width=\"30\" height=\"30\" \/><\/strong><\/td>\n<td>&#8211;<\/td>\n<\/tr>\n<tr>\n<td><strong>Taxonomi:<\/strong><\/td>\n<td><strong><img data-recalc-dims=\"1\" loading=\"lazy\" decoding=\"async\" src=\"https:\/\/i0.wp.com\/www.antstore.net\/shop\/images\/icons\/ants\/taxonomie.jpg?resize=30%2C30&#038;ssl=1\" alt=\"\" width=\"30\" height=\"30\" \/><\/strong><\/td>\n<td><strong>Underfamilie: <\/strong>Formicinae\u00a0<strong>Stamme: <\/strong>Camponotini<\/td>\n<\/tr>\n<tr>\n<td><strong>Holde niveau:<\/strong><\/td>\n<td><strong><img data-recalc-dims=\"1\" loading=\"lazy\" decoding=\"async\" src=\"https:\/\/i0.wp.com\/www.antstore.net\/shop\/images\/icons\/ants\/haltungsklasse.jpg?resize=30%2C30&#038;ssl=1\" alt=\"\" width=\"30\" height=\"30\" \/><\/strong><\/td>\n<td><strong>(1)<\/strong>\u00a0for begyndere med en koloni p\u00e5 mindst 10 arbejdere<\/td>\n<\/tr>\n<tr>\n<td><strong>Udbredelse:<\/strong><\/td>\n<td><strong><img data-recalc-dims=\"1\" loading=\"lazy\" decoding=\"async\" src=\"https:\/\/i0.wp.com\/www.antstore.net\/shop\/images\/icons\/ants\/verbreitung.jpg?resize=30%2C30&#038;ssl=1\" alt=\"\" width=\"30\" height=\"30\" \/><\/strong><\/td>\n<td>Centraleuropa, Sydeuropa<\/td>\n<\/tr>\n<tr>\n<td><strong>Levested:<\/strong><\/td>\n<td><strong><img data-recalc-dims=\"1\" loading=\"lazy\" decoding=\"async\" src=\"https:\/\/i0.wp.com\/www.antstore.net\/shop\/images\/icons\/ants\/habitat.jpg?resize=30%2C30&#038;ssl=1\" alt=\"\" width=\"30\" height=\"30\" \/><\/strong><\/td>\n<td>Xeroterme \u00e5bne levesteder<\/td>\n<\/tr>\n<tr>\n<td><strong>Koloniform:<\/strong><\/td>\n<td><strong><img data-recalc-dims=\"1\" loading=\"lazy\" decoding=\"async\" src=\"https:\/\/i0.wp.com\/www.antstore.net\/shop\/images\/icons\/ants\/Kolonieform.jpg?resize=30%2C30&#038;ssl=1\" alt=\"\" width=\"30\" height=\"30\" \/><\/strong><\/td>\n<td>monogyne, sj\u00e6ldent oligogyne<\/td>\n<\/tr>\n<tr>\n<td><strong>Dronning:<\/strong><\/td>\n<td><strong><img data-recalc-dims=\"1\" loading=\"lazy\" decoding=\"async\" src=\"https:\/\/i0.wp.com\/www.antstore.net\/shop\/images\/icons\/ants\/koenigin.jpg?resize=30%2C30&#038;ssl=1\" alt=\"\" width=\"30\" height=\"30\" \/><\/strong><\/td>\n<td><strong>St\u00f8rrelse:<\/strong>\u00a07 - 9mm\u00a0<strong>Farve:<\/strong>\u00a0skinnende sort; bryst: brun<\/td>\n<\/tr>\n<tr>\n<td><strong>Arbejdstager:<\/strong><\/td>\n<td><img data-recalc-dims=\"1\" loading=\"lazy\" decoding=\"async\" src=\"https:\/\/i0.wp.com\/www.antstore.net\/shop\/images\/icons\/ants\/arbeiterin.jpg?resize=30%2C30&#038;ssl=1\" alt=\"\" width=\"30\" height=\"30\" \/><\/td>\n<td><strong>St\u00f8rrelse:<\/strong><span style=\"font-family: Arial;\">\u00a04 - 7 mm\u00a0<\/span><strong>Farve:<\/strong><span style=\"font-family: Arial;\">\u00a0skinnende sort, benene r\u00f8dlige<\/span><\/td>\n<\/tr>\n<tr>\n<td><strong>Soldat:<\/strong><\/td>\n<td><img data-recalc-dims=\"1\" loading=\"lazy\" decoding=\"async\" src=\"https:\/\/i0.wp.com\/www.antstore.net\/shop\/images\/icons\/ants\/soldaten.jpg?resize=30%2C30&#038;ssl=1\" alt=\"\" width=\"30\" height=\"30\" \/><\/td>\n<td>ikke til stede<\/td>\n<\/tr>\n<tr>\n<td><strong>Mand:<\/strong><\/td>\n<td><img data-recalc-dims=\"1\" loading=\"lazy\" decoding=\"async\" src=\"https:\/\/i0.wp.com\/www.antstore.net\/shop\/images\/icons\/ants\/maennchen.jpg?resize=30%2C30&#038;ssl=1\" alt=\"\" width=\"30\" height=\"30\" \/><\/td>\n<td><b><strong>St\u00f8rrelse: <\/strong><\/b>&#8211;<b><strong> Farve:\u00a0<\/strong><\/b>sort , slank<\/td>\n<\/tr>\n<tr>\n<td><strong>Mad:<\/strong><\/td>\n<td><img data-recalc-dims=\"1\" loading=\"lazy\" decoding=\"async\" src=\"https:\/\/i0.wp.com\/www.antstore.net\/shop\/images\/icons\/ants\/nahrung.jpg?resize=30%2C30&#038;ssl=1\" alt=\"\" width=\"30\" height=\"30\" \/><\/td>\n<td>Honningvand og insekter, f.eks. dipteraner som fluer eller\u00a0<span style=\"font-family: Arial;\">myg<\/span><\/td>\n<\/tr>\n<tr>\n<td><strong>Fugtighed:<\/strong><\/td>\n<td><strong><img data-recalc-dims=\"1\" loading=\"lazy\" decoding=\"async\" src=\"https:\/\/i0.wp.com\/www.antstore.net\/shop\/images\/icons\/ants\/feuchtigkeit.jpg?resize=30%2C30&#038;ssl=1\" alt=\"\" width=\"30\" height=\"30\" \/><\/strong><\/td>\n<td><b><strong>Arena: <\/strong><\/b>30 &#8211; 50% <b><strong>Nestpart: <\/strong><\/b>50 &#8211; 60%<\/td>\n<\/tr>\n<tr>\n<td><strong>Temperatur:<\/strong><\/td>\n<td><strong><img data-recalc-dims=\"1\" loading=\"lazy\" decoding=\"async\" src=\"https:\/\/i0.wp.com\/www.antstore.net\/shop\/images\/icons\/ants\/temperatur.jpg?resize=30%2C30&#038;ssl=1\" alt=\"\" width=\"30\" height=\"30\" \/><\/strong><\/td>\n<td><strong>Arena:<\/strong>\u00a018 - 28\u00b0C\u00a0<strong>Nestpart:<\/strong>\u00a021 - 24\u00b0C<\/td>\n<\/tr>\n<tr>\n<td><strong>Dvale:<\/strong><\/td>\n<td><img data-recalc-dims=\"1\" loading=\"lazy\" decoding=\"async\" src=\"https:\/\/i0.wp.com\/www.antstore.net\/shop\/images\/icons\/ants\/winterruhe.jpg?resize=30%2C30&#038;ssl=1\" alt=\"\" width=\"30\" height=\"30\" \/><\/td>\n<td>ja, fra slutningen af oktober til slutningen af marts ved 5 - 8\u00b0C (har en endogen biorytme)<\/td>\n<\/tr>\n<tr>\n<td><strong>Ristedype:<\/strong><\/td>\n<td><\/td>\n<td>Bygger deres rede jord<\/td>\n<\/tr>\n<tr>\n<td><strong>Formicarium type:<\/strong><\/td>\n<td><img data-recalc-dims=\"1\" loading=\"lazy\" decoding=\"async\" src=\"https:\/\/i0.wp.com\/www.antstore.net\/shop\/images\/icons\/ants\/formicarienart.jpg?resize=30%2C30&#038;ssl=1\" alt=\"\" width=\"30\" height=\"30\" \/><\/td>\n<td>G\u00e5rd, Farmbassin, Bassin, Rammbassin, \u00d8, Acrylcylinder, Ytong\/Puds<\/td>\n<\/tr>\n<tr>\n<td><strong>Formicariums st\u00f8rrelse:<\/strong><\/td>\n<td><strong><img data-recalc-dims=\"1\" loading=\"lazy\" decoding=\"async\" src=\"https:\/\/i0.wp.com\/www.antstore.net\/shop\/images\/icons\/ants\/formicariengroesse.jpg?resize=30%2C30&#038;ssl=1\" alt=\"\" width=\"30\" height=\"30\" \/><\/strong><\/td>\n<td><b> <strong>St\u00f8rrelse:<\/strong>\u00a0<strong><span style=\"color: #339966;\">M<\/span><\/strong>\u00a0&#8211;\u00a0<strong>L<\/strong><\/b><\/td>\n<\/tr>\n<tr>\n<td><strong>Underlag:<\/strong><\/td>\n<td><strong><img data-recalc-dims=\"1\" loading=\"lazy\" decoding=\"async\" src=\"https:\/\/i0.wp.com\/www.antstore.net\/shop\/images\/icons\/ants\/substrat.jpg?resize=30%2C30&#038;ssl=1\" alt=\"\" width=\"30\" height=\"30\" \/><\/strong><\/td>\n<td><b><strong>Farm: <\/strong><\/b>Kork, n\u00e5letr\u00e6 <b><strong>Arena: <\/strong><\/b>Sand, sand-skum<\/td>\n<\/tr>\n<tr>\n<td><strong>Udplantning:<\/strong><\/td>\n<td><img data-recalc-dims=\"1\" loading=\"lazy\" decoding=\"async\" src=\"https:\/\/i0.wp.com\/www.antstore.net\/shop\/images\/icons\/ants\/bepflanzung.jpg?resize=30%2C30&#038;ssl=1\" alt=\"\" width=\"30\" height=\"30\" \/><\/td>\n<td>ligner skov- og bjergomr\u00e5der med mos, gr\u00e6s og andre planter<\/td>\n<\/tr>\n<tr>\n<td><strong>Udsmykning:<\/strong><\/td>\n<td><img data-recalc-dims=\"1\" loading=\"lazy\" decoding=\"async\" src=\"https:\/\/i0.wp.com\/www.antstore.net\/shop\/images\/icons\/ants\/dekoration.jpg?resize=30%2C30&#038;ssl=1\" alt=\"\" width=\"30\" height=\"30\" \/><\/td>\n<td>Grene, r\u00f8dder, tr\u00e6nedler<\/td>\n<\/tr>\n<tr>\n<td><strong>Beskrivelse:<\/strong><\/td>\n<td><img data-recalc-dims=\"1\" loading=\"lazy\" decoding=\"async\" src=\"https:\/\/i0.wp.com\/www.antstore.net\/shop\/images\/icons\/ants\/beschreibung.jpg?resize=30%2C30&#038;ssl=1\" alt=\"\" width=\"30\" height=\"30\" \/><\/td>\n<td>Camponotus piceus er en meget sj\u00e6lden myre og er sky over for andre myrer. P\u00e5 grund af det fortsatte tab af levesteder er de p\u00e5 den tyske \"R\u00f8dliste\".<\/td>\n<\/tr>\n<tr>\n<td><strong>Udvikling:<\/strong><\/td>\n<td><strong><img data-recalc-dims=\"1\" loading=\"lazy\" decoding=\"async\" src=\"https:\/\/i0.wp.com\/www.antstore.net\/shop\/images\/icons\/ants\/entwicklung.jpg?resize=30%2C30&#038;ssl=1\" alt=\"\" width=\"30\" height=\"30\" \/><\/strong><\/td>\n<td><strong>Bryllupsrejse:\u00a0<\/strong> p\u00e5 varme dage fra slutningen af april til begyndelsen af juli<br \/>\n<strong>Stiftelse:\u00a0 <\/strong>claustral (uden fodring)<br \/>\n<strong>Koloniens st\u00f8rrelse: <\/strong>sm\u00e5 kolonier med 100 til 200 individer<\/td>\n<\/tr>\n<tr>\n<td><strong>Antal:<\/strong><\/td>\n<td><img data-recalc-dims=\"1\" loading=\"lazy\" decoding=\"async\" src=\"https:\/\/i0.wp.com\/www.antstore.net\/shop\/images\/icons\/ants\/menge.jpg?resize=30%2C30&#038;ssl=1\" alt=\"\" width=\"30\" height=\"30\" \/><\/td>\n<td>en befrugtet dronning med arbejdere (se udv\u00e6lgelse); yngel (afh\u00e6ngig af \u00e5rstiden og udviklingen)<\/td>\n<\/tr>\n<tr>\n<td><strong>Weblinks:<\/strong><\/td>\n<td><a href=\"http:\/\/www.antstore.net\/viewforum.php?f=9\"><span style=\"color: #0000ff;\"><img data-recalc-dims=\"1\" loading=\"lazy\" decoding=\"async\" src=\"https:\/\/i0.wp.com\/www.antstore.net\/shop\/images\/icons\/ants\/weblinks.jpg?resize=30%2C30&#038;ssl=1\" alt=\"\" width=\"30\" height=\"30\" \/><\/span><\/a><\/td>\n<td><a href=\"http:\/\/www.antstore.net\/viewforum.php?f=124\"><span style=\"color: #0000ff;\">- Forum<\/span><\/a><\/p>\n<p><span style=\"color: #0000ff;\"><a href=\"http:\/\/www.antweb.org\/description.do?name=mimicus&amp;genus=myrmecocystus&amp;rank=species&amp;project=bajaants\">- Kildehenvisning<\/a><\/span><\/td>\n<\/tr>\n<\/tbody>\n<\/table>\n<p>&nbsp;<\/p>","protected":false},"excerpt":{"rendered":"<p>Bevarelse af niveau 1<br \/>\nSt\u00f8rrelse:<span style=\"color: #000000;\"> <strong><span style=\"color: #339966;\">M<\/span><\/strong><\/span> &#8211; <strong>L<\/strong><\/p>","protected":false},"featured_media":3317,"comment_status":"open","ping_status":"closed","template":"","meta":{"_acf_changed":false,"content-type":"","_monsterinsights_skip_tracking":false,"_monsterinsights_sitenote_active":false,"_monsterinsights_sitenote_note":"","_monsterinsights_sitenote_category":0},"product_brand":[],"product_cat":[107,112,108,109],"product_tag":[],"class_list":{"0":"post-3277","1":"product","2":"type-product","3":"status-publish","4":"has-post-thumbnail","6":"product_cat-ants","7":"product_cat-asia","8":"product_cat-northern-europe","9":"product_cat-southern-europe","11":"first","12":"instock","13":"product-type-external"},"acf":[],"aioseo_notices":[],"jetpack_sharing_enabled":true,"_links":{"self":[{"href":"https:\/\/antcube.shop\/da\/wp-json\/wp\/v2\/product\/3277","targetHints":{"allow":["GET"]}}],"collection":[{"href":"https:\/\/antcube.shop\/da\/wp-json\/wp\/v2\/product"}],"about":[{"href":"https:\/\/antcube.shop\/da\/wp-json\/wp\/v2\/types\/product"}],"replies":[{"embeddable":true,"href":"https:\/\/antcube.shop\/da\/wp-json\/wp\/v2\/comments?post=3277"}],"wp:featuredmedia":[{"embeddable":true,"href":"https:\/\/antcube.shop\/da\/wp-json\/wp\/v2\/media\/3317"}],"wp:attachment":[{"href":"https:\/\/antcube.shop\/da\/wp-json\/wp\/v2\/media?parent=3277"}],"wp:term":[{"taxonomy":"product_brand","embeddable":true,"href":"https:\/\/antcube.shop\/da\/wp-json\/wp\/v2\/product_brand?post=3277"},{"taxonomy":"product_cat","embeddable":true,"href":"https:\/\/antcube.shop\/da\/wp-json\/wp\/v2\/product_cat?post=3277"},{"taxonomy":"product_tag","embeddable":true,"href":"https:\/\/antcube.shop\/da\/wp-json\/wp\/v2\/product_tag?post=3277"}],"curies":[{"name":"wp","href":"https:\/\/api.w.org\/{rel}","templated":true}]}}