{"id":3174,"date":"2021-11-08T12:21:44","date_gmt":"2021-11-08T11:21:44","guid":{"rendered":"https:\/\/antcube.shop\/produkt\/ytongnest-40x20-mit-arena\/"},"modified":"2026-04-15T09:42:26","modified_gmt":"2026-04-15T07:42:26","slug":"ytongnest-40x20-mit-arena","status":"publish","type":"product","link":"https:\/\/antcube.shop\/da\/vare\/ytongnest-40x20-mit-arena\/","title":{"rendered":"Ytongnest - 40\u00d720 med Arena"},"content":{"rendered":"<p><strong>Materiale:<\/strong> porebeton, glas, plast PMMA og PVC<\/p>\n<p><strong>Forbindelse:<\/strong> 1x 14 mm \u00e5bning; 1x 27 mm \u00e5bning<\/p>\n<p><strong>Indhold:<\/strong><br \/>\n1x gasbetonblok 40x20x5 cm med 20 mm dybe kamre.<br \/>\n1x glasplade 40\u00d720 cm med en \u00e5bning p\u00e5 50 mm og en arena 20\u00d720 cm<br \/>\n1x ramme til myrearena 20\u00d720<br \/>\n1x d\u00e6kning af myrearena 20\u00d720<br \/>\n1x 50mm ring med 27mm \u00e5bning<br \/>\n1x formicariumprop 13mm<br \/>\n2x Formicarium plug 27mm<br \/>\n2x Formicarium plug 50mm<\/p>\n<p><strong>Beskrivelse:<\/strong><br \/>\nYtong er et varem\u00e6rke, mens selve materialet kaldes gasbeton.<br \/>\nP\u00e5 grund af den vandholdende egenskab er materialet velegnet til myrehold. Det kan bruges til at holde et stort antal gravende arter, b\u00e5de fra t\u00f8rre og v\u00e5de levesteder. Afh\u00e6ngigt af myrearten anbefales det at d\u00e6kke bunden af kamrene med substrat. Nogle arter har det bedre p\u00e5 denne m\u00e5de, og f.eks. har Ponerinae-myrearter brug for jord, for at deres larver kan forpuppe sig ordentligt. Da denne rede allerede omfatter en arena, kan den bruges som en komplet formicariumops\u00e6tning.<\/p>\n<p><strong>Tip:<\/strong><br \/>\nFor at undg\u00e5, at der l\u00f8ber vand ud af Ytong'en efter at have fugtet redeomr\u00e5det og samler sig p\u00e5 overfladen af m\u00f8blerne nedenunder, eller at det ru materiale ridser overfladerne, anbefaler vi at bestille en af vores matchende glaskar til vores Ytong-reder. Disse er vandt\u00e6tte og beskytter s\u00e5ledes effektivt de underliggende overflader mod vand- og kradseskader.<\/p>\n<p><strong>Anvendelse:<\/strong><br \/>\nFor myrearter af st\u00f8rrelse <b>M<\/b> <b>&#8211;\u00a0<\/b><b>L<\/b>.<br \/>\nGasbeton er et meget sk\u00f8rt og skr\u00f8beligt materiale. Derfor er det p\u00e5 grund af fremstillingsprocessen umuligt at forhindre, at hj\u00f8rner og kanter viser sm\u00e5 brud og uj\u00e6vnheder. P\u00e5 grund af dette er Ytong-reder ikke egnede til meget sm\u00e5 myrearter af st\u00f8rrelse <b>S<\/b>, da disse arter let kan bryde ud her.<\/p>","protected":false},"excerpt":{"rendered":"<p>Forbindelse: 1x14mm 1x27mm<br \/>\nSt\u00f8rrelse: <strong><span style=\"color: #339966;\">M<\/span><\/strong><strong> &#8211; <span style=\"color: #0000ff;\">L<\/span><\/strong><\/p>","protected":false},"featured_media":3011,"comment_status":"open","ping_status":"closed","template":"","meta":{"_acf_changed":false,"content-type":"","_monsterinsights_skip_tracking":false,"_monsterinsights_sitenote_active":false,"_monsterinsights_sitenote_note":"","_monsterinsights_sitenote_category":0},"product_brand":[],"product_cat":[85,86],"product_tag":[],"class_list":{"0":"post-3174","1":"product","2":"type-product","3":"status-publish","4":"has-post-thumbnail","6":"product_cat-ant-arenas","7":"product_cat-formicariums","9":"first","10":"instock","11":"taxable","12":"shipping-taxable","13":"purchasable","14":"product-type-simple"},"acf":[],"aioseo_notices":[],"jetpack_sharing_enabled":true,"_links":{"self":[{"href":"https:\/\/antcube.shop\/da\/wp-json\/wp\/v2\/product\/3174","targetHints":{"allow":["GET"]}}],"collection":[{"href":"https:\/\/antcube.shop\/da\/wp-json\/wp\/v2\/product"}],"about":[{"href":"https:\/\/antcube.shop\/da\/wp-json\/wp\/v2\/types\/product"}],"replies":[{"embeddable":true,"href":"https:\/\/antcube.shop\/da\/wp-json\/wp\/v2\/comments?post=3174"}],"wp:featuredmedia":[{"embeddable":true,"href":"https:\/\/antcube.shop\/da\/wp-json\/wp\/v2\/media\/3011"}],"wp:attachment":[{"href":"https:\/\/antcube.shop\/da\/wp-json\/wp\/v2\/media?parent=3174"}],"wp:term":[{"taxonomy":"product_brand","embeddable":true,"href":"https:\/\/antcube.shop\/da\/wp-json\/wp\/v2\/product_brand?post=3174"},{"taxonomy":"product_cat","embeddable":true,"href":"https:\/\/antcube.shop\/da\/wp-json\/wp\/v2\/product_cat?post=3174"},{"taxonomy":"product_tag","embeddable":true,"href":"https:\/\/antcube.shop\/da\/wp-json\/wp\/v2\/product_tag?post=3174"}],"curies":[{"name":"wp","href":"https:\/\/api.w.org\/{rel}","templated":true}]}}