{"id":3169,"date":"2021-11-08T10:47:59","date_gmt":"2021-11-08T09:47:59","guid":{"rendered":"https:\/\/antcube.shop\/produkt\/fuhrungsleisten-l-20-2-st\/"},"modified":"2026-04-05T21:18:10","modified_gmt":"2026-04-05T19:18:10","slug":"fuhrungsleisten-l-20-2-2-st-2","status":"publish","type":"product","link":"https:\/\/antcube.shop\/da\/vare\/fuhrungsleisten-l-20-2-2-st-2\/","title":{"rendered":"Styreskinner L 20 - 2 stk."},"content":{"rendered":"<p><strong>Dimensioner:<\/strong> 4x20x160mm<\/p>\n<p><strong>Indhold:<\/strong> 2x styreskinne<\/p>\n<p><strong>Materiale:<\/strong> PMMA<\/p>\n<p><strong>Farve:<\/strong> klar, gennemsigtig<\/p>\n<p><strong>Beskrivelse:<\/strong> Styreskinnerne g\u00f8r det muligt at inds\u00e6tte redeindsatser\/redeplader n\u00f8jagtigt i kombiarenaer eller v\u00e6gg\u00e5rde med en redebredde p\u00e5 L eller 20 mm.<\/p>","protected":false},"excerpt":{"rendered":"<p>Til kork- og gips-\/gipsnest, n\u00e5r de placeres i en ANTCUBE combi<\/p>","protected":false},"featured_media":2994,"comment_status":"open","ping_status":"closed","template":"","meta":{"_acf_changed":false,"content-type":"","_monsterinsights_skip_tracking":false,"_monsterinsights_sitenote_active":false,"_monsterinsights_sitenote_note":"","_monsterinsights_sitenote_category":0},"product_brand":[],"product_cat":[119,239],"product_tag":[],"class_list":{"0":"post-3169","1":"product","2":"type-product","3":"status-publish","4":"has-post-thumbnail","6":"product_cat-formicarium-components","7":"product_cat-useful-additions","9":"first","10":"instock","11":"taxable","12":"shipping-taxable","13":"purchasable","14":"product-type-simple"},"acf":[],"aioseo_notices":[],"jetpack_sharing_enabled":true,"_links":{"self":[{"href":"https:\/\/antcube.shop\/da\/wp-json\/wp\/v2\/product\/3169","targetHints":{"allow":["GET"]}}],"collection":[{"href":"https:\/\/antcube.shop\/da\/wp-json\/wp\/v2\/product"}],"about":[{"href":"https:\/\/antcube.shop\/da\/wp-json\/wp\/v2\/types\/product"}],"replies":[{"embeddable":true,"href":"https:\/\/antcube.shop\/da\/wp-json\/wp\/v2\/comments?post=3169"}],"wp:featuredmedia":[{"embeddable":true,"href":"https:\/\/antcube.shop\/da\/wp-json\/wp\/v2\/media\/2994"}],"wp:attachment":[{"href":"https:\/\/antcube.shop\/da\/wp-json\/wp\/v2\/media?parent=3169"}],"wp:term":[{"taxonomy":"product_brand","embeddable":true,"href":"https:\/\/antcube.shop\/da\/wp-json\/wp\/v2\/product_brand?post=3169"},{"taxonomy":"product_cat","embeddable":true,"href":"https:\/\/antcube.shop\/da\/wp-json\/wp\/v2\/product_cat?post=3169"},{"taxonomy":"product_tag","embeddable":true,"href":"https:\/\/antcube.shop\/da\/wp-json\/wp\/v2\/product_tag?post=3169"}],"curies":[{"name":"wp","href":"https:\/\/api.w.org\/{rel}","templated":true}]}}