{"id":3163,"date":"2021-11-08T10:47:09","date_gmt":"2021-11-08T09:47:09","guid":{"rendered":"https:\/\/antcube.shop\/produkt\/fotoruckwand-wuste-20x20-cube\/"},"modified":"2026-04-07T13:04:42","modified_gmt":"2026-04-07T11:04:42","slug":"fotoruckwand-wuste-20x20-cube","status":"publish","type":"product","link":"https:\/\/antcube.shop\/da\/vare\/fotoruckwand-wuste-20x20-cube\/","title":{"rendered":"Foto bagv\u00e6g - Desert - 20\u00d720"},"content":{"rendered":"<p><strong>Dimensioner:<\/strong> 20x20cm<\/p>\n<p><strong>Materiale:<\/strong> Blankt foliepapir<\/p>\n<p><strong>Indhold:<\/strong> 1x foto bagv\u00e6g<\/p>\n<p><strong>Beskrivelse:<\/strong> Denne fotorygv\u00e6g er limet fast p\u00e5 formicariet udefra for at give indtryk af et milj\u00f8, der svarer til myrernes naturlige levested.<\/p>","protected":false},"excerpt":{"rendered":"<p>Dimensioner: 20x20cm\r\n\r\nMateriale: Materiale: Blankt foliepapir\r\n\r\nIndhold: Foliepapir: foliepapir, foliepapir, papir: 1x foto bagv\u00e6g\r\n\r\nBeskrivelse: 1 x foto af v\u00e6ggen Denne fotobagv\u00e6g limes p\u00e5 formicariet udefra for at give indtryk af et milj\u00f8, der svarer til myrernes naturlige levested.<\/p>","protected":false},"featured_media":3132,"comment_status":"open","ping_status":"closed","template":"","meta":{"_acf_changed":false,"content-type":"","_monsterinsights_skip_tracking":false,"_monsterinsights_sitenote_active":false,"_monsterinsights_sitenote_note":"","_monsterinsights_sitenote_category":0},"product_brand":[],"product_cat":[97,104],"product_tag":[],"class_list":{"0":"post-3163","1":"product","2":"type-product","3":"status-publish","4":"has-post-thumbnail","6":"product_cat-photo-backwalls","7":"product_cat-desert-photo-backwall","9":"first","10":"instock","11":"taxable","12":"shipping-taxable","13":"purchasable","14":"product-type-simple"},"acf":[],"aioseo_notices":[],"jetpack_sharing_enabled":true,"_links":{"self":[{"href":"https:\/\/antcube.shop\/da\/wp-json\/wp\/v2\/product\/3163","targetHints":{"allow":["GET"]}}],"collection":[{"href":"https:\/\/antcube.shop\/da\/wp-json\/wp\/v2\/product"}],"about":[{"href":"https:\/\/antcube.shop\/da\/wp-json\/wp\/v2\/types\/product"}],"replies":[{"embeddable":true,"href":"https:\/\/antcube.shop\/da\/wp-json\/wp\/v2\/comments?post=3163"}],"wp:featuredmedia":[{"embeddable":true,"href":"https:\/\/antcube.shop\/da\/wp-json\/wp\/v2\/media\/3132"}],"wp:attachment":[{"href":"https:\/\/antcube.shop\/da\/wp-json\/wp\/v2\/media?parent=3163"}],"wp:term":[{"taxonomy":"product_brand","embeddable":true,"href":"https:\/\/antcube.shop\/da\/wp-json\/wp\/v2\/product_brand?post=3163"},{"taxonomy":"product_cat","embeddable":true,"href":"https:\/\/antcube.shop\/da\/wp-json\/wp\/v2\/product_cat?post=3163"},{"taxonomy":"product_tag","embeddable":true,"href":"https:\/\/antcube.shop\/da\/wp-json\/wp\/v2\/product_tag?post=3163"}],"curies":[{"name":"wp","href":"https:\/\/api.w.org\/{rel}","templated":true}]}}