{"id":3162,"date":"2021-11-08T10:46:52","date_gmt":"2021-11-08T09:46:52","guid":{"rendered":"https:\/\/antcube.shop\/produkt\/antcube-eck-plattform-8x8-magnet\/"},"modified":"2026-04-20T09:57:59","modified_gmt":"2026-04-20T07:57:59","slug":"antcube-eck-plattform-8x8-magnet","status":"publish","type":"product","link":"https:\/\/antcube.shop\/da\/vare\/antcube-eck-plattform-8x8-magnet\/","title":{"rendered":"ANTCUBE-hj\u00f8rneplatform 8\u00d78 - magnetisk"},"content":{"rendered":"<p><strong>Dimensioner:<\/strong> 80 x 80 x 22 mm<\/p>\n<p><strong>Materiale:<\/strong> akrylglas<\/p>\n<p><strong>Farve:<\/strong> gennemsigtig<\/p>\n<p><strong>Indhold:<\/strong> 1 stk. (3 dele)<\/p>\n<p><strong>Beskrivelse:<\/strong><br \/>\nANTCUBE-hj\u00f8rneplatformen 8\u00d78 - magnetisk kan fastg\u00f8res i ethvert formicarium ved hj\u00e6lp af magneterne. Den er is\u00e6r velegnet i vores h\u00f8jere ANTCUBE-formicarier til at placere foderautomater, sk\u00e5le eller drikkedunke p\u00e5 den.<br \/>\nANTCUBE Corner Platform 8\u00d78 - Magnetic kan flyttes til den \u00f8nskede h\u00f8jde eller dybde ved at fastg\u00f8re den udefra ved hj\u00e6lp af magneterne.<\/p>\n<p><strong>Bem\u00e6rk:<\/strong><br \/>\nP\u00e5 grund af fremstillingsprocessen kan der v\u00e6re sm\u00e5 til mellemstore revner p\u00e5 magnetdelene.<\/p>\n<p>&nbsp;<\/p>","protected":false},"excerpt":{"rendered":"<p>Dimensioner: Materiale: akrylglas Farve: gennemsigtig Indhold: 80 x 80 x 22 mm: Beskrivelse: 1 stk: ANTCUBE hj\u00f8rneplatform 8x8 - magnetisk kan fastg\u00f8res i ethvert formicarium ved hj\u00e6lp af magneterne. Den er is\u00e6r velegnet i vores h\u00f8jere ANTCUBE-formicariums til at placere foderautomater, sk\u00e5le eller drikkedunke p\u00e5 den.","protected":false},"featured_media":3140,"comment_status":"open","ping_status":"closed","template":"","meta":{"_acf_changed":false,"content-type":"","_monsterinsights_skip_tracking":false,"_monsterinsights_sitenote_active":false,"_monsterinsights_sitenote_note":"","_monsterinsights_sitenote_category":0},"product_brand":[],"product_cat":[119,239],"product_tag":[],"class_list":{"0":"post-3162","1":"product","2":"type-product","3":"status-publish","4":"has-post-thumbnail","6":"product_cat-formicarium-components","7":"product_cat-useful-additions","9":"first","10":"instock","11":"taxable","12":"shipping-taxable","13":"purchasable","14":"product-type-simple"},"acf":[],"aioseo_notices":[],"jetpack_sharing_enabled":true,"_links":{"self":[{"href":"https:\/\/antcube.shop\/da\/wp-json\/wp\/v2\/product\/3162","targetHints":{"allow":["GET"]}}],"collection":[{"href":"https:\/\/antcube.shop\/da\/wp-json\/wp\/v2\/product"}],"about":[{"href":"https:\/\/antcube.shop\/da\/wp-json\/wp\/v2\/types\/product"}],"replies":[{"embeddable":true,"href":"https:\/\/antcube.shop\/da\/wp-json\/wp\/v2\/comments?post=3162"}],"wp:featuredmedia":[{"embeddable":true,"href":"https:\/\/antcube.shop\/da\/wp-json\/wp\/v2\/media\/3140"}],"wp:attachment":[{"href":"https:\/\/antcube.shop\/da\/wp-json\/wp\/v2\/media?parent=3162"}],"wp:term":[{"taxonomy":"product_brand","embeddable":true,"href":"https:\/\/antcube.shop\/da\/wp-json\/wp\/v2\/product_brand?post=3162"},{"taxonomy":"product_cat","embeddable":true,"href":"https:\/\/antcube.shop\/da\/wp-json\/wp\/v2\/product_cat?post=3162"},{"taxonomy":"product_tag","embeddable":true,"href":"https:\/\/antcube.shop\/da\/wp-json\/wp\/v2\/product_tag?post=3162"}],"curies":[{"name":"wp","href":"https:\/\/api.w.org\/{rel}","templated":true}]}}