{"id":3159,"date":"2021-11-08T10:46:28","date_gmt":"2021-11-08T09:46:28","guid":{"rendered":"https:\/\/antcube.shop\/produkt\/rosenblutenblatter-100g-getrocknet\/"},"modified":"2026-04-06T21:05:24","modified_gmt":"2026-04-06T19:05:24","slug":"rosenblutenblatter-100g-getrocknet","status":"publish","type":"product","link":"https:\/\/antcube.shop\/da\/vare\/rosenblutenblatter-100g-getrocknet\/","title":{"rendered":"Rosenblade 100g - t\u00f8rret"},"content":{"rendered":"<p><strong>Indhold:<\/strong><br \/>\n100 g t\u00f8rrede rosenblade<\/p>\n<p><strong>Beskrivelse:<\/strong><br \/>\nRosenblade som grobund for svampeavlende myrearter. Det er et rent naturprodukt.<\/p>\n<p><strong>Anvendelse:<\/strong><br \/>\nRosenblade = for svampeopdr\u00e6ttende myrearter.<br \/>\nDe t\u00f8rre kronblade tjener kun som grobund for svampen hos bladsk\u00e6rermyrer (det er tilr\u00e5deligt at tilbyde friske blade som fugtighedscreme samtidig).<br \/>\nDu skal blot placere de kronblade, der skal fodres, i et t\u00f8rfoderkammer.<\/p>\n<p><strong>Opbevaring:<\/strong><br \/>\nI et t\u00f8rt milj\u00f8<\/p>\n<p><strong>Indeholder:<\/strong><br \/>\n100% t\u00f8rrede rosenblade<\/p>","protected":false},"excerpt":{"rendered":"<p>Indhold: 100 g t\u00f8rrede rosenblade Beskrivelse: Rosenblade som grobund for svampeavlende myrearter. Det er et rent naturprodukt. Anvendelse: Rosenblade = til svampeavlende myrearter. De t\u00f8rre kronblade tjener kun som grobund for svampe hos bladsk\u00e6rermyrer (der tilbyder friske blade som fugtighedscreme p\u00e5 samme [...]","protected":false},"featured_media":5485,"comment_status":"open","ping_status":"closed","template":"","meta":{"_acf_changed":false,"content-type":"","_monsterinsights_skip_tracking":false,"_monsterinsights_sitenote_active":false,"_monsterinsights_sitenote_note":"","_monsterinsights_sitenote_category":0},"product_brand":[],"product_cat":[115,116],"product_tag":[],"class_list":{"0":"post-3159","1":"product","2":"type-product","3":"status-publish","4":"has-post-thumbnail","6":"product_cat-food-and-feeding","7":"product_cat-food","9":"first","10":"instock","11":"taxable","12":"shipping-taxable","13":"purchasable","14":"product-type-simple"},"acf":[],"aioseo_notices":[],"jetpack_sharing_enabled":true,"_links":{"self":[{"href":"https:\/\/antcube.shop\/da\/wp-json\/wp\/v2\/product\/3159","targetHints":{"allow":["GET"]}}],"collection":[{"href":"https:\/\/antcube.shop\/da\/wp-json\/wp\/v2\/product"}],"about":[{"href":"https:\/\/antcube.shop\/da\/wp-json\/wp\/v2\/types\/product"}],"replies":[{"embeddable":true,"href":"https:\/\/antcube.shop\/da\/wp-json\/wp\/v2\/comments?post=3159"}],"wp:featuredmedia":[{"embeddable":true,"href":"https:\/\/antcube.shop\/da\/wp-json\/wp\/v2\/media\/5485"}],"wp:attachment":[{"href":"https:\/\/antcube.shop\/da\/wp-json\/wp\/v2\/media?parent=3159"}],"wp:term":[{"taxonomy":"product_brand","embeddable":true,"href":"https:\/\/antcube.shop\/da\/wp-json\/wp\/v2\/product_brand?post=3159"},{"taxonomy":"product_cat","embeddable":true,"href":"https:\/\/antcube.shop\/da\/wp-json\/wp\/v2\/product_cat?post=3159"},{"taxonomy":"product_tag","embeddable":true,"href":"https:\/\/antcube.shop\/da\/wp-json\/wp\/v2\/product_tag?post=3159"}],"curies":[{"name":"wp","href":"https:\/\/api.w.org\/{rel}","templated":true}]}}