{"id":3153,"date":"2021-11-08T10:45:48","date_gmt":"2021-11-08T09:45:48","guid":{"rendered":"https:\/\/antcube.shop\/produkt\/antcube-digfix-platte-20x20-xl\/"},"modified":"2026-03-06T14:52:51","modified_gmt":"2026-03-06T13:52:51","slug":"antcube-digfix-platte-20x20-xl","status":"publish","type":"product","link":"https:\/\/antcube.shop\/da\/vare\/antcube-digfix-platte-20x20-xl\/","title":{"rendered":"ANTCUBE - Digfix-plade 20\u00d720 - XL"},"content":{"rendered":"<p><strong>Dimensioner:<\/strong> 184x130x50 mm (tolerance182-185 mm)<\/p>\n<p><strong>Materiale:<\/strong> Digfix<\/p>\n<p><strong>Beskrivelse:<\/strong> Digfix-pladen er lavet af gravevenligt materiale og passer perfekt til vores ANTCUBE-myrefarme. Den kan bruges b\u00e5de t\u00f8r og v\u00e5d. Den er ogs\u00e5 velegnet til mange myrearter, is\u00e6r dem, der yngler i sand og i (d\u00f8dt) tr\u00e6. Den kan bruges i stedet for sand-lam-blandinger eller redeindsatser af kork eller gips. En stor fordel i forhold til korknesten er, at Digfix ikke mugner, selv n\u00e5r det er v\u00e5dt. Det betyder, at myrearter med et h\u00f8jt fugtbehov kan tilf\u00f8res tilstr\u00e6kkeligt med vand uden problemer. Digfix har ogs\u00e5 den fordel, at gravende myrearter ikke tilsmudser ruderne i deres rede med jord, n\u00e5r de graver, hvilket giver et perfekt indblik i reden.<\/p>\n<p><strong>Bem\u00e6rk:<\/strong> Den naturlige farvenuance kan variere mellem gr\u00f8nlig\/gr\u00e5lig brun og jordbrun. Skyggen p\u00e5virker ikke kvaliteten.<br \/>\nP\u00e5 grund af fremstilling kan dimensionerne variere +\/- 1 mm<\/p>","protected":false},"excerpt":{"rendered":"<p>St\u00f8rrelse: <span style=\"color: #ff0000;\"><strong>XL<\/strong><\/span><\/p>","protected":false},"featured_media":3950,"comment_status":"open","ping_status":"closed","template":"","meta":{"_acf_changed":false,"content-type":"","_monsterinsights_skip_tracking":false,"_monsterinsights_sitenote_active":false,"_monsterinsights_sitenote_note":"","_monsterinsights_sitenote_category":0},"product_brand":[],"product_cat":[87,88],"product_tag":[],"class_list":{"0":"post-3153","1":"product","2":"type-product","3":"status-publish","4":"has-post-thumbnail","6":"product_cat-nest-insets","7":"product_cat-digfix","9":"first","10":"instock","11":"taxable","12":"shipping-taxable","13":"purchasable","14":"product-type-simple"},"acf":[],"aioseo_notices":[],"jetpack_sharing_enabled":true,"_links":{"self":[{"href":"https:\/\/antcube.shop\/da\/wp-json\/wp\/v2\/product\/3153","targetHints":{"allow":["GET"]}}],"collection":[{"href":"https:\/\/antcube.shop\/da\/wp-json\/wp\/v2\/product"}],"about":[{"href":"https:\/\/antcube.shop\/da\/wp-json\/wp\/v2\/types\/product"}],"replies":[{"embeddable":true,"href":"https:\/\/antcube.shop\/da\/wp-json\/wp\/v2\/comments?post=3153"}],"wp:featuredmedia":[{"embeddable":true,"href":"https:\/\/antcube.shop\/da\/wp-json\/wp\/v2\/media\/3950"}],"wp:attachment":[{"href":"https:\/\/antcube.shop\/da\/wp-json\/wp\/v2\/media?parent=3153"}],"wp:term":[{"taxonomy":"product_brand","embeddable":true,"href":"https:\/\/antcube.shop\/da\/wp-json\/wp\/v2\/product_brand?post=3153"},{"taxonomy":"product_cat","embeddable":true,"href":"https:\/\/antcube.shop\/da\/wp-json\/wp\/v2\/product_cat?post=3153"},{"taxonomy":"product_tag","embeddable":true,"href":"https:\/\/antcube.shop\/da\/wp-json\/wp\/v2\/product_tag?post=3153"}],"curies":[{"name":"wp","href":"https:\/\/api.w.org\/{rel}","templated":true}]}}