{"id":3152,"date":"2021-11-08T10:45:38","date_gmt":"2021-11-08T09:45:38","guid":{"rendered":"https:\/\/antcube.shop\/produkt\/antcube-ameisenfarm-xl-20x20-stehend\/"},"modified":"2026-04-01T17:55:28","modified_gmt":"2026-04-01T15:55:28","slug":"antcube-ameisenfarm-xl-20x20-stehend","status":"publish","type":"product","link":"https:\/\/antcube.shop\/da\/vare\/antcube-ameisenfarm-xl-20x20-stehend\/","title":{"rendered":"ANTCUBE - Antfarm - XL - 20\u00d720 - st\u00e5ende"},"content":{"rendered":"<p><strong>M\u00e5l (LxBxH):<\/strong><br \/>\nudvendigt:190x58x199 mm<br \/>\nindvendigt: 184x50x190 mm<\/p>\n<p><strong>Materiale:<\/strong><br \/>\nFlydeglas, plast<\/p>\n<p><strong>Farve:<\/strong><br \/>\nkrystalklart<\/p>\n<p><strong>Indhold:<\/strong><br \/>\n1x ANTCUBE myretue - 52 mm pladeafstand.<br \/>\n1x Myretue d\u00e6kning XL 20\u00d76<br \/>\n2x stik 4mm<\/p>\n<p><strong>Forbindelse:<\/strong><br \/>\nP\u00e5 begge sider er der et 27 mm hul, s\u00e5 denne g\u00e5rd kan tilsluttes med en 28 mm slange eller vores \"tankforbindelse med slange til 27 mm huller\".<br \/>\n2x 4mm huller med 4mm plugs.<\/p>\n<p><strong>Beskrivelse:<\/strong><br \/>\nDenne fuldt gennemsigtige myrefarm er velegnet til <strong>XL<\/strong> st\u00f8rrelse af myrearter.<\/p>\n<p><strong>Bem\u00e6rkninger om produktionen<\/strong><br \/>\nGlasset er sk\u00e5ret i henhold til DIN 1249 med en tolerance p\u00e5 +\/- 1 mm. Ved ekstremt sm\u00e5 myrearter er det n\u00f8dvendigt med en ekstra udbryderbeskyttelse.<\/p>\n<p><strong>Bem\u00e6rkninger om bedriften<\/strong><br \/>\nV\u00e6r opm\u00e6rksom p\u00e5 f\u00f8lgende, n\u00e5r du monterer slangerne:<br \/>\nHvis slangen er meget vanskelig at montere p\u00e5 forbindelsesb\u00f8sningen, skal b\u00f8sningen gnides let med en dr\u00e5be af vores beskyttelsesolie eller pulver til beskyttelse mod udbrud. Slangen skal derefter skubbes p\u00e5 b\u00f8sningen med drejende eller skruende bev\u00e6gelser uden at belaste b\u00f8sningen med op- og nedadg\u00e5ende bev\u00e6gelser.<\/p>","protected":false},"excerpt":{"rendered":"<p>St\u00f8rrelse: <span style=\"font-size: small;\"><span style=\"font-family: Arial;\"><strong>XL<\/strong><\/span><\/span><\/p>","protected":false},"featured_media":3129,"comment_status":"open","ping_status":"closed","template":"","meta":{"_acf_changed":false,"content-type":"","_monsterinsights_skip_tracking":false,"_monsterinsights_sitenote_active":false,"_monsterinsights_sitenote_note":"","_monsterinsights_sitenote_category":0},"product_brand":[],"product_cat":[80,84],"product_tag":[],"class_list":{"0":"post-3152","1":"product","2":"type-product","3":"status-publish","4":"has-post-thumbnail","6":"product_cat-antfarms","7":"product_cat-antfarms-xl","9":"first","10":"instock","11":"taxable","12":"shipping-taxable","13":"purchasable","14":"product-type-simple"},"acf":[],"aioseo_notices":[],"jetpack_sharing_enabled":true,"_links":{"self":[{"href":"https:\/\/antcube.shop\/da\/wp-json\/wp\/v2\/product\/3152","targetHints":{"allow":["GET"]}}],"collection":[{"href":"https:\/\/antcube.shop\/da\/wp-json\/wp\/v2\/product"}],"about":[{"href":"https:\/\/antcube.shop\/da\/wp-json\/wp\/v2\/types\/product"}],"replies":[{"embeddable":true,"href":"https:\/\/antcube.shop\/da\/wp-json\/wp\/v2\/comments?post=3152"}],"wp:featuredmedia":[{"embeddable":true,"href":"https:\/\/antcube.shop\/da\/wp-json\/wp\/v2\/media\/3129"}],"wp:attachment":[{"href":"https:\/\/antcube.shop\/da\/wp-json\/wp\/v2\/media?parent=3152"}],"wp:term":[{"taxonomy":"product_brand","embeddable":true,"href":"https:\/\/antcube.shop\/da\/wp-json\/wp\/v2\/product_brand?post=3152"},{"taxonomy":"product_cat","embeddable":true,"href":"https:\/\/antcube.shop\/da\/wp-json\/wp\/v2\/product_cat?post=3152"},{"taxonomy":"product_tag","embeddable":true,"href":"https:\/\/antcube.shop\/da\/wp-json\/wp\/v2\/product_tag?post=3152"}],"curies":[{"name":"wp","href":"https:\/\/api.w.org\/{rel}","templated":true}]}}