{"id":2872,"date":"2021-10-13T18:47:01","date_gmt":"2021-10-13T16:47:01","guid":{"rendered":"https:\/\/antcube.shop\/produkt\/formicarienunterlage-20x6cm\/"},"modified":"2026-04-08T08:47:50","modified_gmt":"2026-04-08T06:47:50","slug":"formicarienunterlage-20x6cm","status":"publish","type":"product","link":"https:\/\/antcube.shop\/da\/vare\/formicarienunterlage-20x6cm\/","title":{"rendered":"Formicarium pude - 20x6cm"},"content":{"rendered":"<p><strong>Dimensioner:<\/strong> 190 x 60 x 4 mm<\/p>\n<p><strong>Materiale:<\/strong> PE-skum<\/p>\n<p><strong>Farve:<\/strong> gr\u00e5<\/p>\n<p><strong>Indhold:<\/strong> 1 stk.<\/p>\n<p><strong>Beskrivelse:<\/strong><br \/>\nFormicarium-puden er fremstillet af et bl\u00f8dt skummateriale.<br \/>\nDen beskytter b\u00e5de formicariet og det m\u00f8bel, som formicariet st\u00e5r p\u00e5, mod ridser.<br \/>\nDesuden tjener puden som varmeisolering for at kompensere for de mindste uj\u00e6vnheder og beskytter ogs\u00e5 mod vibrationer.<\/p>","protected":false},"excerpt":{"rendered":"<p>Dimensioner: M\u00e5l: 390 x 60 x 4 mm Materiale:: Materiale: PE-skum Farve: gr\u00e5 Indhold: Farve: 1 stk. Beskrivelse:: 1 stk: Formicarium puden er lavet af et bl\u00f8dt skummateriale. Den beskytter formicariet samt det m\u00f8bel, som formicariet st\u00e5r p\u00e5, mod ridser. Desuden tjener puden som varmeisolering for at kompensere for","protected":false},"featured_media":312,"comment_status":"open","ping_status":"closed","template":"","meta":{"_acf_changed":false,"content-type":"","_monsterinsights_skip_tracking":false,"_monsterinsights_sitenote_active":false,"_monsterinsights_sitenote_note":"","_monsterinsights_sitenote_category":0},"product_brand":[],"product_cat":[119,239],"product_tag":[],"class_list":{"0":"post-2872","1":"product","2":"type-product","3":"status-publish","4":"has-post-thumbnail","6":"product_cat-formicarium-components","7":"product_cat-useful-additions","9":"first","10":"instock","11":"taxable","12":"shipping-taxable","13":"purchasable","14":"product-type-simple"},"acf":[],"aioseo_notices":[],"jetpack_sharing_enabled":true,"_links":{"self":[{"href":"https:\/\/antcube.shop\/da\/wp-json\/wp\/v2\/product\/2872","targetHints":{"allow":["GET"]}}],"collection":[{"href":"https:\/\/antcube.shop\/da\/wp-json\/wp\/v2\/product"}],"about":[{"href":"https:\/\/antcube.shop\/da\/wp-json\/wp\/v2\/types\/product"}],"replies":[{"embeddable":true,"href":"https:\/\/antcube.shop\/da\/wp-json\/wp\/v2\/comments?post=2872"}],"wp:featuredmedia":[{"embeddable":true,"href":"https:\/\/antcube.shop\/da\/wp-json\/wp\/v2\/media\/312"}],"wp:attachment":[{"href":"https:\/\/antcube.shop\/da\/wp-json\/wp\/v2\/media?parent=2872"}],"wp:term":[{"taxonomy":"product_brand","embeddable":true,"href":"https:\/\/antcube.shop\/da\/wp-json\/wp\/v2\/product_brand?post=2872"},{"taxonomy":"product_cat","embeddable":true,"href":"https:\/\/antcube.shop\/da\/wp-json\/wp\/v2\/product_cat?post=2872"},{"taxonomy":"product_tag","embeddable":true,"href":"https:\/\/antcube.shop\/da\/wp-json\/wp\/v2\/product_tag?post=2872"}],"curies":[{"name":"wp","href":"https:\/\/api.w.org\/{rel}","templated":true}]}}