{"id":2871,"date":"2021-10-13T18:46:51","date_gmt":"2021-10-13T16:46:51","guid":{"rendered":"https:\/\/antcube.shop\/produkt\/beckenverbinder-b-27-und-s-10-16-mm-m25-set\/"},"modified":"2026-04-16T20:25:15","modified_gmt":"2026-04-16T18:25:15","slug":"beckenverbinder-b-27-und-s-10-16-mm-m25-set","status":"publish","type":"product","link":"https:\/\/antcube.shop\/da\/vare\/beckenverbinder-b-27-und-s-10-16-mm-m25-set\/","title":{"rendered":"Bassinkobling B-27 og S-10-16 mm M25 - s\u00e6t"},"content":{"rendered":"<p><strong>Dimensioner:<\/strong> til boring 27 og slange 10-16 mm<\/p>\n<p><strong>Indhold:<\/strong><br \/>\n1x skrueadapter<br \/>\n1x l\u00e5sem\u00f8trik<\/p>\n<p><strong>Beskrivelse:<\/strong> Dette bassin-stik inds\u00e6ttes gennem hullet og skrues fast med den medf\u00f8lgende kontram\u00f8trik. Dette sikrer, at forbindelsen er brudsikker og ogs\u00e5 holder sikkert, n\u00e5r vaskene flyttes. I den anden ende inds\u00e6ttes en passende slange.<\/p>","protected":false},"excerpt":{"rendered":"<p>Dimensioner: til boring 27 og slange 10-16 mm\r\n\r\nIndhold:\r\n1x skrueadapter\r\n1x kontram\u00f8trik\r\n\r\nBeskrivelse: Dette bassin stik, inds\u00e6ttes gennem hullet og skrues fast med den medf\u00f8lgende kontram\u00f8trik. Dette sikrer, at forbindelsen er brudsikker og holder ogs\u00e5 sikkert ved flytning af bassinerne. En passende slange inds\u00e6ttes i den anden ende.<\/p>","protected":false},"featured_media":2991,"comment_status":"open","ping_status":"closed","template":"","meta":{"_acf_changed":false,"content-type":"","_monsterinsights_skip_tracking":false,"_monsterinsights_sitenote_active":false,"_monsterinsights_sitenote_note":"","_monsterinsights_sitenote_category":0},"product_brand":[],"product_cat":[121],"product_tag":[],"class_list":{"0":"post-2871","1":"product","2":"type-product","3":"status-publish","4":"has-post-thumbnail","6":"product_cat-connectors","8":"first","9":"instock","10":"taxable","11":"shipping-taxable","12":"purchasable","13":"product-type-simple"},"acf":[],"aioseo_notices":[],"jetpack_sharing_enabled":true,"_links":{"self":[{"href":"https:\/\/antcube.shop\/da\/wp-json\/wp\/v2\/product\/2871","targetHints":{"allow":["GET"]}}],"collection":[{"href":"https:\/\/antcube.shop\/da\/wp-json\/wp\/v2\/product"}],"about":[{"href":"https:\/\/antcube.shop\/da\/wp-json\/wp\/v2\/types\/product"}],"replies":[{"embeddable":true,"href":"https:\/\/antcube.shop\/da\/wp-json\/wp\/v2\/comments?post=2871"}],"wp:featuredmedia":[{"embeddable":true,"href":"https:\/\/antcube.shop\/da\/wp-json\/wp\/v2\/media\/2991"}],"wp:attachment":[{"href":"https:\/\/antcube.shop\/da\/wp-json\/wp\/v2\/media?parent=2871"}],"wp:term":[{"taxonomy":"product_brand","embeddable":true,"href":"https:\/\/antcube.shop\/da\/wp-json\/wp\/v2\/product_brand?post=2871"},{"taxonomy":"product_cat","embeddable":true,"href":"https:\/\/antcube.shop\/da\/wp-json\/wp\/v2\/product_cat?post=2871"},{"taxonomy":"product_tag","embeddable":true,"href":"https:\/\/antcube.shop\/da\/wp-json\/wp\/v2\/product_tag?post=2871"}],"curies":[{"name":"wp","href":"https:\/\/api.w.org\/{rel}","templated":true}]}}