{"id":2869,"date":"2021-10-13T18:46:31","date_gmt":"2021-10-13T16:46:31","guid":{"rendered":"https:\/\/antcube.shop\/produkt\/antcube-gipsnest-20x20-liegend\/"},"modified":"2026-03-30T20:07:30","modified_gmt":"2026-03-30T18:07:30","slug":"antcube-gipsnest-20x20-liegend","status":"publish","type":"product","link":"https:\/\/antcube.shop\/da\/vare\/antcube-gipsnest-20x20-liegend\/","title":{"rendered":"ANTCUBE - gips rede 20\u00d720 - liggende"},"content":{"rendered":"<p><strong>Dimensioner:<\/strong><br \/>\n<strong>Gipsrede: <\/strong>190 x 190 x 20 mm<br \/>\n<strong>Glasd\u00e6ksel:<\/strong> 179 x 179 x 4 mm<\/p>\n<p><strong>Materiale:<\/strong> Gips<\/p>\n<p><strong>Indhold:<\/strong><br \/>\n1x gipsnest 20\u00d720 med to tilslutningsd\u00e5ser M 10\/08<br \/>\n1x glasd\u00e6ksel med 50 mm hul<br \/>\n1x akryl - ring 50mm til 27mm hul<br \/>\n1x Formicarium-bund 20\u00d720<br \/>\n2x gitterkappe - 10mm - rustfrit st\u00e5l<br \/>\n1x gitterindsats - 27 mm - rustfrit st\u00e5l<\/p>\n<p><strong>Beskrivelse:<\/strong> Vores gipsrede med pr\u00e6fabrikerede gange og kamre er velegnet til mange myrearter, is\u00e6r til arter, der bygger deres reder i meget sandede eller stenede jorde. Den har to tilslutningsd\u00e5ser som redeadgang. Gips har den egenskab at absorbere vand, s\u00e5 en vis m\u00e6ngde fugt opbevares. Ikke desto mindre b\u00f8r gipsboet ikke bruges permanent fugtigt, da det ellers kan f\u00f8re til skimmelsvamp (ved madrester eller ekskrementer fra myrerne). Derfor b\u00f8r man om muligt holde arter fra ret t\u00f8rre omr\u00e5der her. Dette ville f.eks. v\u00e6re arter fra Middelhavs- eller \u00f8rkenomr\u00e5der.<\/p>\n<p><strong>Bem\u00e6rk:<\/strong> P\u00e5 grund af konstruktionen er de ikke egnede til meget sm\u00e5 arter (f.eks. Pheidole-arter, Temnothorax-arter), idet der kan forekomme huller p\u00e5 0,3-0,5 mm.<\/p>\n<p>Bem\u00e6rkninger om forbindelsesd\u00e5serne<br \/>\nN\u00e5r du monterer eller afmonterer slanger, skal du v\u00e6re opm\u00e6rksom p\u00e5 f\u00f8lgende:<br \/>\nHvis slangen er meget vanskelig at montere p\u00e5 forbindelsesb\u00f8sningen, skal b\u00f8sningen gnides let med en dr\u00e5be af vores beskyttelsesolie eller pulver til beskyttelse mod udbrud. Slangen skal derefter skubbes p\u00e5 b\u00f8sningen med drejende eller skruende bev\u00e6gelser uden at belaste b\u00f8sningen med op- og nedadg\u00e5ende bev\u00e6gelser. Det samme g\u00e6lder, n\u00e5r slangerne fjernes fra forbindelsesb\u00f8sningen. Der m\u00e5 ikke blot tr\u00e6kkes af!<\/p>\n<p>&nbsp;<\/p>\n<p>&nbsp;<\/p>","protected":false},"excerpt":{"rendered":"<p>Dimensioner: Gipsrede: 190 x 190 x 20 mm Glasafd\u00e6kning: 179 x 179 x 4mm Materiale: Gips Indhold: 1x gipsrede 20\u00d720 med to tilslutningsstik M 10\/08 1x glasd\u00e6ksel med 50 mm hul 1x akryl - ring 50 mm til 27 mm hul 1x Formicarium base 20\u00d720 2x gitterh\u00e6tte - 10 mm - rustfrit st\u00e5l 1x [...]","protected":false},"featured_media":3194,"comment_status":"open","ping_status":"closed","template":"","meta":{"_acf_changed":false,"content-type":"","_monsterinsights_skip_tracking":false,"_monsterinsights_sitenote_active":false,"_monsterinsights_sitenote_note":"","_monsterinsights_sitenote_category":0},"product_brand":[],"product_cat":[80,86],"product_tag":[],"class_list":{"0":"post-2869","1":"product","2":"type-product","3":"status-publish","4":"has-post-thumbnail","6":"product_cat-antfarms","7":"product_cat-formicariums","9":"first","10":"instock","11":"taxable","12":"shipping-taxable","13":"purchasable","14":"product-type-simple"},"acf":[],"aioseo_notices":[],"jetpack_sharing_enabled":true,"_links":{"self":[{"href":"https:\/\/antcube.shop\/da\/wp-json\/wp\/v2\/product\/2869","targetHints":{"allow":["GET"]}}],"collection":[{"href":"https:\/\/antcube.shop\/da\/wp-json\/wp\/v2\/product"}],"about":[{"href":"https:\/\/antcube.shop\/da\/wp-json\/wp\/v2\/types\/product"}],"replies":[{"embeddable":true,"href":"https:\/\/antcube.shop\/da\/wp-json\/wp\/v2\/comments?post=2869"}],"wp:featuredmedia":[{"embeddable":true,"href":"https:\/\/antcube.shop\/da\/wp-json\/wp\/v2\/media\/3194"}],"wp:attachment":[{"href":"https:\/\/antcube.shop\/da\/wp-json\/wp\/v2\/media?parent=2869"}],"wp:term":[{"taxonomy":"product_brand","embeddable":true,"href":"https:\/\/antcube.shop\/da\/wp-json\/wp\/v2\/product_brand?post=2869"},{"taxonomy":"product_cat","embeddable":true,"href":"https:\/\/antcube.shop\/da\/wp-json\/wp\/v2\/product_cat?post=2869"},{"taxonomy":"product_tag","embeddable":true,"href":"https:\/\/antcube.shop\/da\/wp-json\/wp\/v2\/product_tag?post=2869"}],"curies":[{"name":"wp","href":"https:\/\/api.w.org\/{rel}","templated":true}]}}