{"id":2867,"date":"2021-10-13T18:43:10","date_gmt":"2021-10-13T16:43:10","guid":{"rendered":"https:\/\/antcube.shop\/produkt\/antcube-rote-folie-20x20-filter\/"},"modified":"2026-04-05T22:20:13","modified_gmt":"2026-04-05T20:20:13","slug":"antcube-rote-folie-20x20-filter","status":"publish","type":"product","link":"https:\/\/antcube.shop\/da\/vare\/antcube-rote-folie-20x20-filter\/","title":{"rendered":"ANTCUBE - R\u00f8d film 20\u00d720 - Filter"},"content":{"rendered":"<p><strong>Dimensioner:<\/strong> 19x16cm<\/p>\n<p><strong>Materiale:<\/strong> PVC<\/p>\n<p><strong>Beskrivelse:<\/strong> Den r\u00f8de gennemsigtige film bruges til at give myrerne en fornemmelse af at v\u00e6re under jorden. Derfor anbefaler vi, at dette produkt anvendes i det mindste delvist i redeomr\u00e5det. Ikke desto mindre kan du godt observere myrerne i boet. Pr\u00e6cis tilsk\u00e5ret til ANTCUBE \"Myretue 20x20cm S\/M\/L - st\u00e5ende\".<\/p>\n<p>Denne filterfolie har en bedre lysfiltreffekt end den normale d\u00e6kfolie. Temperaturbestandig op til 180 \u00b0C<\/p>\n<p>Filterfolien holder ved let tryk, selv ved let tryk, ogs\u00e5 af sig selv p\u00e5 g\u00e5rden eller i redeomr\u00e5det. Alternativt kan der anvendes gennemsigtigt kl\u00e6beb\u00e5nd til fastg\u00f8relse. Du skal blot fastg\u00f8re med to sm\u00e5 strimler i de \u00f8verste hj\u00f8rner, s\u00e5 folien senere kan l\u00f8ftes op for at f\u00e5 et bedre indblik i redeomr\u00e5det.<\/p>","protected":false},"excerpt":{"rendered":"<p>Dimensioner: 39x19cm Materiale: Materiale: PVC Den r\u00f8de gennemsigtige film er brugt til at give myrerne en underjordisk f\u00f8lelse. Derfor anbefaler vi at bruge dette produkt i det mindste delvist i redeomr\u00e5det. Ikke desto mindre kan du godt observere myrerne i boet. Pr\u00e6cis tilsk\u00e5ret til ANTCUBE \"Myretue 40x20cm S\/M\/L - st\u00e5ende\". Denne filterfolie","protected":false},"featured_media":5105,"comment_status":"open","ping_status":"closed","template":"","meta":{"_acf_changed":false,"content-type":"","_monsterinsights_skip_tracking":false,"_monsterinsights_sitenote_active":false,"_monsterinsights_sitenote_note":"","_monsterinsights_sitenote_category":0},"product_brand":[],"product_cat":[119,239],"product_tag":[],"class_list":{"0":"post-2867","1":"product","2":"type-product","3":"status-publish","4":"has-post-thumbnail","6":"product_cat-formicarium-components","7":"product_cat-useful-additions","9":"first","10":"instock","11":"taxable","12":"shipping-taxable","13":"purchasable","14":"product-type-simple"},"acf":[],"aioseo_notices":[],"jetpack_sharing_enabled":true,"_links":{"self":[{"href":"https:\/\/antcube.shop\/da\/wp-json\/wp\/v2\/product\/2867","targetHints":{"allow":["GET"]}}],"collection":[{"href":"https:\/\/antcube.shop\/da\/wp-json\/wp\/v2\/product"}],"about":[{"href":"https:\/\/antcube.shop\/da\/wp-json\/wp\/v2\/types\/product"}],"replies":[{"embeddable":true,"href":"https:\/\/antcube.shop\/da\/wp-json\/wp\/v2\/comments?post=2867"}],"wp:featuredmedia":[{"embeddable":true,"href":"https:\/\/antcube.shop\/da\/wp-json\/wp\/v2\/media\/5105"}],"wp:attachment":[{"href":"https:\/\/antcube.shop\/da\/wp-json\/wp\/v2\/media?parent=2867"}],"wp:term":[{"taxonomy":"product_brand","embeddable":true,"href":"https:\/\/antcube.shop\/da\/wp-json\/wp\/v2\/product_brand?post=2867"},{"taxonomy":"product_cat","embeddable":true,"href":"https:\/\/antcube.shop\/da\/wp-json\/wp\/v2\/product_cat?post=2867"},{"taxonomy":"product_tag","embeddable":true,"href":"https:\/\/antcube.shop\/da\/wp-json\/wp\/v2\/product_tag?post=2867"}],"curies":[{"name":"wp","href":"https:\/\/api.w.org\/{rel}","templated":true}]}}