{"id":2866,"date":"2021-10-13T18:43:01","date_gmt":"2021-10-13T16:43:01","guid":{"rendered":"https:\/\/antcube.shop\/produkt\/antcube-rote-folie-20x20-selbstklebend\/"},"modified":"2025-10-19T21:05:19","modified_gmt":"2025-10-19T19:05:19","slug":"antcube-rote-folie-20x20-selbstklebend","status":"publish","type":"product","link":"https:\/\/antcube.shop\/da\/vare\/antcube-rote-folie-20x20-selbstklebend\/","title":{"rendered":"ANTCUBE - R\u00f8d folie 20\u00d720 - selvkl\u00e6bende"},"content":{"rendered":"<p><strong>Dimensioner:<\/strong> 19x19cm<\/p>\n<p><strong>Materiale:<\/strong> PVC<\/p>\n<p><strong>Beskrivelse:<\/strong> Den selvkl\u00e6bende r\u00f8de gennemsigtige folie bruges til at give myrerne en underjordisk fornemmelse. Derfor anbefaler vi, at dette produkt anvendes i det mindste delvist i redeomr\u00e5det. Ikke desto mindre kan du godt observere myrerne i boet. Pr\u00e6cis tilsk\u00e5ret til ANTCUBE \"Myretue 20x20cm <strong>S\/M\/L<\/strong> - st\u00e5ende\".<\/p>","protected":false},"excerpt":{"rendered":"<p>Dimensioner: 19x19cm\r\n\r\nMateriale: MATERIALE: PVC\r\n\r\n Den selvkl\u00e6bende r\u00f8de gennemsigtige film bruges til at give myrerne en underjordisk f\u00f8lelse. Derfor anbefaler vi at bruge dette produkt i det mindste delvist i redeomr\u00e5det. Ikke desto mindre kan du godt observere myrerne i boet. Pr\u00e6cis tilsk\u00e5ret til ANTCUBE \"Myretue 20x20cm S\/M\/L - st\u00e5ende\".<\/p>","protected":false},"featured_media":302,"comment_status":"open","ping_status":"closed","template":"","meta":{"_acf_changed":false,"content-type":"","_monsterinsights_skip_tracking":false,"_monsterinsights_sitenote_active":false,"_monsterinsights_sitenote_note":"","_monsterinsights_sitenote_category":0},"product_brand":[],"product_cat":[119,239],"product_tag":[],"class_list":{"0":"post-2866","1":"product","2":"type-product","3":"status-publish","4":"has-post-thumbnail","6":"product_cat-formicarium-components","7":"product_cat-useful-additions","9":"first","10":"outofstock","11":"taxable","12":"shipping-taxable","13":"purchasable","14":"product-type-simple"},"acf":[],"aioseo_notices":[],"jetpack_sharing_enabled":true,"_links":{"self":[{"href":"https:\/\/antcube.shop\/da\/wp-json\/wp\/v2\/product\/2866","targetHints":{"allow":["GET"]}}],"collection":[{"href":"https:\/\/antcube.shop\/da\/wp-json\/wp\/v2\/product"}],"about":[{"href":"https:\/\/antcube.shop\/da\/wp-json\/wp\/v2\/types\/product"}],"replies":[{"embeddable":true,"href":"https:\/\/antcube.shop\/da\/wp-json\/wp\/v2\/comments?post=2866"}],"wp:featuredmedia":[{"embeddable":true,"href":"https:\/\/antcube.shop\/da\/wp-json\/wp\/v2\/media\/302"}],"wp:attachment":[{"href":"https:\/\/antcube.shop\/da\/wp-json\/wp\/v2\/media?parent=2866"}],"wp:term":[{"taxonomy":"product_brand","embeddable":true,"href":"https:\/\/antcube.shop\/da\/wp-json\/wp\/v2\/product_brand?post=2866"},{"taxonomy":"product_cat","embeddable":true,"href":"https:\/\/antcube.shop\/da\/wp-json\/wp\/v2\/product_cat?post=2866"},{"taxonomy":"product_tag","embeddable":true,"href":"https:\/\/antcube.shop\/da\/wp-json\/wp\/v2\/product_tag?post=2866"}],"curies":[{"name":"wp","href":"https:\/\/api.w.org\/{rel}","templated":true}]}}