{"id":2865,"date":"2021-10-13T18:42:51","date_gmt":"2021-10-13T16:42:51","guid":{"rendered":"https:\/\/antcube.shop\/produkt\/futterspender-2ml-dosierbar\/"},"modified":"2026-04-08T08:47:59","modified_gmt":"2026-04-08T06:47:59","slug":"futterspender-2ml-dosierbar","status":"publish","type":"product","link":"https:\/\/antcube.shop\/da\/vare\/futterspender-2ml-dosierbar\/","title":{"rendered":"Foderdispenser 2ml - doserbar"},"content":{"rendered":"<p><strong>Dimensioner:<\/strong> 30x40x50 mm, 2 ml<\/p>\n<p><strong>Indhold:<\/strong><br \/>\n1x fod med 1x 2,5 mm \u00e5bning (1-2 mm kan doseres).<br \/>\n1x myrefoderr\u00f8r<\/p>\n<p><strong>Materiale:<\/strong> PMMA, PS<\/p>\n<p><strong>Beskrivelse:<\/strong> Med denne dispenser kan myrerne i et formicarium fodre sig selv med det tilbudte foder. Ideel ogs\u00e5 til feries\u00e6sonen. De 2 ml myrefoderr\u00f8r kan s\u00e6ttes ind i bunden. P\u00e5 grund af indf\u00f8ringsdybden kan den tilg\u00e6ngelige m\u00e6ngde foder doseres. Dispenseren med det 2,5 mm brede udl\u00f8b er velegnet til alt vores foder i pulverform samt til minor- og mediekornblandinger.<\/p>\n<p><strong>Farver:<\/strong> gennemsigtig<\/p>","protected":false},"excerpt":{"rendered":"<p>Dimensioner: 30x40x50 mm, 2 ml<\/p>","protected":false},"featured_media":306,"comment_status":"open","ping_status":"closed","template":"","meta":{"_acf_changed":false,"content-type":"","_monsterinsights_skip_tracking":false,"_monsterinsights_sitenote_active":false,"_monsterinsights_sitenote_note":"","_monsterinsights_sitenote_category":0},"product_brand":[],"product_cat":[115,118],"product_tag":[],"class_list":{"0":"post-2865","1":"product","2":"type-product","3":"status-publish","4":"has-post-thumbnail","6":"product_cat-food-and-feeding","7":"product_cat-feeding-bowls","9":"first","10":"instock","11":"taxable","12":"shipping-taxable","13":"purchasable","14":"product-type-simple"},"acf":[],"aioseo_notices":[],"jetpack_sharing_enabled":true,"_links":{"self":[{"href":"https:\/\/antcube.shop\/da\/wp-json\/wp\/v2\/product\/2865","targetHints":{"allow":["GET"]}}],"collection":[{"href":"https:\/\/antcube.shop\/da\/wp-json\/wp\/v2\/product"}],"about":[{"href":"https:\/\/antcube.shop\/da\/wp-json\/wp\/v2\/types\/product"}],"replies":[{"embeddable":true,"href":"https:\/\/antcube.shop\/da\/wp-json\/wp\/v2\/comments?post=2865"}],"wp:featuredmedia":[{"embeddable":true,"href":"https:\/\/antcube.shop\/da\/wp-json\/wp\/v2\/media\/306"}],"wp:attachment":[{"href":"https:\/\/antcube.shop\/da\/wp-json\/wp\/v2\/media?parent=2865"}],"wp:term":[{"taxonomy":"product_brand","embeddable":true,"href":"https:\/\/antcube.shop\/da\/wp-json\/wp\/v2\/product_brand?post=2865"},{"taxonomy":"product_cat","embeddable":true,"href":"https:\/\/antcube.shop\/da\/wp-json\/wp\/v2\/product_cat?post=2865"},{"taxonomy":"product_tag","embeddable":true,"href":"https:\/\/antcube.shop\/da\/wp-json\/wp\/v2\/product_tag?post=2865"}],"curies":[{"name":"wp","href":"https:\/\/api.w.org\/{rel}","templated":true}]}}