{"id":2860,"date":"2021-10-13T18:42:02","date_gmt":"2021-10-13T16:42:02","guid":{"rendered":"https:\/\/antcube.shop\/produkt\/antcube-korknest-20x20-stehend\/"},"modified":"2026-04-07T00:42:13","modified_gmt":"2026-04-06T22:42:13","slug":"antcube-korknest-20x20-stehend","status":"publish","type":"product","link":"https:\/\/antcube.shop\/da\/vare\/antcube-korknest-20x20-stehend\/","title":{"rendered":"ANTCUBE - Kork rede 20\u00d720 - st\u00e5ende"},"content":{"rendered":"<p><strong>Dimensioner:<\/strong> 183 x 160 x 20 mm<\/p>\n<p><strong>Materiale:<\/strong> Kork (fint)<\/p>\n<p>Passer kun i vores st\u00f8rrelse til myretuer <strong>L<\/strong><\/p>\n<p><strong>Beskrivelse:<\/strong> Denne korkrede med pr\u00e6fabrikerede passager og kamre er velegnet til forskellige myrearter, is\u00e6r til arter, der yngler i (d\u00f8dt) tr\u00e6. Den har et hul til adgang til reden.<br \/>\nKork er kemisk neutral. Dens struktur er ikke kun uigennemtr\u00e6ngelig for v\u00e6sker, men for\u00e5rsager heller ingen kemiske reaktioner og bliver derfor ikke beskadiget. For meget fugt kan dog for\u00e5rsage r\u00e5d i det lange l\u00f8b og reducere boets levetid. Ikke desto mindre er kork meget modstandsdygtig over for r\u00e5d, svampe- og skimmelangreb. Dette skyldes dens overflade og struktur, som ikke giver svampe en god grobund for at kolonisere sig. Madrester og ekskrementer fra dyrene samt andre organiske stoffer kan dog fremme skimmelv\u00e6kst.<\/p>\n<p>Derfor anbefaler vi, at man prim\u00e6rt opbevarer arter fra t\u00f8rre omr\u00e5der i kork. Arter fra fugtige levesteder kan dog godt holdes i dette s\u00e6t, da r\u00e5d ikke er et problem for de fleste arter. Ogs\u00e5 mange myrer fra Nordeuropa som Camponotus herculeanus eller Formica fusca lever i r\u00e5ddent tr\u00e6.<\/p>\n<p>&nbsp;<\/p>","protected":false},"excerpt":{"rendered":"<p><strong>Passer kun til<\/strong> i vores myrefarme st\u00f8rrelse <strong>L<\/strong><\/p>\n<p><strong>Dimensioner:<\/strong> 183 x 160 x 20 mm<\/p>","protected":false},"featured_media":350,"comment_status":"open","ping_status":"closed","template":"","meta":{"_acf_changed":false,"content-type":"","_monsterinsights_skip_tracking":false,"_monsterinsights_sitenote_active":false,"_monsterinsights_sitenote_note":"","_monsterinsights_sitenote_category":0},"product_brand":[],"product_cat":[87,89],"product_tag":[],"class_list":{"0":"post-2860","1":"product","2":"type-product","3":"status-publish","4":"has-post-thumbnail","6":"product_cat-nest-insets","7":"product_cat-cork","9":"first","10":"instock","11":"taxable","12":"shipping-taxable","13":"purchasable","14":"product-type-simple"},"acf":[],"aioseo_notices":[],"jetpack_sharing_enabled":true,"_links":{"self":[{"href":"https:\/\/antcube.shop\/da\/wp-json\/wp\/v2\/product\/2860","targetHints":{"allow":["GET"]}}],"collection":[{"href":"https:\/\/antcube.shop\/da\/wp-json\/wp\/v2\/product"}],"about":[{"href":"https:\/\/antcube.shop\/da\/wp-json\/wp\/v2\/types\/product"}],"replies":[{"embeddable":true,"href":"https:\/\/antcube.shop\/da\/wp-json\/wp\/v2\/comments?post=2860"}],"wp:featuredmedia":[{"embeddable":true,"href":"https:\/\/antcube.shop\/da\/wp-json\/wp\/v2\/media\/350"}],"wp:attachment":[{"href":"https:\/\/antcube.shop\/da\/wp-json\/wp\/v2\/media?parent=2860"}],"wp:term":[{"taxonomy":"product_brand","embeddable":true,"href":"https:\/\/antcube.shop\/da\/wp-json\/wp\/v2\/product_brand?post=2860"},{"taxonomy":"product_cat","embeddable":true,"href":"https:\/\/antcube.shop\/da\/wp-json\/wp\/v2\/product_cat?post=2860"},{"taxonomy":"product_tag","embeddable":true,"href":"https:\/\/antcube.shop\/da\/wp-json\/wp\/v2\/product_tag?post=2860"}],"curies":[{"name":"wp","href":"https:\/\/api.w.org\/{rel}","templated":true}]}}