{"id":2859,"date":"2021-10-13T18:41:44","date_gmt":"2021-10-13T16:41:44","guid":{"rendered":"https:\/\/antcube.shop\/produkt\/tranke-klar-20ml-schwamm\/"},"modified":"2026-04-06T21:05:15","modified_gmt":"2026-04-06T19:05:15","slug":"tranke-klar-20ml-schwamm","status":"publish","type":"product","link":"https:\/\/antcube.shop\/da\/vare\/tranke-klar-20ml-schwamm\/","title":{"rendered":"Drikketrug klar 20 ml - svamp"},"content":{"rendered":"<p><strong>Dimensioner:<\/strong> 40x50x68 mm, 20 ml<\/p>\n<p><strong>Indhold:<\/strong><br \/>\n1x bund med 4x 3mm \u00e5bninger og integreret svamp.<br \/>\n1x vandbeholder 62x22mm (20ml)<br \/>\n1x svamp 30mm<\/p>\n<p><strong>Materiale:<\/strong> PS, PMMA, skum (ekstremt finporet og absorberende)<\/p>\n<p><strong>Beskrivelse:<\/strong> Dette giver myrerne mulighed for at forsyne sig selv med tilstr\u00e6kkelig fugt i et formicarium. Ideelt ogs\u00e5 til feries\u00e6sonen. Vandbeholderen p\u00e5 20 ml kan inds\u00e6ttes i foden (Obs: S\u00e6t ikke tanken helt ind, men kun op til svampens niveau, for ikke at afbryde vandtilf\u00f8rslen). Svampen med en st\u00f8rre diameter end den p\u00e5satte tank g\u00f8r det muligt for fugt at sive ind i foden. De 4 fine 18 mm store \u00e5bninger i bunden, der er placeret i alle fire kardinalretninger, g\u00f8r det muligt at fodre kolonier med et stort antal dyr. Ved at fjerne skummet sikrer dyrene en tilstr\u00e6kkelig v\u00e6sketilf\u00f8rsel.<\/p>\n<p><strong>Farver:<\/strong> krystalklar, gr\u00e5<\/p>\n<p>&nbsp;<\/p>","protected":false},"excerpt":{"rendered":"<p><strong>Dimensioner:<\/strong> 40x50x68 mm, 20 ml<\/p>","protected":false},"featured_media":3004,"comment_status":"open","ping_status":"closed","template":"","meta":{"_acf_changed":false,"content-type":"","_monsterinsights_skip_tracking":false,"_monsterinsights_sitenote_active":false,"_monsterinsights_sitenote_note":"","_monsterinsights_sitenote_category":0},"product_brand":[],"product_cat":[115,117],"product_tag":[],"class_list":{"0":"post-2859","1":"product","2":"type-product","3":"status-publish","4":"has-post-thumbnail","6":"product_cat-food-and-feeding","7":"product_cat-drinkers-for-ants","9":"first","10":"instock","11":"taxable","12":"shipping-taxable","13":"purchasable","14":"product-type-simple"},"acf":[],"aioseo_notices":[],"jetpack_sharing_enabled":true,"_links":{"self":[{"href":"https:\/\/antcube.shop\/da\/wp-json\/wp\/v2\/product\/2859","targetHints":{"allow":["GET"]}}],"collection":[{"href":"https:\/\/antcube.shop\/da\/wp-json\/wp\/v2\/product"}],"about":[{"href":"https:\/\/antcube.shop\/da\/wp-json\/wp\/v2\/types\/product"}],"replies":[{"embeddable":true,"href":"https:\/\/antcube.shop\/da\/wp-json\/wp\/v2\/comments?post=2859"}],"wp:featuredmedia":[{"embeddable":true,"href":"https:\/\/antcube.shop\/da\/wp-json\/wp\/v2\/media\/3004"}],"wp:attachment":[{"href":"https:\/\/antcube.shop\/da\/wp-json\/wp\/v2\/media?parent=2859"}],"wp:term":[{"taxonomy":"product_brand","embeddable":true,"href":"https:\/\/antcube.shop\/da\/wp-json\/wp\/v2\/product_brand?post=2859"},{"taxonomy":"product_cat","embeddable":true,"href":"https:\/\/antcube.shop\/da\/wp-json\/wp\/v2\/product_cat?post=2859"},{"taxonomy":"product_tag","embeddable":true,"href":"https:\/\/antcube.shop\/da\/wp-json\/wp\/v2\/product_tag?post=2859"}],"curies":[{"name":"wp","href":"https:\/\/api.w.org\/{rel}","templated":true}]}}