{"id":2854,"date":"2021-10-13T18:40:55","date_gmt":"2021-10-13T16:40:55","guid":{"rendered":"https:\/\/antcube.shop\/produkt\/mini-thermo-hygrometer-analog-display-hangend\/"},"modified":"2026-04-05T12:30:18","modified_gmt":"2026-04-05T10:30:18","slug":"mini-thermo-hygrometer-analog-display-hangend","status":"publish","type":"product","link":"https:\/\/antcube.shop\/da\/vare\/mini-thermo-hygrometer-analog-display-hangend\/","title":{"rendered":"Mini termohygrometer analogt - display - h\u00e6ngende"},"content":{"rendered":"<p><strong>Dimensioner:<\/strong> 75mm x 45mm, 20mm dyb<\/p>\n<p><strong>Materiale:<\/strong> metal \/ akryl<\/p>\n<p><strong>Farve:<\/strong> metal, s\u00f8lv \/ gennemsigtig<\/p>\n<p><strong>Indhold:<\/strong> 1x mini termometer analogt metal - 25mm, 1x mini hygrometer analogt metal - 25mm, 1x akrylglasholder med udsk\u00e6ringer til m\u00e5leinstrumenterne - 75x45mm, 1x akrylglasbund - 75x20mm, 2x gennemsigtige kl\u00e6bepuder - 30x20mm<\/p>\n<p><strong>Beskrivelse:<\/strong><br \/>\nS\u00e6ttet best\u00e5r af et analogt termometer og et hygrometer af metal (25 mm), som er indsat i en akrylglasplade (75x45 mm). Displayet er fastgjort ved hj\u00e6lp af to gennemsigtige kl\u00e6bepuder, som kan bruges til at fastg\u00f8re basen (75x20mm) over hovedet p\u00e5 l\u00e5ger eller rammer.<\/p>\n<p><strong>Et tip:<\/strong><br \/>\nM\u00e5leinstrumenterne p\u00e5 bagsiden skal v\u00e6re fri, da der ellers kan opst\u00e5 m\u00e5lefejl.<\/p>\n<p><strong>N\u00f8jagtighed:<\/strong> +\/- 2\u00b0C , +\/- 4\u00b0F<br \/>\n<strong>N\u00f8jagtighed:<\/strong> +\/- 5%<\/p>","protected":false},"excerpt":{"rendered":"<p>S\u00e6t med termometer og hygrometer af metal (25 mm) indsat i en akrylglasplade (75x45 mm)<\/p>","protected":false},"featured_media":311,"comment_status":"open","ping_status":"closed","template":"","meta":{"_acf_changed":false,"content-type":"","_monsterinsights_skip_tracking":false,"_monsterinsights_sitenote_active":false,"_monsterinsights_sitenote_note":"","_monsterinsights_sitenote_category":0},"product_brand":[],"product_cat":[119,239],"product_tag":[],"class_list":{"0":"post-2854","1":"product","2":"type-product","3":"status-publish","4":"has-post-thumbnail","6":"product_cat-formicarium-components","7":"product_cat-useful-additions","9":"first","10":"instock","11":"taxable","12":"shipping-taxable","13":"purchasable","14":"product-type-simple"},"acf":[],"aioseo_notices":[],"jetpack_sharing_enabled":true,"_links":{"self":[{"href":"https:\/\/antcube.shop\/da\/wp-json\/wp\/v2\/product\/2854","targetHints":{"allow":["GET"]}}],"collection":[{"href":"https:\/\/antcube.shop\/da\/wp-json\/wp\/v2\/product"}],"about":[{"href":"https:\/\/antcube.shop\/da\/wp-json\/wp\/v2\/types\/product"}],"replies":[{"embeddable":true,"href":"https:\/\/antcube.shop\/da\/wp-json\/wp\/v2\/comments?post=2854"}],"wp:featuredmedia":[{"embeddable":true,"href":"https:\/\/antcube.shop\/da\/wp-json\/wp\/v2\/media\/311"}],"wp:attachment":[{"href":"https:\/\/antcube.shop\/da\/wp-json\/wp\/v2\/media?parent=2854"}],"wp:term":[{"taxonomy":"product_brand","embeddable":true,"href":"https:\/\/antcube.shop\/da\/wp-json\/wp\/v2\/product_brand?post=2854"},{"taxonomy":"product_cat","embeddable":true,"href":"https:\/\/antcube.shop\/da\/wp-json\/wp\/v2\/product_cat?post=2854"},{"taxonomy":"product_tag","embeddable":true,"href":"https:\/\/antcube.shop\/da\/wp-json\/wp\/v2\/product_tag?post=2854"}],"curies":[{"name":"wp","href":"https:\/\/api.w.org\/{rel}","templated":true}]}}