{"id":2853,"date":"2021-10-13T18:40:45","date_gmt":"2021-10-13T16:40:45","guid":{"rendered":"https:\/\/antcube.shop\/produkt\/gittereinsatz-50mm-edelstahl\/"},"modified":"2026-04-04T11:44:15","modified_gmt":"2026-04-04T09:44:15","slug":"gittereinsatz-50mm-edelstahl","status":"publish","type":"product","link":"https:\/\/antcube.shop\/da\/vare\/gittereinsatz-50mm-edelstahl\/","title":{"rendered":"Gitterindsats - 50 mm - rustfrit st\u00e5l"},"content":{"rendered":"<p><strong>Antal:<\/strong> 1 stk.<\/p>\n<p><strong>Dimensioner:<\/strong> 50 mm (indvendig diameter), 56\u00d74 mm (ydre dimensioner)<\/p>\n<p><strong>Farve:<\/strong> gennemsigtig<\/p>\n<p><strong>Materiale:<\/strong> rustfrit st\u00e5l, akrylglas<\/p>\n<p><strong>Beskrivelse:<\/strong><br \/>\nDenne gitterindsats med meget fint gitter i rustfrit st\u00e5l (0,2 mm) kan inds\u00e6ttes i hullerne 50 mm og giver en god formicariumventilation, uden at myrerne kan bryde ud.<br \/>\nI tilf\u00e6lde af sidebef\u00e6stigelse anbefaler vi yderligere fastg\u00f8relse med kommercielt tilg\u00e6ngelige kl\u00e6bemidler for at undg\u00e5 at falde ud p\u00e5 grund af eventuelle st\u00f8d.<\/p>\n<p><strong>Bem\u00e6rk:<\/strong> Ogs\u00e5 velegnet til meget kraftigt bidende arter som f.eks. bladsk\u00e6rermyrer!<\/p>\n<p>&nbsp;<\/p>","protected":false},"excerpt":{"rendered":"<p>Antal: Antal: 1 stk: Farve: gennemsigtig Materiale: rustfrit st\u00e5l, akryl Beskrivelse: Beskrivelse: Stykke: 27 mm (indvendig diameter), 33x4 mm (ydre dimensioner) Dette gitterindsats med meget fint gitter i rustfrit st\u00e5l (0,2 mm) kan inds\u00e6ttes i hullerne 27mm og giver god formicariumventilation uden at myrerne kan bryde ud. I tilf\u00e6lde af sidebef\u00e6stigelse anbefaler vi, at","protected":false},"featured_media":338,"comment_status":"open","ping_status":"closed","template":"","meta":{"_acf_changed":false,"content-type":"","_monsterinsights_skip_tracking":false,"_monsterinsights_sitenote_active":false,"_monsterinsights_sitenote_note":"","_monsterinsights_sitenote_category":0},"product_brand":[],"product_cat":[238],"product_tag":[],"class_list":{"0":"post-2853","1":"product","2":"type-product","3":"status-publish","4":"has-post-thumbnail","6":"product_cat-grid-caps-plugs-and-inserts","8":"first","9":"outofstock","10":"taxable","11":"shipping-taxable","12":"purchasable","13":"product-type-simple"},"acf":[],"aioseo_notices":[],"jetpack_sharing_enabled":true,"_links":{"self":[{"href":"https:\/\/antcube.shop\/da\/wp-json\/wp\/v2\/product\/2853","targetHints":{"allow":["GET"]}}],"collection":[{"href":"https:\/\/antcube.shop\/da\/wp-json\/wp\/v2\/product"}],"about":[{"href":"https:\/\/antcube.shop\/da\/wp-json\/wp\/v2\/types\/product"}],"replies":[{"embeddable":true,"href":"https:\/\/antcube.shop\/da\/wp-json\/wp\/v2\/comments?post=2853"}],"wp:featuredmedia":[{"embeddable":true,"href":"https:\/\/antcube.shop\/da\/wp-json\/wp\/v2\/media\/338"}],"wp:attachment":[{"href":"https:\/\/antcube.shop\/da\/wp-json\/wp\/v2\/media?parent=2853"}],"wp:term":[{"taxonomy":"product_brand","embeddable":true,"href":"https:\/\/antcube.shop\/da\/wp-json\/wp\/v2\/product_brand?post=2853"},{"taxonomy":"product_cat","embeddable":true,"href":"https:\/\/antcube.shop\/da\/wp-json\/wp\/v2\/product_cat?post=2853"},{"taxonomy":"product_tag","embeddable":true,"href":"https:\/\/antcube.shop\/da\/wp-json\/wp\/v2\/product_tag?post=2853"}],"curies":[{"name":"wp","href":"https:\/\/api.w.org\/{rel}","templated":true}]}}