{"id":2849,"date":"2021-10-13T18:40:06","date_gmt":"2021-10-13T16:40:06","guid":{"rendered":"https:\/\/antcube.shop\/produkt\/gitterkappe-6mm-edelstahl\/"},"modified":"2026-04-13T09:31:38","modified_gmt":"2026-04-13T07:31:38","slug":"gitterkappe-6mm-edelstahl","status":"publish","type":"product","link":"https:\/\/antcube.shop\/da\/vare\/gitterkappe-6mm-edelstahl\/","title":{"rendered":"Gitterkappe - 6 mm - Rustfrit st\u00e5l"},"content":{"rendered":"<p><strong>Antal:<\/strong> 1 stk.<\/p>\n<p><strong>Dimensioner:<\/strong> 6 mm (indvendig diameter), 10\u00d74 mm (ydre dimensioner)<\/p>\n<p><strong>Farve:<\/strong> gennemsigtig<\/p>\n<p><strong>Materiale:<\/strong> rustfrit st\u00e5l, akryl<\/p>\n<p><strong>Beskrivelse:<\/strong><br \/>\nDenne gitterh\u00e6tte med meget fint gitter i rustfrit st\u00e5l (0,2 mm) kan s\u00e6ttes p\u00e5 en fatning, et r\u00f8r eller en slangeende og giver en god formicariumventilation uden at myrerne kan bryde ud. B\u00e5de gitteret i rustfrit st\u00e5l og akrylglasrammen er gennemsigtige.<\/p>\n<p><strong>Bem\u00e6rk:<\/strong> Ogs\u00e5 velegnet til meget kraftigt bidende arter som f.eks. bladsk\u00e6rermyrer!<\/p>\n<p>&nbsp;<\/p>","protected":false},"excerpt":{"rendered":"<p>Antal: Antal: 1 stk: Farve: gennemsigtig Materiale: rustfrit st\u00e5l, akryl Beskrivelse: Beskrivelse: Stykke: 6mm (indvendig diameter), 10x4 mm (ydre dimensioner) Denne gitterh\u00e6tte med meget fint gitter i rustfrit st\u00e5l (0,2 mm) kan s\u00e6ttes p\u00e5 en fatning, et r\u00f8r eller en slangeende og giver en god formicariumventilation uden at myrerne kan bryde ud. B\u00e5de den","protected":false},"featured_media":334,"comment_status":"open","ping_status":"closed","template":"","meta":{"_acf_changed":false,"content-type":"","_monsterinsights_skip_tracking":false,"_monsterinsights_sitenote_active":false,"_monsterinsights_sitenote_note":"","_monsterinsights_sitenote_category":0},"product_brand":[],"product_cat":[238],"product_tag":[],"class_list":{"0":"post-2849","1":"product","2":"type-product","3":"status-publish","4":"has-post-thumbnail","6":"product_cat-grid-caps-plugs-and-inserts","8":"first","9":"instock","10":"taxable","11":"shipping-taxable","12":"purchasable","13":"product-type-simple"},"acf":[],"aioseo_notices":[],"jetpack_sharing_enabled":true,"_links":{"self":[{"href":"https:\/\/antcube.shop\/da\/wp-json\/wp\/v2\/product\/2849","targetHints":{"allow":["GET"]}}],"collection":[{"href":"https:\/\/antcube.shop\/da\/wp-json\/wp\/v2\/product"}],"about":[{"href":"https:\/\/antcube.shop\/da\/wp-json\/wp\/v2\/types\/product"}],"replies":[{"embeddable":true,"href":"https:\/\/antcube.shop\/da\/wp-json\/wp\/v2\/comments?post=2849"}],"wp:featuredmedia":[{"embeddable":true,"href":"https:\/\/antcube.shop\/da\/wp-json\/wp\/v2\/media\/334"}],"wp:attachment":[{"href":"https:\/\/antcube.shop\/da\/wp-json\/wp\/v2\/media?parent=2849"}],"wp:term":[{"taxonomy":"product_brand","embeddable":true,"href":"https:\/\/antcube.shop\/da\/wp-json\/wp\/v2\/product_brand?post=2849"},{"taxonomy":"product_cat","embeddable":true,"href":"https:\/\/antcube.shop\/da\/wp-json\/wp\/v2\/product_cat?post=2849"},{"taxonomy":"product_tag","embeddable":true,"href":"https:\/\/antcube.shop\/da\/wp-json\/wp\/v2\/product_tag?post=2849"}],"curies":[{"name":"wp","href":"https:\/\/api.w.org\/{rel}","templated":true}]}}