{"id":2846,"date":"2021-10-13T18:38:18","date_gmt":"2021-10-13T16:38:18","guid":{"rendered":"https:\/\/antcube.shop\/produkt\/formicariengranulat-200ml-rot\/"},"modified":"2026-04-02T09:54:37","modified_gmt":"2026-04-02T07:54:37","slug":"formicariengranulat-200ml-rot","status":"publish","type":"product","link":"https:\/\/antcube.shop\/da\/vare\/formicariengranulat-200ml-rot\/","title":{"rendered":"Formicarium granulat 200 ml - r\u00f8d"},"content":{"rendered":"<p><strong>Indhold:<\/strong> 200 ml (svarende til ~80 g)<\/p>\n<p><strong>Kornst\u00f8rrelse:<\/strong> 1 - 6 mm<\/p>\n<p><strong>Farve:<\/strong> r\u00f8d<\/p>\n<p><strong>Grundmateriale:<\/strong> en s\u00e6rlig blanding af ler af h\u00f8j kvalitet<\/p>\n<p><strong>Beskrivelse:<\/strong> Materialet holder p\u00e5 fugten og s\u00f8rger for en god luftning af jorden i formicariet, hvilket beskytter mod vandm\u00e6tning og r\u00e5d. Granulatlaget b\u00f8r anvendes ca. 1-2 cm som det laveste jordlag i en bedrift.<\/p>\n<p><strong>Egenskaber:<\/strong><br \/>\n- uorganisk, mineralsk produkt<br \/>\n- biologisk og kemisk neutral<br \/>\n- strukturelt stabil<br \/>\n- lagrer fugt<\/p>\n<p>&nbsp;<\/p>","protected":false},"excerpt":{"rendered":"<p>Til underlag af r\u00f8dt sand\/ler<\/p>","protected":false},"featured_media":385,"comment_status":"open","ping_status":"closed","template":"","meta":{"_acf_changed":false,"content-type":"","_monsterinsights_skip_tracking":false,"_monsterinsights_sitenote_active":false,"_monsterinsights_sitenote_note":"","_monsterinsights_sitenote_category":0},"product_brand":[],"product_cat":[241],"product_tag":[],"class_list":{"0":"post-2846","1":"product","2":"type-product","3":"status-publish","4":"has-post-thumbnail","6":"product_cat-granules","8":"first","9":"instock","10":"taxable","11":"shipping-taxable","12":"purchasable","13":"product-type-simple"},"acf":[],"aioseo_notices":[],"jetpack_sharing_enabled":true,"_links":{"self":[{"href":"https:\/\/antcube.shop\/da\/wp-json\/wp\/v2\/product\/2846","targetHints":{"allow":["GET"]}}],"collection":[{"href":"https:\/\/antcube.shop\/da\/wp-json\/wp\/v2\/product"}],"about":[{"href":"https:\/\/antcube.shop\/da\/wp-json\/wp\/v2\/types\/product"}],"replies":[{"embeddable":true,"href":"https:\/\/antcube.shop\/da\/wp-json\/wp\/v2\/comments?post=2846"}],"wp:featuredmedia":[{"embeddable":true,"href":"https:\/\/antcube.shop\/da\/wp-json\/wp\/v2\/media\/385"}],"wp:attachment":[{"href":"https:\/\/antcube.shop\/da\/wp-json\/wp\/v2\/media?parent=2846"}],"wp:term":[{"taxonomy":"product_brand","embeddable":true,"href":"https:\/\/antcube.shop\/da\/wp-json\/wp\/v2\/product_brand?post=2846"},{"taxonomy":"product_cat","embeddable":true,"href":"https:\/\/antcube.shop\/da\/wp-json\/wp\/v2\/product_cat?post=2846"},{"taxonomy":"product_tag","embeddable":true,"href":"https:\/\/antcube.shop\/da\/wp-json\/wp\/v2\/product_tag?post=2846"}],"curies":[{"name":"wp","href":"https:\/\/api.w.org\/{rel}","templated":true}]}}