{"id":2842,"date":"2021-10-13T18:37:40","date_gmt":"2021-10-13T16:37:40","guid":{"rendered":"https:\/\/antcube.shop\/produkt\/ameisenarena-rahmen-20x20\/"},"modified":"2026-04-05T21:18:11","modified_gmt":"2026-04-05T19:18:11","slug":"ameisenarena-rahmen-20x20","status":"publish","type":"product","link":"https:\/\/antcube.shop\/da\/vare\/ameisenarena-rahmen-20x20\/","title":{"rendered":"Ramme til myretue 20\u00d720"},"content":{"rendered":"<p><strong>M\u00e5l (LxBxH):<\/strong> 20x20x0,4 cm<\/p>\n<p><strong>Materiale:<\/strong> floatglas<\/p>\n<p><strong>Farve:<\/strong> krystalklar \/ gennemsigtig<\/p>\n<p><strong>Indhold:<\/strong><br \/>\n1x ramme til myre arena<\/p>\n<p><strong>Beskrivelse:<\/strong><br \/>\nRamme af glas til myrearenaen som udbrudssikring.<\/p>\n<p><strong>Anvendelse:<\/strong><br \/>\nMyretr\u00e6ningsrammen er en ramme af glas, som placeres p\u00e5 en myretr\u00e6ningsbane og er forsynet med en beskyttelse mod udbrud (olie, pulver eller lak) fra undersiden, hvilket forhindrer myrer i at bryde ud.<\/p>\n<p><strong>Bem\u00e6rk:<\/strong><br \/>\nDa artiklen er lavet af glas og derfor er f\u00f8lsom, skal den behandles meget forsigtigt. Glas er sk\u00e5ret i henhold til DIN 1249 med en tolerance p\u00e5 +\/- 1 mm. Ved ekstremt sm\u00e5 myrearter er det n\u00f8dvendigt med en ekstra udbryderbeskyttelse.<\/p>\n<p>&nbsp;<\/p>","protected":false},"excerpt":{"rendered":"<p>M\u00e5l (LxBxH): 20x20x0,4 cm Materiale: floatglas Farve: krystalklart \/ gennemsigtigt Indhold: Beskrivelse: 1x myre arena ramme: Ramme lavet af glas til myrearenaen som udbrudssikring. Anvendelse: Myrenarena rammen er en ramme af glas, som placeres p\u00e5 en myrenarena og er forsynet med en udbrudssikring","protected":false},"featured_media":332,"comment_status":"open","ping_status":"closed","template":"","meta":{"_acf_changed":false,"content-type":"","_monsterinsights_skip_tracking":false,"_monsterinsights_sitenote_active":false,"_monsterinsights_sitenote_note":"","_monsterinsights_sitenote_category":0},"product_brand":[],"product_cat":[91,93],"product_tag":[],"class_list":{"0":"post-2842","1":"product","2":"type-product","3":"status-publish","4":"has-post-thumbnail","6":"product_cat-formicarium-modules","7":"product_cat-arena-frame","9":"first","10":"instock","11":"taxable","12":"shipping-taxable","13":"purchasable","14":"product-type-simple"},"acf":[],"aioseo_notices":[],"jetpack_sharing_enabled":true,"_links":{"self":[{"href":"https:\/\/antcube.shop\/da\/wp-json\/wp\/v2\/product\/2842","targetHints":{"allow":["GET"]}}],"collection":[{"href":"https:\/\/antcube.shop\/da\/wp-json\/wp\/v2\/product"}],"about":[{"href":"https:\/\/antcube.shop\/da\/wp-json\/wp\/v2\/types\/product"}],"replies":[{"embeddable":true,"href":"https:\/\/antcube.shop\/da\/wp-json\/wp\/v2\/comments?post=2842"}],"wp:featuredmedia":[{"embeddable":true,"href":"https:\/\/antcube.shop\/da\/wp-json\/wp\/v2\/media\/332"}],"wp:attachment":[{"href":"https:\/\/antcube.shop\/da\/wp-json\/wp\/v2\/media?parent=2842"}],"wp:term":[{"taxonomy":"product_brand","embeddable":true,"href":"https:\/\/antcube.shop\/da\/wp-json\/wp\/v2\/product_brand?post=2842"},{"taxonomy":"product_cat","embeddable":true,"href":"https:\/\/antcube.shop\/da\/wp-json\/wp\/v2\/product_cat?post=2842"},{"taxonomy":"product_tag","embeddable":true,"href":"https:\/\/antcube.shop\/da\/wp-json\/wp\/v2\/product_tag?post=2842"}],"curies":[{"name":"wp","href":"https:\/\/api.w.org\/{rel}","templated":true}]}}