{"id":2841,"date":"2021-10-13T18:37:30","date_gmt":"2021-10-13T16:37:30","guid":{"rendered":"https:\/\/antcube.shop\/produkt\/food-mix-set-standard\/"},"modified":"2026-04-13T22:40:10","modified_gmt":"2026-04-13T20:40:10","slug":"food-mix-set-standard","status":"publish","type":"product","link":"https:\/\/antcube.shop\/da\/vare\/food-mix-set-standard\/","title":{"rendered":"Madblandingss\u00e6t - standard"},"content":{"rendered":"<p><strong>Indhold:<\/strong> 2 ml pr. foderr\u00f8r<br \/>\n2x proteinfoder (PP)<br \/>\n2x proteinfoder FD insekter (PI)<br \/>\n2x kulhydratholdig mad (K)<br \/>\n2x frugtfoder (F)<br \/>\n2x sukker-honning-opl\u00f8sning (ZH)<br \/>\n1x svamp<\/p>\n<p><span data-text-color=\"alert\"><strong>Opm\u00e6rksomhed:<\/strong> <\/span>Bland venligst pulveret med en dr\u00e5be vand, da det ikke accepteres af dyrene, n\u00e5r det er t\u00f8rt!<\/p>\n<p><strong>Beskrivelse:<\/strong><br \/>\nDette er Food Mix Set til forskellige arter af myrer, der lever af kulhydrater og proteiner. Det indeholder alt, hvad myrerne har brug for til en afbalanceret kost. Da de enkelte foderrationer er fyldt i separate r\u00f8r, er de nemme at dosere. Det anbefales at fugte protein-, kulhydrat- og frugtfoderet minimalt med en smule vand. Dette vil ogs\u00e5 forhindre, at pulveret drypper ud, n\u00e5r det anvendes i det \"centrale\" formicarium i hullet.<\/p>\n<p><strong>Anvendelse\/anvendelse:<\/strong><br \/>\nProteinf\u00f8de = for insekt\u00e6dende myrearter (Eulipotyphla).<br \/>\nDet er et tilskudsfoder (blandingsfoder)<br \/>\nDet skal blandes med en dr\u00e5be vand, og s\u00e5 kan det kun holde sig 1 dag, n\u00e5r det er v\u00e5dt. Reng\u00f8r fodersk\u00e5len\/r\u00f8ret grundigt, inden den genbruges.<br \/>\nEn \u00e5bnet pakke skal anvendes godt lukket (hvis den opbevares t\u00f8rt) indtil den angivne (bedst f\u00f8r dato).<\/p>\n<p>Proteinfoder FD = til insekt\u00e6dende myrearter (Eulipotyphla)<br \/>\nDet er et tilskudsfoder (foderblanding).<br \/>\nDet skal blandes med en dr\u00e5be vand, og s\u00e5 kan det kun holde sig 1 dag, n\u00e5r det er v\u00e5dt. Reng\u00f8r fodersk\u00e5len\/r\u00f8ret grundigt, inden den genbruges.<br \/>\nEn \u00e5bnet pakke skal anvendes godt lukket (hvis den opbevares t\u00f8rt) indtil den angivne (bedst f\u00f8r dato).<\/p>\n<p>Kulhydratf\u00f8de = for sukker\/honningspisende myrearter<br \/>\nDet er et tilskudsfoder (foderblanding)<br \/>\nDet kan blandes med en dr\u00e5be vand og har en holdbarhed p\u00e5 3 dage, n\u00e5r det er v\u00e5dt. Reng\u00f8r fodersk\u00e5len\/r\u00f8ret grundigt f\u00f8r genbrug.<br \/>\nEn \u00e5bnet pakke skal anvendes godt lukket (hvis den opbevares t\u00f8rt) indtil den angivne (bedst f\u00f8r dato).<\/p>\n<p>Frugtfoder = for frugt\u00e6dende myrearter (frugivorer)<br \/>\nDet er et tilskudsfoder (enkeltfoder)<br \/>\nDet kan blandes med en dr\u00e5be vand og har en holdbarhed p\u00e5 3 dage, n\u00e5r det er v\u00e5dt. Reng\u00f8r fodersk\u00e5len\/r\u00f8ret grundigt, f\u00f8r den genbruges.<br \/>\nEn \u00e5bnet pakke skal anvendes godt lukket (hvis den opbevares t\u00f8rt) indtil den angivne (bedst f\u00f8r dato).<\/p>\n<p>Sukker-honning-opl\u00f8sning = til sukker\/honningspisende myrearter.<br \/>\nDet er et tilskudsfoder (foderblanding)<br \/>\nDet kan tilbydes dyrene i leveret tilstand. Da fugtighed reducerer sukkerkoncentrationen, og der begynder en g\u00e6ringsproces, b\u00f8r foderet udskiftes hver 3. dag. Fodersk\u00e5len\/r\u00f8ret skal reng\u00f8res grundigt, inden den genbruges.<br \/>\nEn \u00e5bnet pakke skal anvendes t\u00e6t lukket indtil den angivne (bedst f\u00f8r dato).<\/p>\n<p><strong>Bem\u00e6rk:<\/strong><br \/>\nDu kan finde oplysninger om, hvordan du bruger sonderne her: Link<br \/>\nKomplet foder til insekt\u00e6dende myrer.<br \/>\nSe indl\u00e6gssedlen for at f\u00e5 oplysninger om sammens\u00e6tning, analytiske ingredienser, holdbarhedsdato og partinummer.<\/p>\n<p>Informationshotline +49 30 439703870<\/p>\n<p>Ansvarlig veterin\u00e6r- og f\u00f8devarekontrolmyndighed:<br \/>\nSteglitz Veterin\u00e6rkontor<br \/>\nK\u00f6nigin-Luise-Str. 92<br \/>\n14195 Berlin<\/p>","protected":false},"excerpt":{"rendered":"<p>Fuldfoder<\/p>","protected":false},"featured_media":309,"comment_status":"open","ping_status":"closed","template":"","meta":{"_acf_changed":false,"content-type":"","_monsterinsights_skip_tracking":false,"_monsterinsights_sitenote_active":false,"_monsterinsights_sitenote_note":"","_monsterinsights_sitenote_category":0},"product_brand":[],"product_cat":[115,116],"product_tag":[],"class_list":{"0":"post-2841","1":"product","2":"type-product","3":"status-publish","4":"has-post-thumbnail","6":"product_cat-food-and-feeding","7":"product_cat-food","9":"first","10":"instock","11":"taxable","12":"shipping-taxable","13":"purchasable","14":"product-type-simple"},"acf":[],"aioseo_notices":[],"jetpack_sharing_enabled":true,"_links":{"self":[{"href":"https:\/\/antcube.shop\/da\/wp-json\/wp\/v2\/product\/2841","targetHints":{"allow":["GET"]}}],"collection":[{"href":"https:\/\/antcube.shop\/da\/wp-json\/wp\/v2\/product"}],"about":[{"href":"https:\/\/antcube.shop\/da\/wp-json\/wp\/v2\/types\/product"}],"replies":[{"embeddable":true,"href":"https:\/\/antcube.shop\/da\/wp-json\/wp\/v2\/comments?post=2841"}],"wp:featuredmedia":[{"embeddable":true,"href":"https:\/\/antcube.shop\/da\/wp-json\/wp\/v2\/media\/309"}],"wp:attachment":[{"href":"https:\/\/antcube.shop\/da\/wp-json\/wp\/v2\/media?parent=2841"}],"wp:term":[{"taxonomy":"product_brand","embeddable":true,"href":"https:\/\/antcube.shop\/da\/wp-json\/wp\/v2\/product_brand?post=2841"},{"taxonomy":"product_cat","embeddable":true,"href":"https:\/\/antcube.shop\/da\/wp-json\/wp\/v2\/product_cat?post=2841"},{"taxonomy":"product_tag","embeddable":true,"href":"https:\/\/antcube.shop\/da\/wp-json\/wp\/v2\/product_tag?post=2841"}],"curies":[{"name":"wp","href":"https:\/\/api.w.org\/{rel}","templated":true}]}}