{"id":2839,"date":"2021-10-13T18:37:12","date_gmt":"2021-10-13T16:37:12","guid":{"rendered":"https:\/\/antcube.shop\/produkt\/bodengrund-regenwald-1-kg\/"},"modified":"2026-04-17T21:44:09","modified_gmt":"2026-04-17T19:44:09","slug":"bodengrund-regenwald-1-kg","status":"publish","type":"product","link":"https:\/\/antcube.shop\/da\/vare\/bodengrund-regenwald-1-kg\/","title":{"rendered":"Substrat - Regnskov - 1 kg"},"content":{"rendered":"<p><strong>Indhold:<\/strong> 1 kg<\/p>\n<p><strong>Materiale:<\/strong> sand, t\u00f8rv, humus, ler<\/p>\n<p><strong>Farve:<\/strong> brun, beige<\/p>\n<p><strong>Beskrivelse:<\/strong> Denne naturlige regnskovsjord best\u00e5r af en blanding af sand, t\u00f8rv, humus og ler.<br \/>\nDen har et lidt lavere lerindhold end normal regnskovsjord, men det g\u00f8r det lettere for myrerne at grave og accepteres meget bedre af myrerne. Den er velegnet til alle arter af myrer, der lever i regnskovsjord eller generelt i fugtige tropiske levesteder.<\/p>\n<p><strong>Anvendelse:<\/strong> Gravejord kan bruges til rede og arenaomr\u00e5de!<\/p>\n<p><strong>Bem\u00e6rk:<\/strong> da dette er et rent naturprodukt, kan der v\u00e6re sm\u00e5 forskelle i farve og struktur, som vi ikke kan p\u00e5virke.<\/p>\n<p><strong>Vigtigt:<\/strong> Fugt substratet f\u00f8r brug, s\u00e5 blandingen kan samle sig og f\u00e5 et fast greb i myretuen. Desuden kan et for t\u00f8rt og st\u00f8vet substrat medf\u00f8re, at myrernes luftveje blokeres, og at dyrene i v\u00e6rste fald kv\u00e6les.<\/p>","protected":false},"excerpt":{"rendered":"<p>Naturlig s\u00e6rlig levested jordbund\/ substrat<\/p>","protected":false},"featured_media":5501,"comment_status":"open","ping_status":"closed","template":"","meta":{"_acf_changed":false,"content-type":"","_monsterinsights_skip_tracking":false,"_monsterinsights_sitenote_active":false,"_monsterinsights_sitenote_note":"","_monsterinsights_sitenote_category":0},"product_brand":[],"product_cat":[96],"product_tag":[],"class_list":{"0":"post-2839","1":"product","2":"type-product","3":"status-publish","4":"has-post-thumbnail","6":"product_cat-soil","8":"first","9":"instock","10":"taxable","11":"shipping-taxable","12":"purchasable","13":"product-type-simple"},"acf":[],"aioseo_notices":[],"jetpack_sharing_enabled":true,"_links":{"self":[{"href":"https:\/\/antcube.shop\/da\/wp-json\/wp\/v2\/product\/2839","targetHints":{"allow":["GET"]}}],"collection":[{"href":"https:\/\/antcube.shop\/da\/wp-json\/wp\/v2\/product"}],"about":[{"href":"https:\/\/antcube.shop\/da\/wp-json\/wp\/v2\/types\/product"}],"replies":[{"embeddable":true,"href":"https:\/\/antcube.shop\/da\/wp-json\/wp\/v2\/comments?post=2839"}],"wp:featuredmedia":[{"embeddable":true,"href":"https:\/\/antcube.shop\/da\/wp-json\/wp\/v2\/media\/5501"}],"wp:attachment":[{"href":"https:\/\/antcube.shop\/da\/wp-json\/wp\/v2\/media?parent=2839"}],"wp:term":[{"taxonomy":"product_brand","embeddable":true,"href":"https:\/\/antcube.shop\/da\/wp-json\/wp\/v2\/product_brand?post=2839"},{"taxonomy":"product_cat","embeddable":true,"href":"https:\/\/antcube.shop\/da\/wp-json\/wp\/v2\/product_cat?post=2839"},{"taxonomy":"product_tag","embeddable":true,"href":"https:\/\/antcube.shop\/da\/wp-json\/wp\/v2\/product_tag?post=2839"}],"curies":[{"name":"wp","href":"https:\/\/api.w.org\/{rel}","templated":true}]}}