{"id":2829,"date":"2021-10-13T18:35:37","date_gmt":"2021-10-13T16:35:37","guid":{"rendered":"https:\/\/antcube.shop\/produkt\/formicarienstopfen-fur-50mm-bohrung\/"},"modified":"2026-04-05T20:47:14","modified_gmt":"2026-04-05T18:47:14","slug":"formicarienstopfen-fur-50mm-bohrung","status":"publish","type":"product","link":"https:\/\/antcube.shop\/da\/vare\/formicarienstopfen-fur-50mm-bohrung\/","title":{"rendered":"Formicarium plug til 50 mm hul"},"content":{"rendered":"<p><strong>Antal:<\/strong> 1 stk.<\/p>\n<p><strong>Dimensioner:<\/strong> 59 x 10 mm<\/p>\n<p><strong>Materiale:<\/strong> PE-plast<\/p>\n<p><strong>Farve:<\/strong> gennemsigtig, m\u00e6lkeagtig<\/p>\n<p><strong>Beskrivelse:<\/strong> Til lukning af runde \u00e5bninger i formicariums med en diameter p\u00e5 50 mm.<\/p>\n<p><strong>Valgfrit med hul:<\/strong><br \/>\n- 20mm boring passer til tankr\u00f8rsstik 27mm - 14, 16, 20mm - gennemsigtig.<br \/>\n- 27 mm hul passer til 3\/4 tommer og M25 fittings<\/p>","protected":false},"excerpt":{"rendered":"<p>Antal: 1 stk Dimensioner: 59 x 10mm Materiale: PE-plast Farve: gennemsigtig, m\u00e6lkeagtig Beskrivelse: Til lukning af runde \u00e5bninger i formicarier med 50 mm diameter. Valgfri med hul: - 20 mm boring passer til tankr\u00f8rsforbindelser 27 mm - 14, 16, 20 mm - gennemsigtig. - 27 mm hul passer til 3\/4 tommer og M25-fittings<\/p>","protected":false},"featured_media":343,"comment_status":"open","ping_status":"closed","template":"","meta":{"_acf_changed":false,"content-type":"","_monsterinsights_skip_tracking":false,"_monsterinsights_sitenote_active":false,"_monsterinsights_sitenote_note":"","_monsterinsights_sitenote_category":0},"product_brand":[],"product_cat":[238],"product_tag":[],"class_list":{"0":"post-2829","1":"product","2":"type-product","3":"status-publish","4":"has-post-thumbnail","6":"product_cat-grid-caps-plugs-and-inserts","8":"first","9":"instock","10":"taxable","11":"shipping-taxable","12":"purchasable","13":"product-type-simple"},"acf":[],"aioseo_notices":[],"jetpack_sharing_enabled":true,"_links":{"self":[{"href":"https:\/\/antcube.shop\/da\/wp-json\/wp\/v2\/product\/2829","targetHints":{"allow":["GET"]}}],"collection":[{"href":"https:\/\/antcube.shop\/da\/wp-json\/wp\/v2\/product"}],"about":[{"href":"https:\/\/antcube.shop\/da\/wp-json\/wp\/v2\/types\/product"}],"replies":[{"embeddable":true,"href":"https:\/\/antcube.shop\/da\/wp-json\/wp\/v2\/comments?post=2829"}],"wp:featuredmedia":[{"embeddable":true,"href":"https:\/\/antcube.shop\/da\/wp-json\/wp\/v2\/media\/343"}],"wp:attachment":[{"href":"https:\/\/antcube.shop\/da\/wp-json\/wp\/v2\/media?parent=2829"}],"wp:term":[{"taxonomy":"product_brand","embeddable":true,"href":"https:\/\/antcube.shop\/da\/wp-json\/wp\/v2\/product_brand?post=2829"},{"taxonomy":"product_cat","embeddable":true,"href":"https:\/\/antcube.shop\/da\/wp-json\/wp\/v2\/product_cat?post=2829"},{"taxonomy":"product_tag","embeddable":true,"href":"https:\/\/antcube.shop\/da\/wp-json\/wp\/v2\/product_tag?post=2829"}],"curies":[{"name":"wp","href":"https:\/\/api.w.org\/{rel}","templated":true}]}}