{"id":2825,"date":"2021-10-13T18:33:32","date_gmt":"2021-10-13T16:33:32","guid":{"rendered":"https:\/\/antcube.shop\/produkt\/ytongnest-20x20\/"},"modified":"2026-04-23T13:02:06","modified_gmt":"2026-04-23T11:02:06","slug":"ytongnest-20x20","status":"publish","type":"product","link":"https:\/\/antcube.shop\/da\/vare\/ytongnest-20x20\/","title":{"rendered":"Ytongnest - 20\u00d720"},"content":{"rendered":"<p><strong>Materiale:<\/strong> porebeton, glas, plast PMMA og PVC<\/p>\n<p><strong>Forbindelse:<\/strong> 2x 14mm huller<\/p>\n<p><strong>Indhold:<\/strong><br \/>\n1x gasbetonblok 20x20x5 cm med 20 mm dybe kamre.<br \/>\n1x glasplade 20\u00d720 cm med en \u00e5bning p\u00e5 50 mm<br \/>\n1x 50mm ring med 27mm \u00e5bning<br \/>\n2x Formicarium plug 13mm<br \/>\n1x Formicarium plug 27mm<\/p>\n<p><strong>Beskrivelse:<\/strong><br \/>\nYtong er et varem\u00e6rke, mens selve materialet kaldes gasbeton.<br \/>\nP\u00e5 grund af den vandholdende egenskab er materialet velegnet til myrehold.<br \/>\nDet er muligt at holde et stort antal gravende arter i den, b\u00e5de fra t\u00f8rre og v\u00e5de levesteder.<br \/>\nAfh\u00e6ngigt af myrearten anbefales det at d\u00e6kke bunden af kamrene med jordsubstrat. Nogle arter har det bedre p\u00e5 denne m\u00e5de, og f.eks. Ponerinae-myrearter har brug for jord, s\u00e5 deres larver kan forpuppe sig ordentligt.<br \/>\nVi anbefaler, at du s\u00e6tter en arena p\u00e5 reden for at bruge den som et fuldt formicarium.<\/p>\n<p><strong>Tip:<\/strong><br \/>\nFor at undg\u00e5, at der l\u00f8ber vand ud af Ytong'en efter at have fugtet redeomr\u00e5det og samler sig p\u00e5 overfladen af m\u00f8blerne nedenunder, eller at det ru materiale ridser overfladerne, anbefaler vi at bestille en af vores matchende glaskar til vores Ytong-reder. Disse er vandt\u00e6tte og beskytter s\u00e5ledes effektivt de underliggende overflader mod vand- og kradseskader.<\/p>\n<p><strong>Anvendelse:<\/strong><br \/>\n<strong>For myrearter af st\u00f8rrelse M - L.<\/strong><br \/>\nGasbeton er et meget sk\u00f8rt og skr\u00f8beligt materiale. Derfor er det p\u00e5 grund af fremstillingsprocessen umuligt at forhindre, at hj\u00f8rner og kanter viser sm\u00e5 brud og uj\u00e6vnheder.<br \/>\nDerfor er Ytong-reder ikke egnede til meget sm\u00e5 myrearter af st\u00f8rrelse S, da disse arter let kan bryde ud her.<\/p>","protected":false},"excerpt":{"rendered":"<p>Tilslutning: 2x 14 mm \u00e5bning<br \/>\nSt\u00f8rrelse: <strong><span style=\"color: #339966;\">M<\/span><\/strong><strong> &#8211; <span style=\"color: #0000ff;\">L<\/span><\/strong><\/p>","protected":false},"featured_media":3010,"comment_status":"open","ping_status":"closed","template":"","meta":{"_acf_changed":false,"content-type":"","_monsterinsights_skip_tracking":false,"_monsterinsights_sitenote_active":false,"_monsterinsights_sitenote_note":"","_monsterinsights_sitenote_category":0},"product_brand":[],"product_cat":[80,86],"product_tag":[],"class_list":{"0":"post-2825","1":"product","2":"type-product","3":"status-publish","4":"has-post-thumbnail","6":"product_cat-antfarms","7":"product_cat-formicariums","9":"first","10":"instock","11":"taxable","12":"shipping-taxable","13":"purchasable","14":"product-type-simple"},"acf":[],"aioseo_notices":[],"jetpack_sharing_enabled":true,"_links":{"self":[{"href":"https:\/\/antcube.shop\/da\/wp-json\/wp\/v2\/product\/2825","targetHints":{"allow":["GET"]}}],"collection":[{"href":"https:\/\/antcube.shop\/da\/wp-json\/wp\/v2\/product"}],"about":[{"href":"https:\/\/antcube.shop\/da\/wp-json\/wp\/v2\/types\/product"}],"replies":[{"embeddable":true,"href":"https:\/\/antcube.shop\/da\/wp-json\/wp\/v2\/comments?post=2825"}],"wp:featuredmedia":[{"embeddable":true,"href":"https:\/\/antcube.shop\/da\/wp-json\/wp\/v2\/media\/3010"}],"wp:attachment":[{"href":"https:\/\/antcube.shop\/da\/wp-json\/wp\/v2\/media?parent=2825"}],"wp:term":[{"taxonomy":"product_brand","embeddable":true,"href":"https:\/\/antcube.shop\/da\/wp-json\/wp\/v2\/product_brand?post=2825"},{"taxonomy":"product_cat","embeddable":true,"href":"https:\/\/antcube.shop\/da\/wp-json\/wp\/v2\/product_cat?post=2825"},{"taxonomy":"product_tag","embeddable":true,"href":"https:\/\/antcube.shop\/da\/wp-json\/wp\/v2\/product_tag?post=2825"}],"curies":[{"name":"wp","href":"https:\/\/api.w.org\/{rel}","templated":true}]}}