{"id":2824,"date":"2021-10-13T18:33:13","date_gmt":"2021-10-13T16:33:13","guid":{"rendered":"https:\/\/antcube.shop\/produkt\/food-mix-set-fur-kornersammler\/"},"modified":"2026-04-24T22:14:11","modified_gmt":"2026-04-24T20:14:11","slug":"food-mix-set-fur-kornersammler","status":"publish","type":"product","link":"https:\/\/antcube.shop\/da\/vare\/food-mix-set-fur-kornersammler\/","title":{"rendered":"Food Mix Set - til kornsamlende myrer"},"content":{"rendered":"<p><strong>Indhold:<\/strong> 2 ml pr. foderr\u00f8r<br \/>\n2x kornfoder Minor (Mi)<br \/>\n1x kornfoder Media (Me)<br \/>\n1x kornfoder Major (Ma)<br \/>\n1x blomsterpollen (B)<br \/>\n1x kulhydratfoder (K)<br \/>\n2x Proteinfoder (PP)<br \/>\n1x proteinfoder FD insekter Pi)<br \/>\n1x frugtfoder (F)<\/p>\n<p><span data-text-color=\"alert\"><strong>Opm\u00e6rksomhed:<\/strong> <\/span>Bland venligst pulveret med en dr\u00e5be vand, da det ikke accepteres af dyrene, n\u00e5r det er t\u00f8rt!<\/p>\n<p><strong>Beskrivelse:<\/strong> Dette er et f\u00f8devares\u00e6t til kornsamlende arter som Messor-sl\u00e6gten og indeholder proteiner, kulhydrater og kerner\/fr\u00f8 til alle arbejderkasser. Da de enkelte foderrationer er i separate r\u00f8r, er de lette at dosere.<\/p>\n<p><strong>Anvendelse \/ anvendelse:<\/strong><br \/>\nProteinf\u00f8de = for insekt\u00e6dende myrearter (Eulipotyphla).<br \/>\nDet er et tilskudsfoder (blandingsfoder)<br \/>\nDet skal blandes med en dr\u00e5be vand, og i v\u00e5d tilstand kan det kun holde sig i 1 dag. Reng\u00f8r fodersk\u00e5len\/r\u00f8ret grundigt, f\u00f8r den genbruges.<br \/>\nEn \u00e5bnet pakke skal anvendes godt lukket (hvis den opbevares t\u00f8rt) indtil den angivne (bedst f\u00f8r dato).<\/p>\n<p>Proteinfoder FD = til insekt\u00e6dende myrearter (Eulipotyphla)<br \/>\nDet er et tilskudsfoder (foderblanding).<br \/>\nDet skal blandes med en dr\u00e5be vand, og s\u00e5 kan det kun holde sig 1 dag, n\u00e5r det er v\u00e5dt. Reng\u00f8r fodersk\u00e5len\/r\u00f8ret grundigt, inden den genbruges.<br \/>\nEn \u00e5bnet pakke skal anvendes godt lukket (hvis den opbevares t\u00f8rt) indtil den angivne (bedst f\u00f8r dato).<\/p>\n<p>Kulhydratf\u00f8de = for sukker\/honningspisende myrearter<br \/>\nDet er et tilskudsfoder (foderblanding)<br \/>\nDet kan blandes med en dr\u00e5be vand og har en holdbarhed p\u00e5 3 dage, n\u00e5r det er v\u00e5dt. Reng\u00f8r fodersk\u00e5len\/r\u00f8ret grundigt f\u00f8r genbrug.<br \/>\nEn \u00e5bnet pakke skal anvendes godt lukket (hvis den opbevares t\u00f8rt) indtil den angivne (bedst f\u00f8r dato).<\/p>\n<p>Frugtfoder = for frugt\u00e6dende myrearter (frugivorer)<br \/>\nDet er et tilskudsfoder (enkeltfoder)<br \/>\nDet kan blandes med en dr\u00e5be vand og har en holdbarhed p\u00e5 3 dage, n\u00e5r det er v\u00e5dt. Reng\u00f8r fodersk\u00e5len\/r\u00f8ret grundigt, f\u00f8r den genbruges.<br \/>\nEn \u00e5bnet pakke skal anvendes godt lukket (hvis den opbevares t\u00f8rt) indtil den angivne (bedst f\u00f8r dato).<\/p>\n<p>Blomsterpollen = for blomsterpollen\u00e6dende myrearter.<br \/>\nDet er et tilskudsfoder (enkeltfoder)<br \/>\nDet kan tilbydes dyrene i leveret tilstand. Da fugtighed bl\u00f8dg\u00f8r konsistensen, b\u00f8r foderet udskiftes hver 5. dag. Fodersk\u00e5len\/r\u00f8ret skal reng\u00f8res grundigt, inden den genbruges.<br \/>\nEn \u00e5bnet pakke skal anvendes godt lukket (hvis den opbevares t\u00f8rt) indtil den angivne (bedst f\u00f8r dato).<\/p>\n<p>Kornfoder Minor<br \/>\nKornfoder Medier<br \/>\nKornfoder Major = for korn\u00e6dende myrearter = (granivorer)<br \/>\nDet er et tilskudsfoder (blandingsfoder)<br \/>\nDet kan tilbydes dyrene i leveret tilstand. Fodersk\u00e5len\/r\u00f8ret skal placeres p\u00e5 et t\u00f8rt sted. I fugtige omgivelser kan kornene (fr\u00f8ene) begynde at spire. Hvis dette konstateres, b\u00f8r foderet udskiftes.<br \/>\nEn \u00e5bnet pakke skal anvendes godt lukket (hvis den opbevares t\u00f8rt) indtil den angivne (bedst f\u00f8r dato).<\/p>\n<p><strong>Bem\u00e6rk:<\/strong><br \/>\nDu kan finde oplysninger om, hvordan du bruger foderr\u00f8rene, her: Link<br \/>\nFuldfoder til korn\u00e6dende myrer.<br \/>\nSe indl\u00e6gssedlen for at f\u00e5 oplysninger om sammens\u00e6tning, analytiske ingredienser, holdbarhedsdato og partinummer.<\/p>\n<p>Informationshotline +49 30 439703870<\/p>\n<p>Ansvarlig veterin\u00e6r- og f\u00f8devarekontrolmyndighed:<br \/>\nSteglitz Veterin\u00e6rkontor<br \/>\nK\u00f6nigin-Luise-Str. 92<br \/>\n14195 Berlin<\/p>\n<p>&nbsp;<\/p>","protected":false},"excerpt":{"rendered":"<p>Fuldfoder<\/p>","protected":false},"featured_media":308,"comment_status":"open","ping_status":"closed","template":"","meta":{"_acf_changed":false,"content-type":"","_monsterinsights_skip_tracking":false,"_monsterinsights_sitenote_active":false,"_monsterinsights_sitenote_note":"","_monsterinsights_sitenote_category":0},"product_brand":[],"product_cat":[115,116],"product_tag":[],"class_list":{"0":"post-2824","1":"product","2":"type-product","3":"status-publish","4":"has-post-thumbnail","6":"product_cat-food-and-feeding","7":"product_cat-food","9":"first","10":"instock","11":"taxable","12":"shipping-taxable","13":"purchasable","14":"product-type-simple"},"acf":[],"aioseo_notices":[],"jetpack_sharing_enabled":true,"_links":{"self":[{"href":"https:\/\/antcube.shop\/da\/wp-json\/wp\/v2\/product\/2824","targetHints":{"allow":["GET"]}}],"collection":[{"href":"https:\/\/antcube.shop\/da\/wp-json\/wp\/v2\/product"}],"about":[{"href":"https:\/\/antcube.shop\/da\/wp-json\/wp\/v2\/types\/product"}],"replies":[{"embeddable":true,"href":"https:\/\/antcube.shop\/da\/wp-json\/wp\/v2\/comments?post=2824"}],"wp:featuredmedia":[{"embeddable":true,"href":"https:\/\/antcube.shop\/da\/wp-json\/wp\/v2\/media\/308"}],"wp:attachment":[{"href":"https:\/\/antcube.shop\/da\/wp-json\/wp\/v2\/media?parent=2824"}],"wp:term":[{"taxonomy":"product_brand","embeddable":true,"href":"https:\/\/antcube.shop\/da\/wp-json\/wp\/v2\/product_brand?post=2824"},{"taxonomy":"product_cat","embeddable":true,"href":"https:\/\/antcube.shop\/da\/wp-json\/wp\/v2\/product_cat?post=2824"},{"taxonomy":"product_tag","embeddable":true,"href":"https:\/\/antcube.shop\/da\/wp-json\/wp\/v2\/product_tag?post=2824"}],"curies":[{"name":"wp","href":"https:\/\/api.w.org\/{rel}","templated":true}]}}