{"id":2823,"date":"2021-10-13T18:33:03","date_gmt":"2021-10-13T16:33:03","guid":{"rendered":"https:\/\/antcube.shop\/produkt\/becken-schlauchverbinder-27mm-14-16-20-mm-transparent\/"},"modified":"2026-04-05T12:30:32","modified_gmt":"2026-04-05T10:30:32","slug":"becken-schlauchverbinder-27mm-14-16-20-20-mm-transparent","status":"publish","type":"product","link":"https:\/\/antcube.shop\/da\/vare\/becken-schlauchverbinder-27mm-14-16-20-20-mm-transparent\/","title":{"rendered":"Vaskslangetilslutning 27 mm - 14, 16, 20 mm - gennemsigtig"},"content":{"rendered":"<p><strong>Dimensioner:\u00a0<\/strong><br \/>\nIndvendig diameter = 14 mm<br \/>\nUdvendig diameter = 16 mm (f\u00f8rste trin), 20 mm (andet trin)<br \/>\nL\u00e6ngde = 36 mm<\/p>\n<p><strong>Indhold:<\/strong><br \/>\n1x bassin slangeforbindelse<br \/>\n1x sp\u00e6ndering<\/p>\n<p><strong>Forbindelse:<\/strong><br \/>\nBassin : Passer i 27 mm (3\/4\u2033) huller med en v\u00e6gtykkelse p\u00e5 4 mm!<br \/>\nSlanger: Slanger: 14\/10-slange inds\u00e6ttes t\u00e6t i muffen 14mm<br \/>\n20\/16 slange er t\u00e6t monteret p\u00e5 det f\u00f8rste 16 mm trin<br \/>\n22\/18-slange fastg\u00f8res p\u00e5 det andet 20mm-trin<br \/>\n24\/20-slange er l\u00f8st monteret p\u00e5 det andet 20 mm trin<\/p>\n<p><strong>Beskrivelse:<\/strong><br \/>\nDette bassintilslutningsstykke vil blive tilsluttet gennem 27 mm hullet med en glasv\u00e6gstykkelse p\u00e5 4 mm. En klemring fastg\u00f8r forbindelsesstykket til glasbassinet. Slanger med 14 mm udvendig diameter eller 16 mm eller 20 mm indvendig diameter kan fastg\u00f8res til den anden ende af b\u00f8sningen.<\/p>","protected":false},"excerpt":{"rendered":"<p>Dimensioner: Indvendig diameter = 14mm Udvendig diameter = 16mm (f\u00f8rste trin), 20mm (andet trin) L\u00e6ngde = 36mm Indhold: Indvendig diameter = 14mm Udvendig diameter = 16mm (f\u00f8rste trin), 20mm (andet trin) 1x bassin slangekobling 1x klemring Tilslutning: Vasken : Passer i 27mm (3\/4\") huller med en v\u00e6gtykkelse p\u00e5 4mm! Slanger: 14\/10-slange s\u00e6ttes stramt ind i fatningen 14mm 20\/16-slange s\u00e6ttes stramt p\u00e5","protected":false},"featured_media":357,"comment_status":"open","ping_status":"closed","template":"","meta":{"_acf_changed":false,"content-type":"","_monsterinsights_skip_tracking":false,"_monsterinsights_sitenote_active":false,"_monsterinsights_sitenote_note":"","_monsterinsights_sitenote_category":0},"product_brand":[],"product_cat":[121],"product_tag":[],"class_list":{"0":"post-2823","1":"product","2":"type-product","3":"status-publish","4":"has-post-thumbnail","6":"product_cat-connectors","8":"first","9":"instock","10":"taxable","11":"shipping-taxable","12":"purchasable","13":"product-type-simple"},"acf":[],"aioseo_notices":[],"jetpack_sharing_enabled":true,"_links":{"self":[{"href":"https:\/\/antcube.shop\/da\/wp-json\/wp\/v2\/product\/2823","targetHints":{"allow":["GET"]}}],"collection":[{"href":"https:\/\/antcube.shop\/da\/wp-json\/wp\/v2\/product"}],"about":[{"href":"https:\/\/antcube.shop\/da\/wp-json\/wp\/v2\/types\/product"}],"replies":[{"embeddable":true,"href":"https:\/\/antcube.shop\/da\/wp-json\/wp\/v2\/comments?post=2823"}],"wp:featuredmedia":[{"embeddable":true,"href":"https:\/\/antcube.shop\/da\/wp-json\/wp\/v2\/media\/357"}],"wp:attachment":[{"href":"https:\/\/antcube.shop\/da\/wp-json\/wp\/v2\/media?parent=2823"}],"wp:term":[{"taxonomy":"product_brand","embeddable":true,"href":"https:\/\/antcube.shop\/da\/wp-json\/wp\/v2\/product_brand?post=2823"},{"taxonomy":"product_cat","embeddable":true,"href":"https:\/\/antcube.shop\/da\/wp-json\/wp\/v2\/product_cat?post=2823"},{"taxonomy":"product_tag","embeddable":true,"href":"https:\/\/antcube.shop\/da\/wp-json\/wp\/v2\/product_tag?post=2823"}],"curies":[{"name":"wp","href":"https:\/\/api.w.org\/{rel}","templated":true}]}}