{"id":2820,"date":"2021-10-13T18:28:23","date_gmt":"2021-10-13T16:28:23","guid":{"rendered":"https:\/\/antcube.shop\/produkt\/ameisen-ausbruchsschutz-ol-10ml\/"},"modified":"2026-04-04T08:07:12","modified_gmt":"2026-04-04T06:07:12","slug":"ameisen-ausbruchsschutz-ol-10ml","status":"publish","type":"product","link":"https:\/\/antcube.shop\/da\/vare\/ameisen-ausbruchsschutz-ol-10ml\/","title":{"rendered":"Beskyttelsesolie mod myrer 10ml"},"content":{"rendered":"<p><strong>Indhold:<\/strong> 10 ml (nok til ca. 10-15 meter af en 2 cm bred strimmel)<\/p>\n<p><strong>Farve:<\/strong> gennemsigtig, farvel\u00f8s<\/p>\n<p><strong>Materiale:<\/strong> p\u00e5 basis af paraffinolie<\/p>\n<p><strong>Fordel:<\/strong> Kan anvendes p\u00e5 alle glatte overflader som glas eller plast:<\/p>\n<p><strong>Ulempe:<\/strong> Hvis der er tale om store kolonier, kan dyrene sprede olien over ruden ved at g\u00e5 p\u00e5 olieoverfladen, s\u00e5 ruden skal reng\u00f8res med tiden.<\/p>\n<p><strong>Anvendelse:<\/strong> Filmen skal v\u00e6re ca. 3 gange s\u00e5 bred i den indvendige kant som myrer er lange, og den skal p\u00e5f\u00f8res uden at dryppe.<\/p>\n<p><strong>Fornyelse:<\/strong> 2-4 m\u00e5neder afh\u00e6ngigt af koloniens st\u00f8rrelse og \u00e5rstiden.<\/p>\n<p><strong>Bem\u00e6rk:<\/strong> Dyrene b\u00f8r kun have deres \"f\u00f8dder\" i kontakt med olien. Hvis der er store drypdannelser, er der risiko for, at dyrene kan f\u00e5 hovedet ned i dryppet og kv\u00e6les i olien.<\/p>\n<p><a href=\"https:\/\/antcube.shop\/wp-content\/uploads\/2022\/02\/ant_escape_protection_oil_en.pdf\">Sikkerhedsdatablad for olie til beskyttelse mod udbrud af myrer, (PDF 0,1 MB)<\/a><br \/>\n(Indeholder: Sikkerhedsinstruktioner)<\/p>\n<p>&nbsp;<\/p>","protected":false},"excerpt":{"rendered":"<p>Indhold: Farve: gennemsigtig, farvel\u00f8s Materiale: paraffinoliebaseret Fordel: Forbrugervenlighed: 10 ml (nok til ca. 10-15 meter af en 2 cm bred strimmel) Kan p\u00e5f\u00f8res p\u00e5 alle glatte overflader som f.eks. glas eller plast: Ulempe: Ved store kolonier kan dyrene sprede olien over ruden ved at g\u00e5 p\u00e5 olieoverfladen,","protected":false},"featured_media":303,"comment_status":"open","ping_status":"closed","template":"","meta":{"_acf_changed":false,"content-type":"","_monsterinsights_skip_tracking":false,"_monsterinsights_sitenote_active":false,"_monsterinsights_sitenote_note":"","_monsterinsights_sitenote_category":0},"product_brand":[],"product_cat":[237],"product_tag":[],"class_list":{"0":"post-2820","1":"product","2":"type-product","3":"status-publish","4":"has-post-thumbnail","6":"product_cat-tools","8":"first","9":"instock","10":"taxable","11":"shipping-taxable","12":"purchasable","13":"product-type-simple"},"acf":[],"aioseo_notices":[],"jetpack_sharing_enabled":true,"_links":{"self":[{"href":"https:\/\/antcube.shop\/da\/wp-json\/wp\/v2\/product\/2820","targetHints":{"allow":["GET"]}}],"collection":[{"href":"https:\/\/antcube.shop\/da\/wp-json\/wp\/v2\/product"}],"about":[{"href":"https:\/\/antcube.shop\/da\/wp-json\/wp\/v2\/types\/product"}],"replies":[{"embeddable":true,"href":"https:\/\/antcube.shop\/da\/wp-json\/wp\/v2\/comments?post=2820"}],"wp:featuredmedia":[{"embeddable":true,"href":"https:\/\/antcube.shop\/da\/wp-json\/wp\/v2\/media\/303"}],"wp:attachment":[{"href":"https:\/\/antcube.shop\/da\/wp-json\/wp\/v2\/media?parent=2820"}],"wp:term":[{"taxonomy":"product_brand","embeddable":true,"href":"https:\/\/antcube.shop\/da\/wp-json\/wp\/v2\/product_brand?post=2820"},{"taxonomy":"product_cat","embeddable":true,"href":"https:\/\/antcube.shop\/da\/wp-json\/wp\/v2\/product_cat?post=2820"},{"taxonomy":"product_tag","embeddable":true,"href":"https:\/\/antcube.shop\/da\/wp-json\/wp\/v2\/product_tag?post=2820"}],"curies":[{"name":"wp","href":"https:\/\/api.w.org\/{rel}","templated":true}]}}