{"id":2740,"date":"2021-10-08T12:05:15","date_gmt":"2021-10-08T10:05:15","guid":{"rendered":"https:\/\/antcube.shop\/produkt\/antcube-starter-set-l-20x20-gips\/"},"modified":"2026-03-11T18:34:19","modified_gmt":"2026-03-11T17:34:19","slug":"antcube-starter-saet-l-20x20-gips","status":"publish","type":"product","link":"https:\/\/antcube.shop\/da\/vare\/antcube-starter-saet-l-20x20-gips\/","title":{"rendered":"ANTCUBE Starts\u00e6t L - 20\u00d720 - Gips"},"content":{"rendered":"<p><strong>Indhold:<\/strong><br \/>\n1x ANTCUBE - Arena 20x20x10x10 - flad<br \/>\n1x ramme til myrearena 20\u00d720<br \/>\n1x d\u00e6kning af myrearena 20\u00d720<br \/>\n4x fastg\u00f8relsespunkt til arenaafd\u00e6kning<br \/>\n1x ANTCUBE - Myrefarm - L - 20\u00d720 - opretst\u00e5ende<\/p>\n<p>1x ANTCUBE - gipsrede 20\u00d720 - opretst\u00e5ende<br \/>\n1x 0,5m slange gennemsigtig 20\/16 mm<br \/>\n1x ANTCUBE - R\u00f8d folie 20\u00d720 - filter<br \/>\n1x selvkl\u00e6bende clips - gennemsigtig 2 stk.<br \/>\n1x underlag - sand-ler hvid - 1000g<\/p>\n<p>2x Grid insert acrylic &#8211; 50 mm with sealing ring<br \/>\n1x Grid insert acrylic &#8211; 27 mm with sealing ring<br \/>\n1x Gitterh\u00e6tte - 16 mm - rustfrit st\u00e5l<\/p>\n<p>1x tank-slangekobling 27-14,16,20 mm - gennemsigtig<br \/>\n1x Beskyttelsesolie til beskyttelse mod myrer 10ml<br \/>\n1x Pincet af fjederst\u00e5l - bred - bl\u00f8d<br \/>\n1x Pincet i gennemsigtig plast<br \/>\n1x Plastpipette 3ml<br \/>\n1x h\u00e5ndlup - 2x - 30mm<br \/>\n1x skumt\u00f8rrer 150x18x2.5mm<\/p>\n<p>1x drinking clear 5ml &#8211; sponge<br \/>\n1x Feeding dish white rectangle &#8211; 3 compartments<br \/>\n1x Drinking trough 2ml &#8211; 360 Degrees<\/p>\n<p>1x Foil thermometer &#8211; farm<br \/>\n1x Foil thermometer display<\/p>\n<p><strong>Beskrivelse:<\/strong><br \/>\nDette starts\u00e6t i gips med pr\u00e6fabrikerede gange og kamre er velegnet til forskellige myrearter, is\u00e6r til arter, der bygger bo mellem eller under sten, og dem, der graver i jorden.<\/p>\n<p>The &#8220;ANTCUBE &#8211; plaster nest&#8221; can be inserted into the fully transparent farm. Alternatively, you can also use the &#8220;Soil &#8211; sand-clay white&#8221; to fill the farm or to close off some of the chambers of the gypsum nest. Additional modules can be connected via the 50 mm holes in the cover if required, e.g. the separately available foggers, fans or lights. Alternatively, suitable grid inserts and formicarium plugs to close the openings are included in the scope of delivery. If desired, the formicarium can also be operated open by simply placing the removable frame on top and applying the ant escape protection oil to the edge. The &#8220;Drinking trough 2ml &#8211; 360 degrees&#8221; is intended for honey\/sugar solution, the &#8220;Drinking trough clear 5ml &#8211; sponge&#8221; for water. The &#8220;Foil thermometer display&#8221; can be attached to the frame or the cover and displays the climate values.<\/p>\n<p><strong>Vigtigt:<\/strong> Fugt gerne substratet f\u00f8r brug, s\u00e5 blandingen kan binde sig og f\u00e5 godt fat i myreboet. Hvis substratet er for t\u00f8rt og st\u00f8vet, kan myrernes luftveje desuden blive blokeret, og i v\u00e6rste fald kan dyrene blive kvalt.<\/p>\n<p><strong>Anbefaling:<\/strong> Vi anbefaler et substratlag p\u00e5 2 mm i h\u00f8jden, s\u00e5 dyrene ikke kan grave sig ned i arenaen og i stedet bruge den g\u00e5rd, der er beregnet til dette form\u00e5l.<\/p>\n<p><strong>Bem\u00e6rk:<\/strong> Reden skal bruges i et t\u00f8rt eller let fugtigt formicarium. Hvis reden holdes permanent fugtig, kan materialet blive muggent.<\/p>\n<p><strong>Bem\u00e6rkninger om bedriften<\/strong><br \/>\nN\u00e5r du monterer eller fjerner slanger, skal du v\u00e6re opm\u00e6rksom p\u00e5 f\u00f8lgende:<br \/>\nHvis det er meget sv\u00e6rt at f\u00e5 slangen til at passe p\u00e5 tilslutningsmuffen, skal muffen gnides let med en dr\u00e5be af vores olie eller pulver til beskyttelse mod udbrud. Derefter skal slangen skubbes p\u00e5 muffen med drejende eller skruende bev\u00e6gelser uden at belaste muffen med op- og nedadg\u00e5ende bev\u00e6gelser. Det samme g\u00e6lder, n\u00e5r du fjerner slangerne fra g\u00e5rdtilslutningsstudsen. Du m\u00e5 ikke bare tr\u00e6kke den af!<\/p>\n<p><strong>Instruktioner:<\/strong> (Version 2023, den opdaterede version til 2024 vil v\u00e6re tilg\u00e6ngelig senest 04\/2024)<\/p>\n<p>- DE <a href=\"https:\/\/www.antstore.net\/shop\/images\/info\/de\/Gebrauchsanweisung%20Starter%20Set%20Gips.pdf\" data-cke-saved-href=\"https:\/\/www.antstore.net\/shop\/images\/info\/de\/Gebrauchsanweisung%20Starter%20Set%20Gips.pdf\">Gebrauchsanweisung Starter Set Gips<\/a> (PDF 2,66 MB)<\/p>\n<p>- DA <a href=\"https:\/\/www.antstore.net\/shop\/images\/info\/en\/Instructions%20for%20use%20-%20Starter%20Set%20Plaster.pdf\" data-cke-saved-href=\"https:\/\/www.antstore.net\/shop\/images\/info\/en\/Instructions%20for%20use%20-%20Starter%20Set%20Plaster.pdf\">Brugsanvisning - starts\u00e6t gips<\/a> (PDF 2,66 MB)<\/p>\n<p>- ES <a href=\"https:\/\/www.antstore.net\/shop\/images\/info\/es\/Manual%20de%20instrucciones%20-%20Set%20de%20inicio%20de%20yeso.pdf\" data-cke-saved-href=\"https:\/\/www.antstore.net\/shop\/images\/info\/es\/Manual%20de%20instrucciones%20-%20Set%20de%20inicio%20de%20yeso.pdf\">Manual de instrucciones - Set de inicio de yeso<\/a> (PDF 2,66 MB)<\/p>\n<p>- FR <a href=\"https:\/\/www.antstore.net\/shop\/images\/info\/fr\/Manuel%20d'instruction%20-%20Kit%20de%20d%C3%A9marrage%20pl%C3%A2tre.pdf\" data-cke-saved-href=\"https:\/\/www.antstore.net\/shop\/images\/info\/fr\/Manuel%20d'instruction%20-%20Kit%20de%20d%C3%A9marrage%20pl%C3%A2tre.pdf\">Manuel d'instruction - Kit de d\u00e9marrage pl\u00e2tre<\/a> (PDF 2,66 MB)<\/p>","protected":false},"excerpt":{"rendered":"<p>The set consists of 25 parts and is suitable for various ant species, especially those that nest between or under stones and dig in the ground.<br \/>\nSt\u00f8rrelse: <span style=\"color: #0000ff;\"><strong>L<\/strong><\/span><\/p>","protected":false},"featured_media":5447,"comment_status":"open","ping_status":"closed","template":"","meta":{"_acf_changed":false,"content-type":"","_monsterinsights_skip_tracking":false,"_monsterinsights_sitenote_active":false,"_monsterinsights_sitenote_note":"","_monsterinsights_sitenote_category":0},"product_brand":[],"product_cat":[73,77],"product_tag":[],"class_list":{"0":"post-2740","1":"product","2":"type-product","3":"status-publish","4":"has-post-thumbnail","6":"product_cat-starter-sets","7":"product_cat-starter-sets-gypsum","9":"first","10":"instock","11":"taxable","12":"shipping-taxable","13":"purchasable","14":"product-type-simple"},"acf":[],"aioseo_notices":[],"jetpack_sharing_enabled":true,"_links":{"self":[{"href":"https:\/\/antcube.shop\/da\/wp-json\/wp\/v2\/product\/2740","targetHints":{"allow":["GET"]}}],"collection":[{"href":"https:\/\/antcube.shop\/da\/wp-json\/wp\/v2\/product"}],"about":[{"href":"https:\/\/antcube.shop\/da\/wp-json\/wp\/v2\/types\/product"}],"replies":[{"embeddable":true,"href":"https:\/\/antcube.shop\/da\/wp-json\/wp\/v2\/comments?post=2740"}],"wp:featuredmedia":[{"embeddable":true,"href":"https:\/\/antcube.shop\/da\/wp-json\/wp\/v2\/media\/5447"}],"wp:attachment":[{"href":"https:\/\/antcube.shop\/da\/wp-json\/wp\/v2\/media?parent=2740"}],"wp:term":[{"taxonomy":"product_brand","embeddable":true,"href":"https:\/\/antcube.shop\/da\/wp-json\/wp\/v2\/product_brand?post=2740"},{"taxonomy":"product_cat","embeddable":true,"href":"https:\/\/antcube.shop\/da\/wp-json\/wp\/v2\/product_cat?post=2740"},{"taxonomy":"product_tag","embeddable":true,"href":"https:\/\/antcube.shop\/da\/wp-json\/wp\/v2\/product_tag?post=2740"}],"curies":[{"name":"wp","href":"https:\/\/api.w.org\/{rel}","templated":true}]}}