{"id":2739,"date":"2021-10-08T12:05:05","date_gmt":"2021-10-08T10:05:05","guid":{"rendered":"https:\/\/antcube.shop\/produkt\/antcube-starter-set-l-20x20-kork\/"},"modified":"2026-04-04T12:46:28","modified_gmt":"2026-04-04T10:46:28","slug":"antcube-starter-saet-l-20x20-kork","status":"publish","type":"product","link":"https:\/\/antcube.shop\/da\/vare\/antcube-starter-saet-l-20x20-kork\/","title":{"rendered":"ANTCUBE Starts\u00e6t L - 20\u00d720 - Kork"},"content":{"rendered":"<p><strong>Indhold:<\/strong><br \/>\n1x ANTCUBE - Arena 20x20x10x10 - flad<br \/>\n1x ramme til myretr\u00e6er 20\u00d720<br \/>\n1x d\u00e6kning af myrearena 20\u00d720<br \/>\n4x fastg\u00f8relsespunkt til arenaafd\u00e6kning<br \/>\n1x ANTCUBE - Myrefarm - L - 20\u00d720 - opretst\u00e5ende<\/p>\n<p>1x ANTCUBE - korkrede 20\u00d720 - opretst\u00e5ende<br \/>\n1x 0,5m slange gennemsigtig 20\/16 mm<br \/>\n1x ANTCUBE - R\u00f8d folie 20\u00d720 - filter<br \/>\n1x selvkl\u00e6bende clips - gennemsigtig 2 stk.<br \/>\n1x substrat - sand-ler beige - 1000g<\/p>\n<p>2x Grid insert acrylic &#8211; 50 mm with sealing ring<br \/>\n1x Grid insert acrylic &#8211; 27 mm with sealing ring<br \/>\n1x Gitterh\u00e6tte - 16 mm - rustfrit st\u00e5l<\/p>\n<p>1x tank-slangekobling 27-14,16,20 mm - gennemsigtig<br \/>\n1x Beskyttelsesolie til beskyttelse mod myrer 10ml<br \/>\n1x Pincet af fjederst\u00e5l - bred - bl\u00f8d<br \/>\n1x Pincet i gennemsigtig plast<br \/>\n1x Plastpipette 3ml<br \/>\n1x h\u00e5ndlup - 2x - 30mm<br \/>\n1x skumt\u00f8rrer 150x18x2.5mm<\/p>\n<p>1x drinking clear 5ml &#8211; sponge<br \/>\n1x Feeding dish white rectangle &#8211; 3 compartments<br \/>\n1x Drinking trough 2ml &#8211; 360 Degrees<\/p>\n<p>1x Foil thermometer &#8211; farm<br \/>\n1x Foil thermometer display<\/p>\n<p><strong>Beskrivelse:<\/strong><br \/>\nThis starter set made of cork, with pre-built tunnels and chambers, is suitable for various ant species, especially those that nest in dead wood.<\/p>\n<p>The &#8220;ANTCUBE &#8211; Cork Nest&#8221; can be inserted into the fully transparent farm. Alternatively, however, the &#8220;Sand-clay beige&#8221; substrate can also be used to fill the farm or to close off some of the chambers of the cork nest. Additional modules can be connected via the 50 mm holes in the cover if required, e.g. the separately available foggers, fans or lights. Alternatively, suitable grid inserts and formicarium plugs to close the openings are included in the scope of delivery. If desired, the formicarium can also be operated open by simply placing the removable frame on top and applying the ant escape protection oil to the edge. The &#8220;Drinking trough 2ml &#8211; 360 degrees&#8221; is intended for honey\/sugar solution, the &#8220;Drinking trough clear 5ml &#8211; sponge&#8221; for water. The &#8220;Foil thermometer display&#8221; can be attached to the frame or the cover and displays the climate values.<\/p>\n<p><strong>Vigtigt:<\/strong> Fugt gerne substratet f\u00f8r brug, s\u00e5 blandingen kan binde sig og f\u00e5 godt fat i myreboet. Hvis substratet er for t\u00f8rt og st\u00f8vet, kan myrernes luftveje desuden blive blokeret, og i v\u00e6rste fald kan dyrene blive kvalt.<\/p>\n<p><strong>Anbefaling:<\/strong> Vi anbefaler et substratlag p\u00e5 2 mm i h\u00f8jden, s\u00e5 dyrene ikke kan grave sig ned i arenaen og i stedet bruge den g\u00e5rd, der er beregnet til dette form\u00e5l.<\/p>\n<p><strong>Bem\u00e6rkninger om produktionen<\/strong><br \/>\nGlas sk\u00e6res i henhold til DIN 1249 med en tolerance p\u00e5 +\/- 1 mm. For ekstremt sm\u00e5 myrearter er det n\u00f8dvendigt med yderligere flugtsikring.<\/p>\n<p><strong>Bem\u00e6rkninger om bedriften<\/strong><br \/>\nReden b\u00f8r kun bruges i et t\u00f8rt formicarium. Hvis reden holdes konstant fugtig, kan materialet blive muggent.<\/p>\n<p><strong>N\u00e5r du monterer eller fjerner slanger, skal du v\u00e6re opm\u00e6rksom p\u00e5 f\u00f8lgende:<\/strong><br \/>\nHvis det er meget sv\u00e6rt at f\u00e5 slangen til at passe p\u00e5 tilslutningsmuffen, skal muffen gnides let med en dr\u00e5be af vores olie eller pulver til beskyttelse mod udbrud. Derefter skal slangen skubbes p\u00e5 muffen med drejende eller skruende bev\u00e6gelser uden at belaste muffen med op- og nedadg\u00e5ende bev\u00e6gelser. Det samme g\u00e6lder, n\u00e5r du fjerner slangerne fra g\u00e5rdtilslutningsstudsen. Du m\u00e5 ikke bare tr\u00e6kke den af!<\/p>\n<p><strong>Instruktioner:<\/strong><br \/>\n<a href=\"https:\/\/www.antstore.net\/shop\/images\/info\/en\/Instructions%20for%20use%20-%20Starter%20Set%20Cork.pdf\" data-cke-saved-href=\"https:\/\/www.antstore.net\/shop\/images\/info\/en\/Instructions%20for%20use%20-%20Starter%20Set%20Cork.pdf\">- DA Brugsanvisning - Starts\u00e6t Kork (PDF 3,79 MB)<\/a><br \/>\n<a href=\"https:\/\/www.antstore.net\/shop\/images\/info\/es\/Manual%20de%20instrucciones%20-%20Set%20de%20inicio%20de%20corcho.pdf\" data-cke-saved-href=\"https:\/\/www.antstore.net\/shop\/images\/info\/es\/Manual%20de%20instrucciones%20-%20Set%20de%20inicio%20de%20corcho.pdf\">- ES Manual de instrucciones - Set de inicio de corcho (PDF 3,79 MB)<\/a><br \/>\n<a href=\"https:\/\/www.antstore.net\/shop\/images\/info\/fr\/Manuel%20d'instruction%20-%20Kit%20de%20d%C3%A9marrage%20en%20li%C3%A8ge.pdf\" data-cke-saved-href=\"https:\/\/www.antstore.net\/shop\/images\/info\/fr\/Manuel%20d'instruction%20-%20Kit%20de%20d%C3%A9marrage%20en%20li%C3%A8ge.pdf\">- FR Manuel d'instruction - Kit de d\u00e9marrage en li\u00e8ge (PDF 3,79 MB)<\/a><\/p>","protected":false},"excerpt":{"rendered":"<p>The set consists of 25 parts and is suited for many ant species, especially those that nest in dead wood.<br \/>\nSt\u00f8rrelse: <span style=\"color: #0000ff;\"><strong>L<\/strong><\/span><\/p>","protected":false},"featured_media":5448,"comment_status":"open","ping_status":"closed","template":"","meta":{"_acf_changed":false,"content-type":"","_monsterinsights_skip_tracking":false,"_monsterinsights_sitenote_active":false,"_monsterinsights_sitenote_note":"","_monsterinsights_sitenote_category":0},"product_brand":[],"product_cat":[73,76],"product_tag":[],"class_list":{"0":"post-2739","1":"product","2":"type-product","3":"status-publish","4":"has-post-thumbnail","6":"product_cat-starter-sets","7":"product_cat-starter-sets-cork","9":"first","10":"instock","11":"taxable","12":"shipping-taxable","13":"purchasable","14":"product-type-simple"},"acf":[],"aioseo_notices":[],"jetpack_sharing_enabled":true,"_links":{"self":[{"href":"https:\/\/antcube.shop\/da\/wp-json\/wp\/v2\/product\/2739","targetHints":{"allow":["GET"]}}],"collection":[{"href":"https:\/\/antcube.shop\/da\/wp-json\/wp\/v2\/product"}],"about":[{"href":"https:\/\/antcube.shop\/da\/wp-json\/wp\/v2\/types\/product"}],"replies":[{"embeddable":true,"href":"https:\/\/antcube.shop\/da\/wp-json\/wp\/v2\/comments?post=2739"}],"wp:featuredmedia":[{"embeddable":true,"href":"https:\/\/antcube.shop\/da\/wp-json\/wp\/v2\/media\/5448"}],"wp:attachment":[{"href":"https:\/\/antcube.shop\/da\/wp-json\/wp\/v2\/media?parent=2739"}],"wp:term":[{"taxonomy":"product_brand","embeddable":true,"href":"https:\/\/antcube.shop\/da\/wp-json\/wp\/v2\/product_brand?post=2739"},{"taxonomy":"product_cat","embeddable":true,"href":"https:\/\/antcube.shop\/da\/wp-json\/wp\/v2\/product_cat?post=2739"},{"taxonomy":"product_tag","embeddable":true,"href":"https:\/\/antcube.shop\/da\/wp-json\/wp\/v2\/product_tag?post=2739"}],"curies":[{"name":"wp","href":"https:\/\/api.w.org\/{rel}","templated":true}]}}