{"id":2738,"date":"2021-10-08T12:04:55","date_gmt":"2021-10-08T10:04:55","guid":{"rendered":"https:\/\/antcube.shop\/produkt\/antcube-starter-set-fur-messor-spec\/"},"modified":"2026-04-01T09:56:02","modified_gmt":"2026-04-01T07:56:02","slug":"antcube-starter-set-fur-messor-spec","status":"publish","type":"product","link":"https:\/\/antcube.shop\/da\/vare\/antcube-starter-set-fur-messor-spec\/","title":{"rendered":"ANTCUBE Starts\u00e6t til Messor- eller Harvester-myrer"},"content":{"rendered":"<p><strong>Indhold:<\/strong><br \/>\n1x ANTCUBE - Arena 20x20x10x10 - flad<br \/>\n1x ramme til myrearena 20\u00d720<br \/>\n1x d\u00e6kning af myrearena 20\u00d720<br \/>\n4x fastg\u00f8relsespunkt til arenaafd\u00e6kning<br \/>\n2x ANTCUBE - Myrefarm - L - 20\u00d720 - opretst\u00e5ende<\/p>\n<p>2x ANTCUBE - Digfix-plade 20\u00d720 - M<br \/>\n1x 1m r\u00f8r gennemsigtig 14\/10 mm<br \/>\n2x ANTCUBE - R\u00f8d folie 20\u00d720 - filter<br \/>\n2x selvkl\u00e6bende klemmer - gennemsigtige 2 stk.<br \/>\n1x substrat - \u00f8rken - 1 kg<\/p>\n<p>1x fotobagv\u00e6g - \u00f8rken - 20\u00d710<\/p>\n<p>2x Grid insert acrylic &#8211; 50 mm with sealing ring<br \/>\n1x Grid insert acrylic &#8211; 27 mm with sealing ring<br \/>\n1x Grid cap &#8211; 10mm &#8211; stainless steel<\/p>\n<p>1x drinking clear 5ml &#8211; sponge<br \/>\n1x Feeding dish white rectangle &#8211; 3 compartments<\/p>\n<p>2x Foil thermometer &#8211; farm<br \/>\n1x Foil thermometer display<\/p>\n<p>1x tank-slangekobling 27-14,16,20 mm - gennemsigtig<br \/>\n1x Beskyttelsesolie til beskyttelse mod myrer 10ml<br \/>\n1x Pincet af fjederst\u00e5l - bred - bl\u00f8d<br \/>\n1x Pincet i gennemsigtig plast<br \/>\n1x Plastpipette 3ml<br \/>\n1x h\u00e5ndlup - 2x - 30mm<br \/>\n1x skumt\u00f8rrer 150x18x2.5mm<\/p>\n<p><strong>Beskrivelse:<\/strong><br \/>\nThis starter set is especially suitable for various species of the genus Messor or Pogonomyrmex.\u00a0One of these two farms is intended for storing grains\/seeds and ant bread. To prevent the grains\/seeds stored there from germinating or molding, it should remain completely dry.<\/p>\n<p>The &#8220;Digfix plates&#8221; can be inserted into the fully transparent farms. Alternatively, however, you can also use the &#8220;Soil &#8211; Desert&#8221; to fill the farms. If required, additional modules can be connected via the 50 mm holes in the cover, e.g. the separately available foggers, fans or lights. Alternatively, suitable grid inserts to close the openings are included in the scope of delivery. If desired, the formicarium can also be operated open by simply attaching the removable outbreak protection frame and applying the ant outbreak protection oil to the edge. The &#8220;Drinking trough clear 5 ml &#8211; sponge&#8221; is intended for water. The &#8220;Foil thermometer display&#8221; can be attached to the frame or cover and displays the climate values.<\/p>\n<p><strong>Vigtigt:<\/strong> Fugt gerne substratet f\u00f8r brug, s\u00e5 blandingen kan binde sig og f\u00e5 godt fat i myreboet. Hvis substratet er for t\u00f8rt og st\u00f8vet, kan myrernes luftveje desuden blive blokeret, og i v\u00e6rste fald kan dyrene blive kvalt.<\/p>\n<p><strong>Anbefaling:<\/strong> Vi anbefaler et substratlag med en h\u00f8jde p\u00e5 2 mm, s\u00e5 dyrene ikke kan grave sig ned i arenaen og i stedet bruger den dertil indrettede g\u00e5rd. Vi anbefaler ogs\u00e5, at redematerialet i farmen (sand\/ler, Digfix osv.) er let prikket et sted for at g\u00f8re det lettere for dyrene at grave.<\/p>\n<p><strong>Bem\u00e6rkninger om produktionen<\/strong><br \/>\nGlas sk\u00e6res i henhold til DIN 1249 med en tolerance p\u00e5 +\/- 1 mm. For ekstremt sm\u00e5 myrearter er det n\u00f8dvendigt med yderligere flugtsikring.<\/p>\n<p><strong>Bem\u00e6rkninger om bedriften<\/strong><br \/>\nN\u00e5r du monterer eller fjerner slanger, skal du v\u00e6re opm\u00e6rksom p\u00e5 f\u00f8lgende:<br \/>\nHvis det er meget sv\u00e6rt at f\u00e5 slangen til at passe p\u00e5 tilslutningsmuffen, skal muffen gnides let med en dr\u00e5be af vores olie eller pulver til beskyttelse mod udbrud. Derefter skal slangen skubbes p\u00e5 muffen med drejende eller skruende bev\u00e6gelser uden at belaste muffen med op- og nedadg\u00e5ende bev\u00e6gelser. Det samme g\u00e6lder, n\u00e5r du fjerner slangerne fra g\u00e5rdtilslutningsstudsen. Du m\u00e5 ikke bare tr\u00e6kke den af!<\/p>\n<p><strong>Bem\u00e6rkninger om Digfix:<\/strong> Den naturlige farve kan variere mellem gr\u00f8n\/gr\u00e5brun og jordbrun. Farvetonen har ingen indflydelse p\u00e5 kvaliteten.<\/p>\n<p><strong>Instruktioner:<\/strong>\u00a0(Version 2023, den opdaterede version til 2024 vil v\u00e6re tilg\u00e6ngelig senest 04\/2024)<\/p>\n<p><span style=\"font-weight: 400;\">- DE <\/span><a href=\"https:\/\/www.antstore.net\/shop\/images\/info\/de\/Gebrauchsanweisung%20Starter%20Set%20Ernteameisen.pdf\" data-cke-saved-href=\"https:\/\/www.antstore.net\/shop\/images\/info\/de\/Gebrauchsanweisung%20Starter%20Set%20Ernteameisen.pdf\"><span style=\"font-weight: 400;\">Gebrauchsanweisung Starter Set Ernteameisen<\/span><\/a><span style=\"font-weight: 400;\"> (PDF 2,50 MB)<\/span><\/p>\n<p><span style=\"font-weight: 400;\">- DA <\/span><a href=\"https:\/\/www.antstore.net\/shop\/images\/info\/en\/Instructions%20for%20use%20-%20Starter%20Set%20for%20Harvester%20Ants.pdf\" data-cke-saved-href=\"https:\/\/www.antstore.net\/shop\/images\/info\/en\/Instructions%20for%20use%20-%20Starter%20Set%20for%20Harvester%20Ants.pdf\"><span style=\"font-weight: 400;\">Brugsanvisning - Starts\u00e6t til h\u00f8stmyrer<\/span><\/a><span style=\"font-weight: 400;\"> (PDF 2,50 MB)<\/span><\/p>\n<p><span style=\"font-weight: 400;\">- ES <\/span><a href=\"https:\/\/www.antstore.net\/shop\/images\/info\/es\/Manual%20de%20instrucciones%20-%20Set%20de%20inicio%20para%20las%20hormigas%20de%20la%20cosecha%20_%20messor.pdf\" data-cke-saved-href=\"https:\/\/www.antstore.net\/shop\/images\/info\/es\/Manual%20de%20instrucciones%20-%20Set%20de%20inicio%20para%20las%20hormigas%20de%20la%20cosecha%20_%20messor.pdf\"><span style=\"font-weight: 400;\">Manual de instrucciones - Set de inicio para las hormigas de la cosecha _ messor<\/span><\/a><span style=\"font-weight: 400;\"> (PDF 2,50 MB)<\/span><\/p>\n<p><span style=\"font-weight: 400;\">- FR <\/span><a href=\"https:\/\/www.antstore.net\/shop\/images\/info\/fr\/Manuel%20d'instruction%20-%20Kit%20de%20d%C3%A9marrage%20pour%20les%20fourmis%20moissonneuses_%20Messor.pdf\" data-cke-saved-href=\"https:\/\/www.antstore.net\/shop\/images\/info\/fr\/Manuel%20d'instruction%20-%20Kit%20de%20d%C3%A9marrage%20pour%20les%20fourmis%20moissonneuses_%20Messor.pdf\"><span style=\"font-weight: 400;\">Manuel d'instruction - Kit de d\u00e9marrage pour les fourmis moissonneuses_ Messor<\/span><\/a><span style=\"font-weight: 400;\"> (PDF 2,50 MB)<\/span><\/p>","protected":false},"excerpt":{"rendered":"<p>The set consists of 30 parts and\u00a0is ideal for all grain-collecting ants species.<br \/>\nSt\u00f8rrelse: <span style=\"color: #00a859;\"><strong>M<\/strong><\/span><\/p>","protected":false},"featured_media":1101,"comment_status":"open","ping_status":"closed","template":"","meta":{"_acf_changed":false,"content-type":"","_monsterinsights_skip_tracking":false,"_monsterinsights_sitenote_active":false,"_monsterinsights_sitenote_note":"","_monsterinsights_sitenote_category":0},"product_brand":[],"product_cat":[353,73],"product_tag":[],"class_list":{"0":"post-2738","1":"product","2":"type-product","3":"status-publish","4":"has-post-thumbnail","6":"product_cat-starter-sets-for-harvester-ants","7":"product_cat-starter-sets","9":"first","10":"instock","11":"taxable","12":"shipping-taxable","13":"purchasable","14":"product-type-simple"},"acf":[],"aioseo_notices":[],"jetpack_sharing_enabled":true,"_links":{"self":[{"href":"https:\/\/antcube.shop\/da\/wp-json\/wp\/v2\/product\/2738","targetHints":{"allow":["GET"]}}],"collection":[{"href":"https:\/\/antcube.shop\/da\/wp-json\/wp\/v2\/product"}],"about":[{"href":"https:\/\/antcube.shop\/da\/wp-json\/wp\/v2\/types\/product"}],"replies":[{"embeddable":true,"href":"https:\/\/antcube.shop\/da\/wp-json\/wp\/v2\/comments?post=2738"}],"wp:featuredmedia":[{"embeddable":true,"href":"https:\/\/antcube.shop\/da\/wp-json\/wp\/v2\/media\/1101"}],"wp:attachment":[{"href":"https:\/\/antcube.shop\/da\/wp-json\/wp\/v2\/media?parent=2738"}],"wp:term":[{"taxonomy":"product_brand","embeddable":true,"href":"https:\/\/antcube.shop\/da\/wp-json\/wp\/v2\/product_brand?post=2738"},{"taxonomy":"product_cat","embeddable":true,"href":"https:\/\/antcube.shop\/da\/wp-json\/wp\/v2\/product_cat?post=2738"},{"taxonomy":"product_tag","embeddable":true,"href":"https:\/\/antcube.shop\/da\/wp-json\/wp\/v2\/product_tag?post=2738"}],"curies":[{"name":"wp","href":"https:\/\/api.w.org\/{rel}","templated":true}]}}