{"id":2737,"date":"2021-10-08T12:04:45","date_gmt":"2021-10-08T10:04:45","guid":{"rendered":"https:\/\/antcube.shop\/produkt\/antcube-starter-set-fur-blattschneiderarten-gros\/"},"modified":"2026-04-15T12:56:37","modified_gmt":"2026-04-15T10:56:37","slug":"antcube-starter-set-fur-blattschneiderarten-gros","status":"publish","type":"product","link":"https:\/\/antcube.shop\/da\/vare\/antcube-starter-set-fur-blattschneiderarten-gros\/","title":{"rendered":"ANTCUBE - Starts\u00e6t til bladsk\u00e6rermyrer - Stor"},"content":{"rendered":"<p><span data-text-color=\"alert\"><strong>Forsendelse kun mulig via spedition p\u00e5 palet.<\/strong><\/span><\/p>\n<p><strong>Inkluderer:<\/strong><\/p>\n<p>1x ANTCUBE Arena 30x30x60 med skyded\u00f8r<br \/>\n1x ramme til skyded\u00f8r<br \/>\n2x ANTCUBE Arena 30x30x30x30cm<br \/>\n3x ramme til myrearena 30x30cm<br \/>\n3x myre arena cover 30x30cm<br \/>\n12x fastg\u00f8relsespunkter til arenaoverd\u00e6kning<\/p>\n<p>1x myrer\u00f8r - krystalklar 50 mm - 1 m (halveret)<br \/>\n1x substrat - regnskov - 1 kg<br \/>\n1x Formicarium granulat 200 ml - beige<br \/>\n3x Formicarium-base 30\u00d730<\/p>\n<p>3x Formicarium plug for 50mm hole<br \/>\n10x Grid insert acrylic &#8211; 50 mm with sealing ring<br \/>\n4x tanktilslutning 1 1\/2\u2033 til 50mm - krystalklar<br \/>\n4x Formicarium-m\u00f8trik 1 1\/2 tomme - krystalklar<\/p>\n<p>1x Foil thermometer Display<br \/>\n1x drinking clear 5ml &#8211; sponge<br \/>\n1x pincet fjederst\u00e5l - bred - bl\u00f8d<br \/>\n1x Formicarium-pincet - plastik<br \/>\n1x h\u00e5ndlup - 2x - 30mm<br \/>\n1x myreflugt beskyttelsesolie 10ml<br \/>\n1x skumt\u00f8rrer 150x18x2,5mm<br \/>\nSprayflaske spr\u00f8jte 0,5 liter - messingdyse<br \/>\n1x Rosenblade 100 g - t\u00f8rrede<br \/>\n2x foto bagv\u00e6g - regnskov - 30\u00d730<br \/>\n1x fotobagv\u00e6g - regnskov - 30\u00d760 - h\u00f8j<\/p>\n<p><strong>Beskrivelse:<\/strong><br \/>\nThis expandable starter set for all leafcutter ant species contains, in addition to the optimally adapted formicarium, the appropriate accessories for keeping these ants. The voluminous basins allow easy handling for feeding and cleaning. The large holes (50 mm) and tubes not only make it easy to observe the ants, they also allow the animals to remove large pieces of leaf. The stainless steel mesh inserts ensure good ventilation and are robust against mechanical impact. Even large colonies of leaf-cutter ants, which are very fond of cutting, are unable to penetrate them. The sturdy screw sockets are also absolutely bite-proof.. If necessary, the humidity can be increased using the spray bottle.<\/p>\n<p><strong>Vigtigt:<\/strong> Fugt gerne substratet f\u00f8r brug, s\u00e5 blandingen kan binde sig og f\u00e5 godt fat i myreboet. Hvis substratet er for t\u00f8rt og st\u00f8vet, kan myrernes luftveje desuden blive blokeret, og i v\u00e6rste fald kan dyrene blive kvalt.<\/p>\n<p><strong>Bem\u00e6rkninger om produktionen<\/strong><br \/>\nGlasset er sk\u00e5ret til i overensstemmelse med DIN 1249 med en tolerance p\u00e5 +\/- 1 mm. Ekstra flugtbeskyttelse er afg\u00f8rende for ekstremt sm\u00e5 myrearter.<\/p>\n<p><strong>Beskrivelse af skyded\u00f8rsarena: <\/strong>Vores ANTCUBE arena 30x30x60 med skyded\u00f8r er udviklet til at kunne arbejde komfortabelt selv i fulde formicarier. De er s\u00e6rligt nyttige som formicarium til v\u00e6vermyrer (Polyrhachis og Oecophylla), da de gerne bygger opad og har brug for en v\u00e6rtsplante. Nogle gange kan det v\u00e6re sv\u00e6rt at fjerne affald fra dyrene, f.eks. i bunden af formicariet. Det er ikke noget problem med denne specialtilpassede tank. Skyded\u00f8ren er ogs\u00e5 meget praktisk til fodringsbassiner til Acromyrmex- eller Atta-bladsk\u00e6rermyrer, da planterester og andet affald nemt kan bortskaffes. Du kan ogs\u00e5 bruge skyded\u00f8rsrammen (varenr. 1005648) til at forhindre dyrene i at flygte, mens du arbejder.<\/p>","protected":false},"excerpt":{"rendered":"<p>The set consists of 47 parts and is suitable for all leaf cutter ant species.<br \/>\nSt\u00f8rrelse: <span style=\"color: #ed1c24;\"><strong>XL<\/strong><\/span><\/p>","protected":false},"featured_media":7665,"comment_status":"open","ping_status":"closed","template":"","meta":{"_acf_changed":false,"content-type":"","_monsterinsights_skip_tracking":false,"_monsterinsights_sitenote_active":false,"_monsterinsights_sitenote_note":"","_monsterinsights_sitenote_category":0},"product_brand":[484],"product_cat":[73,79],"product_tag":[],"class_list":{"0":"post-2737","1":"product","2":"type-product","3":"status-publish","4":"has-post-thumbnail","6":"product_brand-antcube","7":"product_cat-starter-sets","8":"product_cat-starter-sets-for-leafcutter-ants","9":"product_shipping_class-forwarding-on-pallet","11":"first","12":"instock","13":"taxable","14":"shipping-taxable","15":"purchasable","16":"product-type-simple"},"acf":[],"aioseo_notices":[],"jetpack_sharing_enabled":true,"_links":{"self":[{"href":"https:\/\/antcube.shop\/da\/wp-json\/wp\/v2\/product\/2737","targetHints":{"allow":["GET"]}}],"collection":[{"href":"https:\/\/antcube.shop\/da\/wp-json\/wp\/v2\/product"}],"about":[{"href":"https:\/\/antcube.shop\/da\/wp-json\/wp\/v2\/types\/product"}],"replies":[{"embeddable":true,"href":"https:\/\/antcube.shop\/da\/wp-json\/wp\/v2\/comments?post=2737"}],"wp:featuredmedia":[{"embeddable":true,"href":"https:\/\/antcube.shop\/da\/wp-json\/wp\/v2\/media\/7665"}],"wp:attachment":[{"href":"https:\/\/antcube.shop\/da\/wp-json\/wp\/v2\/media?parent=2737"}],"wp:term":[{"taxonomy":"product_brand","embeddable":true,"href":"https:\/\/antcube.shop\/da\/wp-json\/wp\/v2\/product_brand?post=2737"},{"taxonomy":"product_cat","embeddable":true,"href":"https:\/\/antcube.shop\/da\/wp-json\/wp\/v2\/product_cat?post=2737"},{"taxonomy":"product_tag","embeddable":true,"href":"https:\/\/antcube.shop\/da\/wp-json\/wp\/v2\/product_tag?post=2737"}],"curies":[{"name":"wp","href":"https:\/\/api.w.org\/{rel}","templated":true}]}}