{"id":2728,"date":"2021-10-08T12:02:35","date_gmt":"2021-10-08T10:02:35","guid":{"rendered":"https:\/\/antcube.shop\/produkt\/antcube-starter-set-fur-blattschneiderarten-klein\/"},"modified":"2026-04-13T09:33:20","modified_gmt":"2026-04-13T07:33:20","slug":"antcube-starter-set-fur-blattschneiderarten-klein","status":"publish","type":"product","link":"https:\/\/antcube.shop\/da\/vare\/antcube-starter-set-fur-blattschneiderarten-klein\/","title":{"rendered":"ANTCUBE - Starts\u00e6t til bladsk\u00e6rermyrer - lille"},"content":{"rendered":"<p><span data-text-color=\"alert\"><strong>NYT fra 04\/2024:<\/strong><\/span><br \/>\n<strong>Foderbassinet leveres nu som en arena, der er 20x20x40 cm h\u00f8j. Det giver mere plads til foder.<\/strong><br \/>\n<strong>Vi har udskiftet de gamle stik med helt gennemsigtige nye stik, inklusive helt gennemsigtige m\u00f8trikker.<\/strong><br \/>\n<strong>Vi har ogs\u00e5 tilf\u00f8jet formicarium-puder til alle bassiner (beskyttelse af m\u00f8bler og bassiner og mod vibrationer).<\/strong><\/p>\n<p>&nbsp;<\/p>\n<p><strong>Inkluderer:<\/strong><\/p>\n<p>2x ANTCUBE Arena 20x20x20cm<br \/>\n1x ANTCUBE Arena 20x20x40cm h\u00f8j<br \/>\n3x ramme til myrearena 20x20cm<br \/>\n3x d\u00e6kning af myre arena 20x20cm<br \/>\n12x fastg\u00f8relsespunkter til arenaoverd\u00e6kning<\/p>\n<p>1x myrer\u00f8r - krystalklar 32 mm - 1 m (halveret)<br \/>\n1x substrat - regnskov - 1 kg<br \/>\n1x Formicarium granulat 200 ml - beige<br \/>\n3x formicarium base 20\u00d720<\/p>\n<p>2x formicariumpropper til 50 mm hul<br \/>\n5x Grid insert acrylic &#8211; 50 mm with sealing ring<br \/>\n2x Grid insert acrylic &#8211; 27 mm with sealing ring<br \/>\n4x tanktilslutning 3\/4\u2033 til 32mm - krystalklar<br \/>\n4x Formicarium-m\u00f8trik 3\/4 tomme - krystalklar<\/p>\n<p>1x Foil thermometer Display<br \/>\n1x drinking clear 5ml &#8211; sponge<br \/>\n1x Pincet af fjederst\u00e5l - bred - bl\u00f8d<br \/>\n1x Formicarium-pincet - plastik<br \/>\n1x h\u00e5ndlup - 2x - 30mm<br \/>\n1x olie til beskyttelse mod myreudbrud 10 ml<br \/>\n1x skumt\u00f8rrer 150x18x2,5mm<br \/>\nSprayflaske spr\u00f8jte 0,5 liter - messingdyse<br \/>\n1x Rosenblade 100 g - t\u00f8rrede<br \/>\n2x fotobagv\u00e6g - regnskov - 20\u00d720<br \/>\n1x fotobagv\u00e6g - regnskov - 20\u00d740 h\u00f8j<\/p>\n<p><strong>Beskrivelse:<\/strong><br \/>\nThis expandable starter set for all leafcutter ant species contains, in addition to the optimally adapted formicarium, the appropriate accessories for keeping these ants. The basins are easy to use for feeding and cleaning. The large holes (27 mm) and tubes not only make it easy to observe the ants, they also allow the animals to remove large pieces of leaf. The stainless steel mesh inserts ensure good ventilation and are robust against mechanical impact. Even large colonies of leaf-cutter ants, which are very fond of cutting, are unable to penetrate them. The sturdy tube connectors are also absolutely bite-proof. The humidity can be increased using the spray bottle.<\/p>\n<p><strong>Vigtigt:<\/strong> Fugt gerne substratet f\u00f8r brug, s\u00e5 blandingen kan binde sig og f\u00e5 godt fat i myreboet. Hvis substratet er for t\u00f8rt og st\u00f8vet, kan myrernes luftveje desuden blive blokeret, og i v\u00e6rste fald kan dyrene blive kvalt.<\/p>\n<p><strong>Bem\u00e6rkninger om produktionen<\/strong><br \/>\nGlasset er sk\u00e5ret til i overensstemmelse med DIN 1249 med en tolerance p\u00e5 +\/- 1 mm. Ekstra flugtbeskyttelse er afg\u00f8rende for ekstremt sm\u00e5 myrearter.<\/p>","protected":false},"excerpt":{"rendered":"<p>S\u00e6ttet best\u00e5r af 43 dele<br \/>\nSt\u00f8rrelse: <span style=\"color: #ed1c24;\"><strong>XL<\/strong><\/span><\/p>","protected":false},"featured_media":7666,"comment_status":"open","ping_status":"closed","template":"","meta":{"_acf_changed":false,"content-type":"","_monsterinsights_skip_tracking":false,"_monsterinsights_sitenote_active":false,"_monsterinsights_sitenote_note":"","_monsterinsights_sitenote_category":0},"product_brand":[],"product_cat":[73,79],"product_tag":[],"class_list":{"0":"post-2728","1":"product","2":"type-product","3":"status-publish","4":"has-post-thumbnail","6":"product_cat-starter-sets","7":"product_cat-starter-sets-for-leafcutter-ants","9":"first","10":"outofstock","11":"taxable","12":"shipping-taxable","13":"purchasable","14":"product-type-simple"},"acf":[],"aioseo_notices":[],"jetpack_sharing_enabled":true,"_links":{"self":[{"href":"https:\/\/antcube.shop\/da\/wp-json\/wp\/v2\/product\/2728","targetHints":{"allow":["GET"]}}],"collection":[{"href":"https:\/\/antcube.shop\/da\/wp-json\/wp\/v2\/product"}],"about":[{"href":"https:\/\/antcube.shop\/da\/wp-json\/wp\/v2\/types\/product"}],"replies":[{"embeddable":true,"href":"https:\/\/antcube.shop\/da\/wp-json\/wp\/v2\/comments?post=2728"}],"wp:featuredmedia":[{"embeddable":true,"href":"https:\/\/antcube.shop\/da\/wp-json\/wp\/v2\/media\/7666"}],"wp:attachment":[{"href":"https:\/\/antcube.shop\/da\/wp-json\/wp\/v2\/media?parent=2728"}],"wp:term":[{"taxonomy":"product_brand","embeddable":true,"href":"https:\/\/antcube.shop\/da\/wp-json\/wp\/v2\/product_brand?post=2728"},{"taxonomy":"product_cat","embeddable":true,"href":"https:\/\/antcube.shop\/da\/wp-json\/wp\/v2\/product_cat?post=2728"},{"taxonomy":"product_tag","embeddable":true,"href":"https:\/\/antcube.shop\/da\/wp-json\/wp\/v2\/product_tag?post=2728"}],"curies":[{"name":"wp","href":"https:\/\/api.w.org\/{rel}","templated":true}]}}