{"id":2727,"date":"2021-10-08T12:02:25","date_gmt":"2021-10-08T10:02:25","guid":{"rendered":"https:\/\/antcube.shop\/produkt\/antcube-starter-set-fur-weberameisen\/"},"modified":"2026-04-09T14:37:31","modified_gmt":"2026-04-09T12:37:31","slug":"antcube-starter-set-fur-weberameisen","status":"publish","type":"product","link":"https:\/\/antcube.shop\/da\/vare\/antcube-starter-set-fur-weberameisen\/","title":{"rendered":"ANTCUBE - starts\u00e6t til v\u00e6vermyrer - lille"},"content":{"rendered":"<p><strong>Indhold:<\/strong><br \/>\n1x ANTCUBE - Arena 20x20x40 - h\u00f8j<br \/>\n1x ramme til myretr\u00e6er 20\u00d720<br \/>\n1x d\u00e6kning af myrearena 20\u00d720<br \/>\n4x fastg\u00f8relsespunkt til arenaafd\u00e6kning<\/p>\n<p>1x fotobagv\u00e6g - regnskov - 20\u00d740 - h\u00f8j<br \/>\nSprayflaske spr\u00f8jte 0,5 liter - messingdyse<\/p>\n<p>1x substrat - regnskov - 1 kg<br \/>\n2x Grid insert acrylic &#8211; 50 mm with sealing ring<br \/>\n2x Grid insert acrylic &#8211; 27 mm with sealing ring<\/p>\n<p>1x drinking clear 5ml &#8211; sponge<br \/>\n1x Feeding dish white rectangle &#8211; 3 compartments<br \/>\n1x Drinking trough 2ml &#8211; 360 Degrees<\/p>\n<p>1x Foil thermometer display<br \/>\n1x Pad for Formicarium 20&#215;20<br \/>\n1x Pincet i fjederst\u00e5l - bred og bl\u00f8d<br \/>\n1x Plastic pincet standard<br \/>\n1x Olie til beskyttelse mod myreudbrud 10 ml<br \/>\n1x H\u00e5ndlup - 2x - 30mm<br \/>\n1x skumt\u00f8rrer 150x18x2.5mm<\/p>\n<p><strong>Beskrivelse:<\/strong><br \/>\nThis expandable starter set for various weaver ant species such as Polyrhachis spec. or Oecophylla spec. includes not only the optimally adapted formicarium but also the appropriate accessories for keeping this ant species. Suitable for colonies of up to approx. 500 animals. For larger colonies we recommend a 30x30x60cm formicarium. The &#8220;Drinking trough 2ml &#8211; 360 degrees&#8221; is intended for honey\/sugar solution, the &#8220;Drinking trough clear 5ml &#8211; sponge&#8221; for water. The &#8220;Foil thermometer display&#8221; can be attached to the frame or the cover and displays the climate values.<\/p>\n<p><strong>Vigtigt:<\/strong> Fugt gerne substratet f\u00f8r brug, s\u00e5 blandingen kan binde sig og f\u00e5 godt fat i myreboet. Hvis substratet er for t\u00f8rt og st\u00f8vet, kan myrernes luftveje blive blokeret, og i v\u00e6rste fald kan dyrene blive kvalt.<\/p>\n<p><strong>Bem\u00e6rkninger om produktionen<\/strong><br \/>\nGlasset er sk\u00e5ret til i overensstemmelse med DIN 1249 med en tolerance p\u00e5 +\/- 1 mm. Ekstra flugtbeskyttelse er afg\u00f8rende for ekstremt sm\u00e5 myrearter.<\/p>","protected":false},"excerpt":{"rendered":"<p>The set consists of 20 parts.<br \/>\nSt\u00f8rrelse: <span style=\"color: #ed1c24;\"><strong>XL<\/strong><\/span><\/p>","protected":false},"featured_media":1282,"comment_status":"open","ping_status":"closed","template":"","meta":{"_acf_changed":false,"content-type":"","_monsterinsights_skip_tracking":false,"_monsterinsights_sitenote_active":false,"_monsterinsights_sitenote_note":"","_monsterinsights_sitenote_category":0},"product_brand":[],"product_cat":[354,73],"product_tag":[],"class_list":{"0":"post-2727","1":"product","2":"type-product","3":"status-publish","4":"has-post-thumbnail","6":"product_cat-starter-sets-for-weaver-ants","7":"product_cat-starter-sets","9":"first","10":"instock","11":"taxable","12":"shipping-taxable","13":"purchasable","14":"product-type-simple"},"acf":[],"aioseo_notices":[],"jetpack_sharing_enabled":true,"_links":{"self":[{"href":"https:\/\/antcube.shop\/da\/wp-json\/wp\/v2\/product\/2727","targetHints":{"allow":["GET"]}}],"collection":[{"href":"https:\/\/antcube.shop\/da\/wp-json\/wp\/v2\/product"}],"about":[{"href":"https:\/\/antcube.shop\/da\/wp-json\/wp\/v2\/types\/product"}],"replies":[{"embeddable":true,"href":"https:\/\/antcube.shop\/da\/wp-json\/wp\/v2\/comments?post=2727"}],"wp:featuredmedia":[{"embeddable":true,"href":"https:\/\/antcube.shop\/da\/wp-json\/wp\/v2\/media\/1282"}],"wp:attachment":[{"href":"https:\/\/antcube.shop\/da\/wp-json\/wp\/v2\/media?parent=2727"}],"wp:term":[{"taxonomy":"product_brand","embeddable":true,"href":"https:\/\/antcube.shop\/da\/wp-json\/wp\/v2\/product_brand?post=2727"},{"taxonomy":"product_cat","embeddable":true,"href":"https:\/\/antcube.shop\/da\/wp-json\/wp\/v2\/product_cat?post=2727"},{"taxonomy":"product_tag","embeddable":true,"href":"https:\/\/antcube.shop\/da\/wp-json\/wp\/v2\/product_tag?post=2727"}],"curies":[{"name":"wp","href":"https:\/\/api.w.org\/{rel}","templated":true}]}}