{"id":2672,"date":"2021-10-04T15:33:44","date_gmt":"2021-10-04T13:33:44","guid":{"rendered":"https:\/\/antcube.shop\/produkt\/antcube-starter-set-m-20x20-combi\/"},"modified":"2026-04-04T18:58:17","modified_gmt":"2026-04-04T16:58:17","slug":"antcube-starter-saet-m-20x20-combi","status":"publish","type":"product","link":"https:\/\/antcube.shop\/da\/vare\/antcube-starter-saet-m-20x20-combi\/","title":{"rendered":"ANTCUBE Starts\u00e6t M - 20\u00d720 - Combi"},"content":{"rendered":"<p>Indhold:<br \/>\n1x ANTCUBE - Arena 20x20x20x20 - Combi M<br \/>\n1x d\u00e6kning af myrearena 20\u00d720<br \/>\n4x fastg\u00f8relsespunkt til arenaafd\u00e6kning<br \/>\n2x Formicarium plugs til 27mm hul<br \/>\n2x Formicarium plug til 50mm hul<br \/>\n1x substrat - sand-lam beige - 1000g<br \/>\n1x drikkedunk 2ml - 360 grader<br \/>\n1x dish clear 1&#215;20 &#8211; sponge<br \/>\n1x h\u00e5ndlup - 2x - 30mm<br \/>\n1x pincet plastik gennemsigtig<br \/>\n1x plastpipette 3ml<br \/>\n1x Ant escape olie 10ml<br \/>\n1x skumt\u00f8rrer 150x18x2,5mm<\/p>\n<p><strong>Beskrivelse:<\/strong><br \/>\nDette starts\u00e6t - Combi er velegnet til de fleste arter af myrer, der yngler i jorden.<br \/>\nS\u00e6ttet er meget kompakt, og det medf\u00f8lgende tilbeh\u00f8r er begr\u00e6nset til det vigtigste.<br \/>\nDerfor er det et billigt s\u00e6t lavet af materialer af h\u00f8j kvalitet, som er ideelt for begyndere inden for myrehold.<br \/>\nDet medf\u00f8lgende substrat sand - ler beige er godt accepteret af de fleste arter af gravende myrearter.<\/p>\n<p>Der kan eventuelt placeres andre jordsubstrater eller redeindsatser i arenaens redeomr\u00e5de.<br \/>\nUnder forslagene (se nedenfor) finder du yderligere nyttigt tilbeh\u00f8r.<\/p>\n<p><strong>Anbefaling:<\/strong> Vi anbefaler et substratlag med en h\u00f8jde p\u00e5 2 mm, s\u00e5 dyrene ikke kan grave sig ned i arenaen og i stedet bruger den dertil indrettede g\u00e5rd. Vi anbefaler ogs\u00e5, at redematerialet i farmen (sand\/ler, Digfix osv.) er let prikket et sted for at g\u00f8re det lettere for dyrene at grave.<\/p>\n<p><strong>Vigtigt:<\/strong> Fugt substratet f\u00f8r brug, s\u00e5 blandingen kan binde sig og f\u00e5 et fast greb i myretuen. Desuden kan et for t\u00f8rt og st\u00f8vet substrat medf\u00f8re, at myrernes luftveje blokeres, og i v\u00e6rste fald kan dyrene blive kvalt.<\/p>\n<p><strong>Bem\u00e6rk:<\/strong><br \/>\nN\u00e5r du bruger vores redeindsatser, skal du v\u00e6re opm\u00e6rksom p\u00e5, at de er 8 mm smallere, da de oprindeligt blev designet til at passe til vores smallere myretuer samt arenaindsatser! Her skulle rummet mellemrummene fyldes med fyldmateriale som f.eks. gips eller ler.<\/p>\n<p><strong>Bem\u00e6rkninger om produktionen<\/strong><br \/>\nGlas sk\u00e6res i henhold til DIN 1249 med en tolerance p\u00e5 +\/- 1 mm. For ekstremt sm\u00e5 myrearter er det n\u00f8dvendigt med yderligere flugtsikring.<\/p>\n<p><strong>Instruktioner:<\/strong><br \/>\n- DE Anleitung Starter Set Combi (PDF 7,98 MB)<br \/>\n- DA Brugsanvisning - Starts\u00e6t Combi (PDF 7,94 MB)<br \/>\n- ES Manual de instrucciones - Set de inicio Combi (PDF 7,94 MB)<br \/>\n- FR Manuel d'instruction - Kit de d\u00e9marrage Combi (PDF 7,95 MB)<\/p>","protected":false},"excerpt":{"rendered":"<p>S\u00e6ttet best\u00e5r af 18 dele og er velegnet til alle myrearter.<br \/>\nSt\u00f8rrelse: <strong>M<\/strong><\/p>","protected":false},"featured_media":5445,"comment_status":"open","ping_status":"closed","template":"","meta":{"_acf_changed":false,"content-type":"","_monsterinsights_skip_tracking":false,"_monsterinsights_sitenote_active":false,"_monsterinsights_sitenote_note":"","_monsterinsights_sitenote_category":0},"product_brand":[],"product_cat":[73,78],"product_tag":[],"class_list":{"0":"post-2672","1":"product","2":"type-product","3":"status-publish","4":"has-post-thumbnail","6":"product_cat-starter-sets","7":"product_cat-starter-sets-combi","9":"first","10":"instock","11":"taxable","12":"shipping-taxable","13":"purchasable","14":"product-type-simple"},"acf":[],"aioseo_notices":[],"jetpack_sharing_enabled":true,"_links":{"self":[{"href":"https:\/\/antcube.shop\/da\/wp-json\/wp\/v2\/product\/2672","targetHints":{"allow":["GET"]}}],"collection":[{"href":"https:\/\/antcube.shop\/da\/wp-json\/wp\/v2\/product"}],"about":[{"href":"https:\/\/antcube.shop\/da\/wp-json\/wp\/v2\/types\/product"}],"replies":[{"embeddable":true,"href":"https:\/\/antcube.shop\/da\/wp-json\/wp\/v2\/comments?post=2672"}],"wp:featuredmedia":[{"embeddable":true,"href":"https:\/\/antcube.shop\/da\/wp-json\/wp\/v2\/media\/5445"}],"wp:attachment":[{"href":"https:\/\/antcube.shop\/da\/wp-json\/wp\/v2\/media?parent=2672"}],"wp:term":[{"taxonomy":"product_brand","embeddable":true,"href":"https:\/\/antcube.shop\/da\/wp-json\/wp\/v2\/product_brand?post=2672"},{"taxonomy":"product_cat","embeddable":true,"href":"https:\/\/antcube.shop\/da\/wp-json\/wp\/v2\/product_cat?post=2672"},{"taxonomy":"product_tag","embeddable":true,"href":"https:\/\/antcube.shop\/da\/wp-json\/wp\/v2\/product_tag?post=2672"}],"curies":[{"name":"wp","href":"https:\/\/api.w.org\/{rel}","templated":true}]}}